{"id":15394,"date":"2024-12-23T12:54:06","date_gmt":"2024-12-23T12:54:06","guid":{"rendered":"https:\/\/pararepublique.com\/?post_type=product&#038;p=15394"},"modified":"2024-12-23T12:54:06","modified_gmt":"2024-12-23T12:54:06","slug":"parfum-hugo-boss-orange-sunset-50ml","status":"publish","type":"product","link":"https:\/\/pararepublique.com\/index.php\/product\/parfum-hugo-boss-orange-sunset-50ml\/","title":{"rendered":"PARFUM HUGO BOSS ORANGE SUNSET 50ML"},"content":{"rendered":"<p>Bienvenue dans l&rsquo;ambiance du coucher de soleil avec Boss Orange Sunset Eau de Toilette pour femmes de Hugo Boss. Ce parfum f\u00e9minin d\u00e9licat et sensuel est le compagnon id\u00e9al d&rsquo;un d\u00eener romantique, d&rsquo;une nuit en ville ou tout simplement pour se faire plaisir. Ce parfum f\u00e9minin est cr\u00e9\u00e9 par une combinaison de notes sucr\u00e9es, florales et bois\u00e9es. La note de t\u00eate est un parfum sucr\u00e9 de prune, soulign\u00e9 par des ar\u00f4mes de framboise et de cassis. La note de c\u0153ur r\u00e9v\u00e8le un bouquet floral et frais de rose, de freesia et de violette. Le parfum f\u00e9minin est compl\u00e9t\u00e9 par la note de fond, compos\u00e9e de notes chaudes de bois de santal et de musc. Cette eau de toilette est disponible dans une \u00e9l\u00e9gante bouteille ronde qui d\u00e9gage une atmosph\u00e8re ensoleill\u00e9e. La bouteille poss\u00e8de un couvercle ludique de couleur rose et est orn\u00e9e d&rsquo;un joli logo dor\u00e9. Ce parfum f\u00e9minin est un v\u00e9ritable r\u00eave et vous donnera un sentiment de libert\u00e9 et de joie de vivre. Avec cette eau de toilette, vivez une toute nouvelle sensation de chaleur et de soleil. Avec l&rsquo;Eau de Toilette Boss Orange Sunset pour femmes de Hugo Boss, d\u00e9couvrez une nouvelle facette de la s\u00e9duction sensuelle et plongez dans une atmosph\u00e8re romantique. Profitez de chaque instant plein de passion et de chaleur et laissez-vous envo\u00fbter par ce magnifique parfum f\u00e9minin.<\/p>\n","protected":false},"excerpt":{"rendered":"<p>Bienvenue dans l&rsquo;ambiance du coucher de soleil avec Boss Orange Sunset Eau de Toilette pour femmes de Hugo Boss. Ce parfum f\u00e9minin d\u00e9licat et sensuel est le compagnon id\u00e9al d&rsquo;un d\u00eener romantique, d&rsquo;une nuit en ville ou tout simplement pour se faire plaisir.<\/p>\n","protected":false},"featured_media":15395,"comment_status":"open","ping_status":"closed","template":"","meta":{"inline_featured_image":false,"_monsterinsights_skip_tracking":false,"_monsterinsights_sitenote_active":false,"_monsterinsights_sitenote_note":"","_monsterinsights_sitenote_category":0,"_joinchat":[]},"product_cat":[106],"product_tag":[],"class_list":{"0":"post-15394","1":"product","2":"type-product","3":"status-publish","4":"has-post-thumbnail","6":"product_cat-parfumerie","8":"first","9":"instock","10":"shipping-taxable","11":"purchasable","12":"product-type-simple","13":"add-to-wishlist-after_add_to_cart"},"aioseo_notices":[],"_links":{"self":[{"href":"https:\/\/pararepublique.com\/index.php\/wp-json\/wp\/v2\/product\/15394","targetHints":{"allow":["GET"]}}],"collection":[{"href":"https:\/\/pararepublique.com\/index.php\/wp-json\/wp\/v2\/product"}],"about":[{"href":"https:\/\/pararepublique.com\/index.php\/wp-json\/wp\/v2\/types\/product"}],"replies":[{"embeddable":true,"href":"https:\/\/pararepublique.com\/index.php\/wp-json\/wp\/v2\/comments?post=15394"}],"version-history":[{"count":2,"href":"https:\/\/pararepublique.com\/index.php\/wp-json\/wp\/v2\/product\/15394\/revisions"}],"predecessor-version":[{"id":15397,"href":"https:\/\/pararepublique.com\/index.php\/wp-json\/wp\/v2\/product\/15394\/revisions\/15397"}],"wp:featuredmedia":[{"embeddable":true,"href":"https:\/\/pararepublique.com\/index.php\/wp-json\/wp\/v2\/media\/15395"}],"wp:attachment":[{"href":"https:\/\/pararepublique.com\/index.php\/wp-json\/wp\/v2\/media?parent=15394"}],"wp:term":[{"taxonomy":"product_cat","embeddable":true,"href":"https:\/\/pararepublique.com\/index.php\/wp-json\/wp\/v2\/product_cat?post=15394"},{"taxonomy":"product_tag","embeddable":true,"href":"https:\/\/pararepublique.com\/index.php\/wp-json\/wp\/v2\/product_tag?post=15394"}],"curies":[{"name":"wp","href":"https:\/\/api.w.org\/{rel}","templated":true}]}}