{"id":15398,"date":"2024-12-23T12:56:11","date_gmt":"2024-12-23T12:56:11","guid":{"rendered":"https:\/\/pararepublique.com\/?post_type=product&#038;p=15398"},"modified":"2024-12-23T12:56:12","modified_gmt":"2024-12-23T12:56:12","slug":"parfum-hugo-boss-woman","status":"publish","type":"product","link":"https:\/\/pararepublique.com\/index.php\/product\/parfum-hugo-boss-woman\/","title":{"rendered":"PARFUM HUGO BOSS WOMAN"},"content":{"rendered":"<p>Le nouveau parfum HUGO Woman est audacieux, s\u00fbr et f\u00e9minin \u00e0 la fois. Il est d\u00e9di\u00e9 \u00e0 la femme moderne et \u00e9l\u00e9gante qui vit sa vie comme elle l&rsquo;entend.<br \/>\nF\u00e9minin avec un c\u00f4t\u00e9 masculin contemporain , diff\u00e9rent, individuel et non conventionnel<\/p>\n","protected":false},"excerpt":{"rendered":"<p>50ML<br \/>\nLe parfum HUGO WOMAN est d\u00e9di\u00e9 aux femmes ind\u00e9pendantes qui m\u00e8nent leur vie selon leurs propres principes. Cette fragrance fruit\u00e9e et florale est teint\u00e9e d\u2019une note de th\u00e9 noir masculine, innovante et surprenante. Rafra\u00eechissez votre collection de parfums pr\u00e9f\u00e9r\u00e9s avec cette fragrance s\u00e9duisante.<\/p>\n","protected":false},"featured_media":15399,"comment_status":"open","ping_status":"closed","template":"","meta":{"inline_featured_image":false,"_monsterinsights_skip_tracking":false,"_monsterinsights_sitenote_active":false,"_monsterinsights_sitenote_note":"","_monsterinsights_sitenote_category":0,"_joinchat":[]},"product_cat":[106],"product_tag":[],"class_list":{"0":"post-15398","1":"product","2":"type-product","3":"status-publish","4":"has-post-thumbnail","6":"product_cat-parfumerie","8":"first","9":"instock","10":"shipping-taxable","11":"purchasable","12":"product-type-simple","13":"add-to-wishlist-after_add_to_cart"},"aioseo_notices":[],"_links":{"self":[{"href":"https:\/\/pararepublique.com\/index.php\/wp-json\/wp\/v2\/product\/15398","targetHints":{"allow":["GET"]}}],"collection":[{"href":"https:\/\/pararepublique.com\/index.php\/wp-json\/wp\/v2\/product"}],"about":[{"href":"https:\/\/pararepublique.com\/index.php\/wp-json\/wp\/v2\/types\/product"}],"replies":[{"embeddable":true,"href":"https:\/\/pararepublique.com\/index.php\/wp-json\/wp\/v2\/comments?post=15398"}],"version-history":[{"count":1,"href":"https:\/\/pararepublique.com\/index.php\/wp-json\/wp\/v2\/product\/15398\/revisions"}],"predecessor-version":[{"id":15400,"href":"https:\/\/pararepublique.com\/index.php\/wp-json\/wp\/v2\/product\/15398\/revisions\/15400"}],"wp:featuredmedia":[{"embeddable":true,"href":"https:\/\/pararepublique.com\/index.php\/wp-json\/wp\/v2\/media\/15399"}],"wp:attachment":[{"href":"https:\/\/pararepublique.com\/index.php\/wp-json\/wp\/v2\/media?parent=15398"}],"wp:term":[{"taxonomy":"product_cat","embeddable":true,"href":"https:\/\/pararepublique.com\/index.php\/wp-json\/wp\/v2\/product_cat?post=15398"},{"taxonomy":"product_tag","embeddable":true,"href":"https:\/\/pararepublique.com\/index.php\/wp-json\/wp\/v2\/product_tag?post=15398"}],"curies":[{"name":"wp","href":"https:\/\/api.w.org\/{rel}","templated":true}]}}