{"id":15405,"date":"2024-12-23T13:03:44","date_gmt":"2024-12-23T13:03:44","guid":{"rendered":"https:\/\/pararepublique.com\/?post_type=product&#038;p=15405"},"modified":"2024-12-23T13:04:46","modified_gmt":"2024-12-23T13:04:46","slug":"parfum-hypnotic-poison-100ml-eau-de-toilette","status":"publish","type":"product","link":"https:\/\/pararepublique.com\/index.php\/product\/parfum-hypnotic-poison-100ml-eau-de-toilette\/","title":{"rendered":"PARFUM HYPNOTIC POISON 100ML EAU DE TOILETTE"},"content":{"rendered":"<p>On ne porte pas Hypnotic Poison, il vous porte : tel est le cr\u00e9do de cette eau de toilette magn\u00e9tique. Son olfaction sulfureuse habille la peau d\u2019un sillage \u00e0 la fois myst\u00e9rieux et irr\u00e9sistible, \u00e0 l&rsquo;image d&rsquo;un \u00e9lixir envo\u00fbtant.<\/p>\n<p>Hypnotic Poison Eau de Toilette est la d\u00e9clinaison ambr\u00e9e et vanill\u00e9e de Poison, le parfum mythique de la maison Dior n\u00e9 en 1985. Son sillage captivant r\u00e9v\u00e8le un c\u0153ur de jasmin rafra\u00eechissant rehauss\u00e9 de notes d&rsquo;amande am\u00e8re et de vanille sensuelle. Une eau de toilette dont les effluves parent d\u2019une aura d\u00e9licieusement irr\u00e9sistible.<\/p>\n<p>Hypnotic Poison Eau de Toilette renferme ses pouvoirs dans un flacon en forme de pomme rouge tentatrice qui ne demande qu&rsquo;\u00e0 \u00eatre croqu\u00e9e. Sur celui-ci, les lettres d&rsquo;Hypnotic Poison semblent trac\u00e9es comme un appel \u00e0 la volupt\u00e9.<\/p>\n","protected":false},"excerpt":{"rendered":"<p>Hypnotic Poison Eau de Toilette renferme ses pouvoirs dans un flacon en forme de pomme rouge tentatrice qui ne demande qu&rsquo;\u00e0 \u00eatre croqu\u00e9e. Sur celui-ci, les lettres d&rsquo;Hypnotic Poison semblent trac\u00e9es comme un appel \u00e0 la volupt\u00e9.<\/p>\n","protected":false},"featured_media":15408,"comment_status":"open","ping_status":"closed","template":"","meta":{"inline_featured_image":false,"_monsterinsights_skip_tracking":false,"_monsterinsights_sitenote_active":false,"_monsterinsights_sitenote_note":"","_monsterinsights_sitenote_category":0,"_joinchat":[]},"product_cat":[106],"product_tag":[],"class_list":{"0":"post-15405","1":"product","2":"type-product","3":"status-publish","4":"has-post-thumbnail","6":"product_cat-parfumerie","8":"first","9":"instock","10":"shipping-taxable","11":"purchasable","12":"product-type-simple","13":"add-to-wishlist-after_add_to_cart"},"aioseo_notices":[],"_links":{"self":[{"href":"https:\/\/pararepublique.com\/index.php\/wp-json\/wp\/v2\/product\/15405","targetHints":{"allow":["GET"]}}],"collection":[{"href":"https:\/\/pararepublique.com\/index.php\/wp-json\/wp\/v2\/product"}],"about":[{"href":"https:\/\/pararepublique.com\/index.php\/wp-json\/wp\/v2\/types\/product"}],"replies":[{"embeddable":true,"href":"https:\/\/pararepublique.com\/index.php\/wp-json\/wp\/v2\/comments?post=15405"}],"version-history":[{"count":2,"href":"https:\/\/pararepublique.com\/index.php\/wp-json\/wp\/v2\/product\/15405\/revisions"}],"predecessor-version":[{"id":15409,"href":"https:\/\/pararepublique.com\/index.php\/wp-json\/wp\/v2\/product\/15405\/revisions\/15409"}],"wp:featuredmedia":[{"embeddable":true,"href":"https:\/\/pararepublique.com\/index.php\/wp-json\/wp\/v2\/media\/15408"}],"wp:attachment":[{"href":"https:\/\/pararepublique.com\/index.php\/wp-json\/wp\/v2\/media?parent=15405"}],"wp:term":[{"taxonomy":"product_cat","embeddable":true,"href":"https:\/\/pararepublique.com\/index.php\/wp-json\/wp\/v2\/product_cat?post=15405"},{"taxonomy":"product_tag","embeddable":true,"href":"https:\/\/pararepublique.com\/index.php\/wp-json\/wp\/v2\/product_tag?post=15405"}],"curies":[{"name":"wp","href":"https:\/\/api.w.org\/{rel}","templated":true}]}}