{"id":15417,"date":"2024-12-23T13:11:52","date_gmt":"2024-12-23T13:11:52","guid":{"rendered":"https:\/\/pararepublique.com\/?post_type=product&#038;p=15417"},"modified":"2024-12-23T13:11:53","modified_gmt":"2024-12-23T13:11:53","slug":"parfum-idole-le-grand-parfum-edp-100ml","status":"publish","type":"product","link":"https:\/\/pararepublique.com\/index.php\/product\/parfum-idole-le-grand-parfum-edp-100ml\/","title":{"rendered":"PARFUM IDOLE  LE GRAND PARFUM EDP 100ML"},"content":{"rendered":"<p>L&rsquo;AURA RAYONNANTE D&rsquo;UNE COMMUNAUT\u00c9<br \/>\nId\u00f4le Aura, le parfum de toute une communaut\u00e9 de femmes qui souhaitent vivre leur r\u00eave en grand. Avec Id\u00f4le Aura, le chemin du succ\u00e8s est un accomplissement collectif. Une nouvelle Eau de Parfum qui incarne la lumi\u00e8re imparable du succ\u00e8s qui se diffuse et se partage d\u2019une femme \u00e0 une autre. Une \u00e9nergie puissante qui rassemble et unit toute une communaut\u00e9 d\u2019Id\u00f4les. Ensemble, rien n&rsquo;est impossible. Ensemble, nous sommes toutes des Id\u00f4les.<\/p>\n<p>UNE ADDICTION FLORALE RAYONNANTE<br \/>\nAu coeur de cette fragrance fleur de peau, l&rsquo;association unique de notes de Rose sal\u00e9e, de Jasmin rayonnant et de Vanille musqu\u00e9e. Un accord Fleur de Sel \u00e0 la fraicheur min\u00e9rale unique vient sublimer le coeur floral de Roses et Jasmin, pour r\u00e9v\u00e8ler une nouvelle floralit\u00e9 rayonnante et solaire. La Vanille musqu\u00e9e d\u00e9voile un sillage sensuel, chaud et enveloppant&#8230;comme la sensation d&rsquo;une peau nue chauff\u00e9e par le soleil couchant. Cr\u00e9\u00e9 par des femmes, pour des femmes, Id\u00f4le Aura a \u00e9t\u00e9 pens\u00e9 par trois femmes parfumeurs venues de trois continents.<\/p>\n<p>UN PARFUM ENGAG\u00c9<br \/>\nAvec Id\u00f4le, Lanc\u00f4me s\u2019engage pour un futur pour durable. La Rose P\u00e9tale d\u2019Isparta et la Vanille de Madagascar, ingr\u00e9dients issus de fili\u00e8res durables et solidaires, composent la formule de cette Eau de Parfum r\u00e9solument audacieuse et engag\u00e9e.<\/p>\n","protected":false},"excerpt":{"rendered":"<div class=\"QfrfFD cell\">\n<p class=\"OXQzmM tegUPA\" data-hook=\"product-title\">IDOLE AURA eau lumineuse LANCOME<\/p>\n<\/div>\n<div class=\"w0gcbV QfrfFD cell\">\n<div id=\"TPAMultiSection_k8uon3ws.product-page-details-slot-1\" class=\"\" data-hook=\"slot-placeholder-TPAMultiSection_k8uon3ws.product-page-details-slot-1\"><strong>Note de t\u00eate<\/strong> : Jasmin Rayonnant \u2013 Jasmin Grandiflorum, Absolu de Jasmin Sambac.<\/div>\n<\/div>\n<div class=\"OtfKGl QfrfFD cell\">\n<section class=\"Va_ZoC\" data-hook=\"description-wrapper\">\n<div class=\"LvOu6J\">\n<div class=\"vaI0UH\" data-hook=\"content-wrapper\">\n<p><strong>Note de fond<\/strong> : Vanille Musqu\u00e9e &#8211; Vanille Bourbon de Madagascar<br \/>\n<strong>Note de coeur<\/strong> : Rose Sal\u00e9e \u2013 Rose P\u00e9tale d\u2019Isparta , Rose Centifolia , Rose Absolue Damascena<\/p>\n<\/div>\n<\/div>\n<\/section>\n<\/div>\n","protected":false},"featured_media":15418,"comment_status":"open","ping_status":"closed","template":"","meta":{"inline_featured_image":false,"_monsterinsights_skip_tracking":false,"_monsterinsights_sitenote_active":false,"_monsterinsights_sitenote_note":"","_monsterinsights_sitenote_category":0,"_joinchat":[]},"product_cat":[106],"product_tag":[],"class_list":{"0":"post-15417","1":"product","2":"type-product","3":"status-publish","4":"has-post-thumbnail","6":"product_cat-parfumerie","8":"first","9":"instock","10":"shipping-taxable","11":"purchasable","12":"product-type-simple","13":"add-to-wishlist-after_add_to_cart"},"aioseo_notices":[],"_links":{"self":[{"href":"https:\/\/pararepublique.com\/index.php\/wp-json\/wp\/v2\/product\/15417","targetHints":{"allow":["GET"]}}],"collection":[{"href":"https:\/\/pararepublique.com\/index.php\/wp-json\/wp\/v2\/product"}],"about":[{"href":"https:\/\/pararepublique.com\/index.php\/wp-json\/wp\/v2\/types\/product"}],"replies":[{"embeddable":true,"href":"https:\/\/pararepublique.com\/index.php\/wp-json\/wp\/v2\/comments?post=15417"}],"version-history":[{"count":1,"href":"https:\/\/pararepublique.com\/index.php\/wp-json\/wp\/v2\/product\/15417\/revisions"}],"predecessor-version":[{"id":15419,"href":"https:\/\/pararepublique.com\/index.php\/wp-json\/wp\/v2\/product\/15417\/revisions\/15419"}],"wp:featuredmedia":[{"embeddable":true,"href":"https:\/\/pararepublique.com\/index.php\/wp-json\/wp\/v2\/media\/15418"}],"wp:attachment":[{"href":"https:\/\/pararepublique.com\/index.php\/wp-json\/wp\/v2\/media?parent=15417"}],"wp:term":[{"taxonomy":"product_cat","embeddable":true,"href":"https:\/\/pararepublique.com\/index.php\/wp-json\/wp\/v2\/product_cat?post=15417"},{"taxonomy":"product_tag","embeddable":true,"href":"https:\/\/pararepublique.com\/index.php\/wp-json\/wp\/v2\/product_tag?post=15417"}],"curies":[{"name":"wp","href":"https:\/\/api.w.org\/{rel}","templated":true}]}}