{"id":15420,"date":"2024-12-23T13:14:10","date_gmt":"2024-12-23T13:14:10","guid":{"rendered":"https:\/\/pararepublique.com\/?post_type=product&#038;p=15420"},"modified":"2024-12-23T13:14:10","modified_gmt":"2024-12-23T13:14:10","slug":"parfum-idylle-duet-guerlanin","status":"publish","type":"product","link":"https:\/\/pararepublique.com\/index.php\/product\/parfum-idylle-duet-guerlanin\/","title":{"rendered":"PARFUM IDYLLE DUET GUERLANIN"},"content":{"rendered":"<p><b>Guerlain Idylle Duet Jasmin-Lilas<\/b> de <b>Guerlain<\/b> est un parfum Floral pour femme. <b>Guerlain Idylle Duet Jasmin-Lilas<\/b> a \u00e9t\u00e9 lanc\u00e9 en 2012. Le nez derri\u00e8re ce parfum est Thierry Wasser. Les notes de t\u00eate sont Lila et Notes vertes; les notes de coeur sont Jasmin et Rose; les notes de fond sont Musc et Notes bois\u00e9es.<\/p>\n","protected":false},"excerpt":{"rendered":"<p><b>Guerlain Idylle Duet Jasmin-Lilas<\/b> de <b>Guerlain<\/b> est un parfum Floral pour femme.<\/p>\n","protected":false},"featured_media":15421,"comment_status":"open","ping_status":"closed","template":"","meta":{"inline_featured_image":false,"_monsterinsights_skip_tracking":false,"_monsterinsights_sitenote_active":false,"_monsterinsights_sitenote_note":"","_monsterinsights_sitenote_category":0,"_joinchat":[]},"product_cat":[106],"product_tag":[],"class_list":{"0":"post-15420","1":"product","2":"type-product","3":"status-publish","4":"has-post-thumbnail","6":"product_cat-parfumerie","8":"first","9":"instock","10":"shipping-taxable","11":"purchasable","12":"product-type-simple","13":"add-to-wishlist-after_add_to_cart"},"aioseo_notices":[],"_links":{"self":[{"href":"https:\/\/pararepublique.com\/index.php\/wp-json\/wp\/v2\/product\/15420","targetHints":{"allow":["GET"]}}],"collection":[{"href":"https:\/\/pararepublique.com\/index.php\/wp-json\/wp\/v2\/product"}],"about":[{"href":"https:\/\/pararepublique.com\/index.php\/wp-json\/wp\/v2\/types\/product"}],"replies":[{"embeddable":true,"href":"https:\/\/pararepublique.com\/index.php\/wp-json\/wp\/v2\/comments?post=15420"}],"version-history":[{"count":1,"href":"https:\/\/pararepublique.com\/index.php\/wp-json\/wp\/v2\/product\/15420\/revisions"}],"predecessor-version":[{"id":15422,"href":"https:\/\/pararepublique.com\/index.php\/wp-json\/wp\/v2\/product\/15420\/revisions\/15422"}],"wp:featuredmedia":[{"embeddable":true,"href":"https:\/\/pararepublique.com\/index.php\/wp-json\/wp\/v2\/media\/15421"}],"wp:attachment":[{"href":"https:\/\/pararepublique.com\/index.php\/wp-json\/wp\/v2\/media?parent=15420"}],"wp:term":[{"taxonomy":"product_cat","embeddable":true,"href":"https:\/\/pararepublique.com\/index.php\/wp-json\/wp\/v2\/product_cat?post=15420"},{"taxonomy":"product_tag","embeddable":true,"href":"https:\/\/pararepublique.com\/index.php\/wp-json\/wp\/v2\/product_tag?post=15420"}],"curies":[{"name":"wp","href":"https:\/\/api.w.org\/{rel}","templated":true}]}}