{"id":15423,"date":"2024-12-23T13:16:23","date_gmt":"2024-12-23T13:16:23","guid":{"rendered":"https:\/\/pararepublique.com\/?post_type=product&#038;p=15423"},"modified":"2024-12-23T13:16:23","modified_gmt":"2024-12-23T13:16:23","slug":"parfum-incanto-amity","status":"publish","type":"product","link":"https:\/\/pararepublique.com\/index.php\/product\/parfum-incanto-amity\/","title":{"rendered":"PARFUM INCANTO AMITY"},"content":{"rendered":"<p>Incanto Amity raconte l&rsquo;histoire d&rsquo;une grande amiti\u00e9. Un nouveau chapitre passionnant dans la collection Incanto de Salvatore Ferragamo qui \u00e9voque une combinaison raffin\u00e9e de fleurs soyeuses et de notes juteuses, con\u00e7ue pour ravir les sens avec une touche de joie.<\/p>\n<p>FRAGRANCE<br \/>\nL&rsquo;essence charmante et f\u00e9minine de ce parfum d\u00e9licat interpr\u00e8te la douce \u00e9motion d&rsquo;une caresse sur la peau. Les notes juteuses de la Mandarine Satsuma et du Melon Yubari m\u00e8nent \u00e0 un bouquet floral intense de Fleurs de Jasmin et de Fleurs de Lotus. Cette charmante composition est envelopp\u00e9e dans un m\u00e9lange sophistiqu\u00e9 de C\u00e8dre blanc et de Musc blanc, r\u00e9v\u00e9lant un parfum \u00e9tonnamment diff\u00e9rent.<\/p>\n<p>FLACON<br \/>\nL&rsquo;\u00e9tui de ce parfum unique en son genre g\u00e9n\u00e8re un sentiment de vitalit\u00e9 et de fra\u00eecheur gr\u00e2ce aux douces nuances de vert, de rose et de jaune. Le dessin subtil d&rsquo;une jolie fleur printani\u00e8re et d&rsquo;un colibri en symbiose illustre le lien qui unit deux amis, et r\u00e9v\u00e8le l&rsquo;humeur qui se cache derri\u00e8re la fragrance. Le flacon projette quant \u00e0 lui une explosion de couleurs inspir\u00e9e de toutes les cr\u00e9ations de Salvatore Ferragamo.<\/p>\n","protected":false},"excerpt":{"rendered":"<p>Notes de t\u00eate : mandarine et melon<br \/>\nNotes de c\u0153ur : lotus, p\u00eache blanche et jasmin<br \/>\nNotes de fond : musc blanc et c\u00e8dre<\/p>\n<p><strong>Volume : 50 ml<\/strong><\/p>\n","protected":false},"featured_media":15424,"comment_status":"open","ping_status":"closed","template":"","meta":{"inline_featured_image":false,"_monsterinsights_skip_tracking":false,"_monsterinsights_sitenote_active":false,"_monsterinsights_sitenote_note":"","_monsterinsights_sitenote_category":0,"_joinchat":[]},"product_cat":[106],"product_tag":[],"class_list":{"0":"post-15423","1":"product","2":"type-product","3":"status-publish","4":"has-post-thumbnail","6":"product_cat-parfumerie","8":"first","9":"instock","10":"shipping-taxable","11":"purchasable","12":"product-type-simple","13":"add-to-wishlist-after_add_to_cart"},"aioseo_notices":[],"_links":{"self":[{"href":"https:\/\/pararepublique.com\/index.php\/wp-json\/wp\/v2\/product\/15423","targetHints":{"allow":["GET"]}}],"collection":[{"href":"https:\/\/pararepublique.com\/index.php\/wp-json\/wp\/v2\/product"}],"about":[{"href":"https:\/\/pararepublique.com\/index.php\/wp-json\/wp\/v2\/types\/product"}],"replies":[{"embeddable":true,"href":"https:\/\/pararepublique.com\/index.php\/wp-json\/wp\/v2\/comments?post=15423"}],"version-history":[{"count":2,"href":"https:\/\/pararepublique.com\/index.php\/wp-json\/wp\/v2\/product\/15423\/revisions"}],"predecessor-version":[{"id":15426,"href":"https:\/\/pararepublique.com\/index.php\/wp-json\/wp\/v2\/product\/15423\/revisions\/15426"}],"wp:featuredmedia":[{"embeddable":true,"href":"https:\/\/pararepublique.com\/index.php\/wp-json\/wp\/v2\/media\/15424"}],"wp:attachment":[{"href":"https:\/\/pararepublique.com\/index.php\/wp-json\/wp\/v2\/media?parent=15423"}],"wp:term":[{"taxonomy":"product_cat","embeddable":true,"href":"https:\/\/pararepublique.com\/index.php\/wp-json\/wp\/v2\/product_cat?post=15423"},{"taxonomy":"product_tag","embeddable":true,"href":"https:\/\/pararepublique.com\/index.php\/wp-json\/wp\/v2\/product_tag?post=15423"}],"curies":[{"name":"wp","href":"https:\/\/api.w.org\/{rel}","templated":true}]}}