{"id":15427,"date":"2024-12-23T13:19:06","date_gmt":"2024-12-23T13:19:06","guid":{"rendered":"https:\/\/pararepublique.com\/?post_type=product&#038;p=15427"},"modified":"2024-12-23T13:19:06","modified_gmt":"2024-12-23T13:19:06","slug":"parfum-incanto-bloom","status":"publish","type":"product","link":"https:\/\/pararepublique.com\/index.php\/product\/parfum-incanto-bloom\/","title":{"rendered":"PARFUM INCANTO BLOOM"},"content":{"rendered":"<p><b>Incanto Bloom (2014)<\/b> de <b>Salvatore Ferragamo<\/b> est un parfum Floral fruit\u00e9 pour femme. <b>Incanto Bloom (2014)<\/b> a \u00e9t\u00e9 lanc\u00e9 en 2014. Le nez derri\u00e8re ce parfum est Sophie Labbe. Les notes de t\u00eate sont Freesia et Fleur de pamplemousse; les notes de coeur sont Rose hybride de th\u00e9, Framboise et Champaca; les notes de fond sont Musc et Bois de cachemire.<\/p>\n","protected":false},"excerpt":{"rendered":"<p>L\u00e9g\u00e8re, fra\u00eeche et unique. L\u2019eau de toilette pour femmes Salvatore Ferragamo Incanto Bloom vous envo\u00fbtera par sa douce composition olfactive sophistiqu\u00e9e, cr\u00e9\u00e9e pour \u00eatre port\u00e9e au quotidien.<br \/>\n<strong>Eau de Parfum 100ml<\/strong><\/p>\n","protected":false},"featured_media":15428,"comment_status":"open","ping_status":"closed","template":"","meta":{"inline_featured_image":false,"_monsterinsights_skip_tracking":false,"_monsterinsights_sitenote_active":false,"_monsterinsights_sitenote_note":"","_monsterinsights_sitenote_category":0,"_joinchat":[]},"product_cat":[106],"product_tag":[],"class_list":{"0":"post-15427","1":"product","2":"type-product","3":"status-publish","4":"has-post-thumbnail","6":"product_cat-parfumerie","8":"first","9":"instock","10":"shipping-taxable","11":"purchasable","12":"product-type-simple","13":"add-to-wishlist-after_add_to_cart"},"aioseo_notices":[],"_links":{"self":[{"href":"https:\/\/pararepublique.com\/index.php\/wp-json\/wp\/v2\/product\/15427","targetHints":{"allow":["GET"]}}],"collection":[{"href":"https:\/\/pararepublique.com\/index.php\/wp-json\/wp\/v2\/product"}],"about":[{"href":"https:\/\/pararepublique.com\/index.php\/wp-json\/wp\/v2\/types\/product"}],"replies":[{"embeddable":true,"href":"https:\/\/pararepublique.com\/index.php\/wp-json\/wp\/v2\/comments?post=15427"}],"version-history":[{"count":2,"href":"https:\/\/pararepublique.com\/index.php\/wp-json\/wp\/v2\/product\/15427\/revisions"}],"predecessor-version":[{"id":15430,"href":"https:\/\/pararepublique.com\/index.php\/wp-json\/wp\/v2\/product\/15427\/revisions\/15430"}],"wp:featuredmedia":[{"embeddable":true,"href":"https:\/\/pararepublique.com\/index.php\/wp-json\/wp\/v2\/media\/15428"}],"wp:attachment":[{"href":"https:\/\/pararepublique.com\/index.php\/wp-json\/wp\/v2\/media?parent=15427"}],"wp:term":[{"taxonomy":"product_cat","embeddable":true,"href":"https:\/\/pararepublique.com\/index.php\/wp-json\/wp\/v2\/product_cat?post=15427"},{"taxonomy":"product_tag","embeddable":true,"href":"https:\/\/pararepublique.com\/index.php\/wp-json\/wp\/v2\/product_tag?post=15427"}],"curies":[{"name":"wp","href":"https:\/\/api.w.org\/{rel}","templated":true}]}}