{"id":15434,"date":"2024-12-23T13:23:36","date_gmt":"2024-12-23T13:23:36","guid":{"rendered":"https:\/\/pararepublique.com\/?post_type=product&#038;p=15434"},"modified":"2024-12-23T13:23:36","modified_gmt":"2024-12-23T13:23:36","slug":"parfum-dadore-absolu-50ml-edp","status":"publish","type":"product","link":"https:\/\/pararepublique.com\/index.php\/product\/parfum-dadore-absolu-50ml-edp\/","title":{"rendered":"PARFUM D\u2019ADORE ABSOLU 50ML EDP"},"content":{"rendered":"<p>L&rsquo;eau de parfum absolue J&rsquo;adore est le nectar floral de la maison Dior. Dans une composition pulpeuse \u00e0 souhait, Fran\u00e7ois Demachy m\u00eale absolus floraux charnus et sensuels. Les absolus jasmin sambac, rose et magnolia s&rsquo;entrelacent avec fra\u00eecheur : les fleurs y ont la douceur d&rsquo;un sirop d\u00e9licieux, d&rsquo;un sillage sublime, naturel et sensuel.<\/p>\n","protected":false},"excerpt":{"rendered":"<p><b>J&rsquo;Adore Absolu<\/b> de <b>Dior<\/b> est un parfum Orientale Floral pour femme. <b>J&rsquo;Adore Absolu<\/b> a \u00e9t\u00e9 lanc\u00e9 en 2018. Le nez derri\u00e8re ce parfum est Fran\u00e7ois Demachy. Les notes de t\u00eate sont Jasmin Sambac et Magnolia; les notes de coeur sont Jasmin, Tub\u00e9reuse d&rsquo;Inde et Rose de Mai; la note de fond est Fleur d&rsquo;oranger.<\/p>\n","protected":false},"featured_media":15435,"comment_status":"open","ping_status":"closed","template":"","meta":{"inline_featured_image":false,"_monsterinsights_skip_tracking":false,"_monsterinsights_sitenote_active":false,"_monsterinsights_sitenote_note":"","_monsterinsights_sitenote_category":0,"_joinchat":[]},"product_cat":[106],"product_tag":[],"class_list":{"0":"post-15434","1":"product","2":"type-product","3":"status-publish","4":"has-post-thumbnail","6":"product_cat-parfumerie","8":"first","9":"instock","10":"shipping-taxable","11":"purchasable","12":"product-type-simple","13":"add-to-wishlist-after_add_to_cart"},"aioseo_notices":[],"_links":{"self":[{"href":"https:\/\/pararepublique.com\/index.php\/wp-json\/wp\/v2\/product\/15434","targetHints":{"allow":["GET"]}}],"collection":[{"href":"https:\/\/pararepublique.com\/index.php\/wp-json\/wp\/v2\/product"}],"about":[{"href":"https:\/\/pararepublique.com\/index.php\/wp-json\/wp\/v2\/types\/product"}],"replies":[{"embeddable":true,"href":"https:\/\/pararepublique.com\/index.php\/wp-json\/wp\/v2\/comments?post=15434"}],"version-history":[{"count":1,"href":"https:\/\/pararepublique.com\/index.php\/wp-json\/wp\/v2\/product\/15434\/revisions"}],"predecessor-version":[{"id":15436,"href":"https:\/\/pararepublique.com\/index.php\/wp-json\/wp\/v2\/product\/15434\/revisions\/15436"}],"wp:featuredmedia":[{"embeddable":true,"href":"https:\/\/pararepublique.com\/index.php\/wp-json\/wp\/v2\/media\/15435"}],"wp:attachment":[{"href":"https:\/\/pararepublique.com\/index.php\/wp-json\/wp\/v2\/media?parent=15434"}],"wp:term":[{"taxonomy":"product_cat","embeddable":true,"href":"https:\/\/pararepublique.com\/index.php\/wp-json\/wp\/v2\/product_cat?post=15434"},{"taxonomy":"product_tag","embeddable":true,"href":"https:\/\/pararepublique.com\/index.php\/wp-json\/wp\/v2\/product_tag?post=15434"}],"curies":[{"name":"wp","href":"https:\/\/api.w.org\/{rel}","templated":true}]}}