{"id":15440,"date":"2024-12-23T13:28:21","date_gmt":"2024-12-23T13:28:21","guid":{"rendered":"https:\/\/pararepublique.com\/?post_type=product&#038;p=15440"},"modified":"2024-12-23T13:28:22","modified_gmt":"2024-12-23T13:28:22","slug":"parfum-jardin-de-bagatelle-edt","status":"publish","type":"product","link":"https:\/\/pararepublique.com\/index.php\/product\/parfum-jardin-de-bagatelle-edt\/","title":{"rendered":"PARFUM JARDIN DE BAGATELLE EDT"},"content":{"rendered":"<p>Jardins de Bagatelle : Le vent de fleurs Guerlain typique des ann\u00e9es 80<\/p>\n<p>Les Jardins de Bagatelle, tout comme le joli parfum \u00e9ponyme sorti en 1983, sont luxuriants et magistraux \u00e0 la fois tr\u00e8s modernes et respectueux des valeurs traditionnelles de l\u2019art du jardin.<\/p>\n","protected":false},"excerpt":{"rendered":"<p>La fragrance propose donc \u00e0 une femme enjou\u00e9e et positive, un cocktail de fleurs profondes et intenses mais aussi sensuelles, guid\u00e9es par une note tub\u00e9reuse ma\u00eetresse du jeu. Si la r\u00e9f\u00e9rence est historique, le parfum Jardins de Bagatelle est devenu un classique.<\/p>\n","protected":false},"featured_media":15441,"comment_status":"open","ping_status":"closed","template":"","meta":{"inline_featured_image":false,"_monsterinsights_skip_tracking":false,"_monsterinsights_sitenote_active":false,"_monsterinsights_sitenote_note":"","_monsterinsights_sitenote_category":0,"_joinchat":[]},"product_cat":[106],"product_tag":[],"class_list":{"0":"post-15440","1":"product","2":"type-product","3":"status-publish","4":"has-post-thumbnail","6":"product_cat-parfumerie","8":"first","9":"instock","10":"shipping-taxable","11":"purchasable","12":"product-type-simple","13":"add-to-wishlist-after_add_to_cart"},"aioseo_notices":[],"_links":{"self":[{"href":"https:\/\/pararepublique.com\/index.php\/wp-json\/wp\/v2\/product\/15440","targetHints":{"allow":["GET"]}}],"collection":[{"href":"https:\/\/pararepublique.com\/index.php\/wp-json\/wp\/v2\/product"}],"about":[{"href":"https:\/\/pararepublique.com\/index.php\/wp-json\/wp\/v2\/types\/product"}],"replies":[{"embeddable":true,"href":"https:\/\/pararepublique.com\/index.php\/wp-json\/wp\/v2\/comments?post=15440"}],"version-history":[{"count":1,"href":"https:\/\/pararepublique.com\/index.php\/wp-json\/wp\/v2\/product\/15440\/revisions"}],"predecessor-version":[{"id":15442,"href":"https:\/\/pararepublique.com\/index.php\/wp-json\/wp\/v2\/product\/15440\/revisions\/15442"}],"wp:featuredmedia":[{"embeddable":true,"href":"https:\/\/pararepublique.com\/index.php\/wp-json\/wp\/v2\/media\/15441"}],"wp:attachment":[{"href":"https:\/\/pararepublique.com\/index.php\/wp-json\/wp\/v2\/media?parent=15440"}],"wp:term":[{"taxonomy":"product_cat","embeddable":true,"href":"https:\/\/pararepublique.com\/index.php\/wp-json\/wp\/v2\/product_cat?post=15440"},{"taxonomy":"product_tag","embeddable":true,"href":"https:\/\/pararepublique.com\/index.php\/wp-json\/wp\/v2\/product_tag?post=15440"}],"curies":[{"name":"wp","href":"https:\/\/api.w.org\/{rel}","templated":true}]}}