{"id":15443,"date":"2024-12-23T14:02:02","date_gmt":"2024-12-23T14:02:02","guid":{"rendered":"https:\/\/pararepublique.com\/?post_type=product&#038;p=15443"},"modified":"2024-12-23T14:02:02","modified_gmt":"2024-12-23T14:02:02","slug":"parfum-jean-paul-gaultier-femme-100ml","status":"publish","type":"product","link":"https:\/\/pararepublique.com\/index.php\/product\/parfum-jean-paul-gaultier-femme-100ml\/","title":{"rendered":"PARFUM JEAN PAUL GAULTIER FEMME 100ML"},"content":{"rendered":"<div class=\"WAZqE7 QfrfFD cell\">\n<section class=\"Va_ZoC\" data-hook=\"description-wrapper\">\n<div class=\"LvOu6J\">\n<div class=\"vaI0UH\" data-hook=\"content-wrapper\">\n<p>LA PREMI\u00c8RE FEMME ULTRA-SENSUELLE ET ATTIRANTE<br \/>\nAddictive et lumineuse cette Eau de Parfum pour femme m\u00eale la senteur addictive de la gousse de vanille, la fra\u00eecheur de la bergamote et<br \/>\nla vitalit\u00e9 de la poire. Un sillage lumineux et addictif pour une femme attirante et ultra-f\u00e9minine.<br \/>\nP\u00e9n\u00e9trez dans le jardin de Jean Paul Gaultier : un lieu de tentation et de s\u00e9duction entre La Belle et Le Beau, les nouvelles fragrances pour femme et pour homme sign\u00e9es Jean Paul Gaultier.<br \/>\nNotes olfactives<br \/>\nNotes de t\u00eate : Poire<br \/>\nNotes de coeur : V\u00e9tiver<br \/>\nNotes de fond : Vanille<\/p>\n<\/div>\n<\/div>\n<\/section>\n<\/div>\n","protected":false},"excerpt":{"rendered":"<p>Eau de parfum JEAN PAUL GAULTIER LA BELLE 100ml<\/p>\n<p>Notes olfactives<br \/>\nNotes de t\u00eate : Poire<br \/>\nNotes de coeur : V\u00e9tiver<br \/>\nNotes de fond : Vanille<\/p>\n","protected":false},"featured_media":15444,"comment_status":"open","ping_status":"closed","template":"","meta":{"inline_featured_image":false,"_monsterinsights_skip_tracking":false,"_monsterinsights_sitenote_active":false,"_monsterinsights_sitenote_note":"","_monsterinsights_sitenote_category":0,"_joinchat":[]},"product_cat":[106],"product_tag":[],"class_list":{"0":"post-15443","1":"product","2":"type-product","3":"status-publish","4":"has-post-thumbnail","6":"product_cat-parfumerie","8":"first","9":"instock","10":"shipping-taxable","11":"purchasable","12":"product-type-simple","13":"add-to-wishlist-after_add_to_cart"},"aioseo_notices":[],"_links":{"self":[{"href":"https:\/\/pararepublique.com\/index.php\/wp-json\/wp\/v2\/product\/15443","targetHints":{"allow":["GET"]}}],"collection":[{"href":"https:\/\/pararepublique.com\/index.php\/wp-json\/wp\/v2\/product"}],"about":[{"href":"https:\/\/pararepublique.com\/index.php\/wp-json\/wp\/v2\/types\/product"}],"replies":[{"embeddable":true,"href":"https:\/\/pararepublique.com\/index.php\/wp-json\/wp\/v2\/comments?post=15443"}],"version-history":[{"count":2,"href":"https:\/\/pararepublique.com\/index.php\/wp-json\/wp\/v2\/product\/15443\/revisions"}],"predecessor-version":[{"id":15446,"href":"https:\/\/pararepublique.com\/index.php\/wp-json\/wp\/v2\/product\/15443\/revisions\/15446"}],"wp:featuredmedia":[{"embeddable":true,"href":"https:\/\/pararepublique.com\/index.php\/wp-json\/wp\/v2\/media\/15444"}],"wp:attachment":[{"href":"https:\/\/pararepublique.com\/index.php\/wp-json\/wp\/v2\/media?parent=15443"}],"wp:term":[{"taxonomy":"product_cat","embeddable":true,"href":"https:\/\/pararepublique.com\/index.php\/wp-json\/wp\/v2\/product_cat?post=15443"},{"taxonomy":"product_tag","embeddable":true,"href":"https:\/\/pararepublique.com\/index.php\/wp-json\/wp\/v2\/product_tag?post=15443"}],"curies":[{"name":"wp","href":"https:\/\/api.w.org\/{rel}","templated":true}]}}