{"id":15450,"date":"2024-12-23T14:07:43","date_gmt":"2024-12-23T14:07:43","guid":{"rendered":"https:\/\/pararepublique.com\/?post_type=product&#038;p=15450"},"modified":"2024-12-23T14:07:44","modified_gmt":"2024-12-23T14:07:44","slug":"parfum-john-varvatos-oud-125ml","status":"publish","type":"product","link":"https:\/\/pararepublique.com\/index.php\/product\/parfum-john-varvatos-oud-125ml\/","title":{"rendered":"PARFUM JOHN VARVATOS OUD 125ML"},"content":{"rendered":"<p><span class=\"b f6 mid-gray lh-copy lh-title overflow-visible db w_vi_D\">John Varvatos Oud Cologne par John Varvatos, L&rsquo;attrait myst\u00e9rieux et sensuel de l&rsquo;orient est richement incarn\u00e9 dans le parfum audacieux et complexe de l&rsquo;eau de cologne john Varvatos oud. Le tabac, le cypr\u00e8s et les notes de t\u00eate de noix de muscade pr\u00e9parent le terrain pour l&rsquo;aventure dans des terres lointaines avec un musc enivrant et terreux. Les notes de c\u0153ur \u00e9pic\u00e9es \u00e9voquent des images riches de bazars estivaux dans des lieux exotiques avec un m\u00e9lange aromatique de safran, clou de girofle, cardamome et jasmin avec juste une touche de douce rose turque. Sous-jacent tout est une base chaude et cuir\u00e9e de myrrhe, d&rsquo;encens, d&rsquo;huile de bois d&rsquo;agar et d&rsquo;ambre avec un compl\u00e9ment de c\u00e8dre lebanais bois\u00e9. La bouteille simple mais \u00e9l\u00e9gante compl\u00e8te l&rsquo;image, rappelant les jours charg\u00e9s de lampes magiques et de romance. Apr\u00e8s avoir r\u00e9volutionn\u00e9 la mode masculine dans les ann\u00e9es 1990, le l\u00e9gendaire John Varvatos a commenc\u00e9 sa propre entreprise et ligne de v\u00eatements. Sa collection exclusive de produits de luxe pour hommes prim\u00e9s a commenc\u00e9, y compris les eaux de Cologne en 2004. Sorti en 2014, john varvatos oud a ajout\u00e9 une touche orientale \u00e0 la collection de parfums varvatos, sous le nez du parfumeur rodrigo flores-roux. Juste une petite pulv\u00e9risation de ce parfum intr\u00e9pide sur le cou et la poitrine durera toute une journ\u00e9e de travail ou une longue soir\u00e9e, laissant une touche d&rsquo;\u00e9pices et de myst\u00e8re pour inspirer et intriguer.<\/span><\/p>\n","protected":false},"excerpt":{"rendered":"<p><span class=\"b f6 mid-gray lh-copy lh-title overflow-visible db w_vi_D\">John Varvatos Oud Cologne par John Varvatos, L&rsquo;attrait myst\u00e9rieux et sensuel de l&rsquo;orient est richement incarn\u00e9 dans le parfum audacieux et complexe de l&rsquo;eau de cologne john Varvatos oud.<\/span><\/p>\n","protected":false},"featured_media":15451,"comment_status":"open","ping_status":"closed","template":"","meta":{"inline_featured_image":false,"_monsterinsights_skip_tracking":false,"_monsterinsights_sitenote_active":false,"_monsterinsights_sitenote_note":"","_monsterinsights_sitenote_category":0,"_joinchat":[]},"product_cat":[106],"product_tag":[],"class_list":{"0":"post-15450","1":"product","2":"type-product","3":"status-publish","4":"has-post-thumbnail","6":"product_cat-parfumerie","8":"first","9":"instock","10":"shipping-taxable","11":"product-type-simple","12":"add-to-wishlist-after_add_to_cart"},"aioseo_notices":[],"_links":{"self":[{"href":"https:\/\/pararepublique.com\/index.php\/wp-json\/wp\/v2\/product\/15450","targetHints":{"allow":["GET"]}}],"collection":[{"href":"https:\/\/pararepublique.com\/index.php\/wp-json\/wp\/v2\/product"}],"about":[{"href":"https:\/\/pararepublique.com\/index.php\/wp-json\/wp\/v2\/types\/product"}],"replies":[{"embeddable":true,"href":"https:\/\/pararepublique.com\/index.php\/wp-json\/wp\/v2\/comments?post=15450"}],"version-history":[{"count":2,"href":"https:\/\/pararepublique.com\/index.php\/wp-json\/wp\/v2\/product\/15450\/revisions"}],"predecessor-version":[{"id":15453,"href":"https:\/\/pararepublique.com\/index.php\/wp-json\/wp\/v2\/product\/15450\/revisions\/15453"}],"wp:featuredmedia":[{"embeddable":true,"href":"https:\/\/pararepublique.com\/index.php\/wp-json\/wp\/v2\/media\/15451"}],"wp:attachment":[{"href":"https:\/\/pararepublique.com\/index.php\/wp-json\/wp\/v2\/media?parent=15450"}],"wp:term":[{"taxonomy":"product_cat","embeddable":true,"href":"https:\/\/pararepublique.com\/index.php\/wp-json\/wp\/v2\/product_cat?post=15450"},{"taxonomy":"product_tag","embeddable":true,"href":"https:\/\/pararepublique.com\/index.php\/wp-json\/wp\/v2\/product_tag?post=15450"}],"curies":[{"name":"wp","href":"https:\/\/api.w.org\/{rel}","templated":true}]}}