{"id":15458,"date":"2024-12-23T14:15:20","date_gmt":"2024-12-23T14:15:20","guid":{"rendered":"https:\/\/pararepublique.com\/?post_type=product&#038;p=15458"},"modified":"2024-12-23T14:15:20","modified_gmt":"2024-12-23T14:15:20","slug":"berdoues-dc-lavande-125ml","status":"publish","type":"product","link":"https:\/\/pararepublique.com\/index.php\/product\/berdoues-dc-lavande-125ml\/","title":{"rendered":"BERDOUES DC LAVANDE 125ML"},"content":{"rendered":"<p>Un tr\u00e8s beau bouquet floral construit autour de la fra\u00eecheur de la lavande sublim\u00e9e par les notes d\u00e9licates et sensuelles de la rose. Cette eau de Cologne nous transporte sous le soleil de la Haute Provence.<\/p>\n","protected":false},"excerpt":{"rendered":"<p><strong>Une Eau de Cologne fra\u00eeche et florale \u00e0 98% d&rsquo;ingr\u00e9dients d&rsquo;origine naturelle.<\/strong><\/p>\n<p>Cette Eau de Cologne vous transporte sur les plateaux de lavande de Haute-Provence<strong>.<\/strong><\/p>\n<p><strong>Eau de Cologne fabriqu\u00e9e en France.<\/strong><\/p>\n","protected":false},"featured_media":15459,"comment_status":"open","ping_status":"closed","template":"","meta":{"inline_featured_image":false,"_monsterinsights_skip_tracking":false,"_monsterinsights_sitenote_active":false,"_monsterinsights_sitenote_note":"","_monsterinsights_sitenote_category":0,"_joinchat":[]},"product_cat":[106],"product_tag":[],"class_list":{"0":"post-15458","1":"product","2":"type-product","3":"status-publish","4":"has-post-thumbnail","6":"product_cat-parfumerie","8":"first","9":"instock","10":"shipping-taxable","11":"purchasable","12":"product-type-simple","13":"add-to-wishlist-after_add_to_cart"},"aioseo_notices":[],"_links":{"self":[{"href":"https:\/\/pararepublique.com\/index.php\/wp-json\/wp\/v2\/product\/15458","targetHints":{"allow":["GET"]}}],"collection":[{"href":"https:\/\/pararepublique.com\/index.php\/wp-json\/wp\/v2\/product"}],"about":[{"href":"https:\/\/pararepublique.com\/index.php\/wp-json\/wp\/v2\/types\/product"}],"replies":[{"embeddable":true,"href":"https:\/\/pararepublique.com\/index.php\/wp-json\/wp\/v2\/comments?post=15458"}],"version-history":[{"count":2,"href":"https:\/\/pararepublique.com\/index.php\/wp-json\/wp\/v2\/product\/15458\/revisions"}],"predecessor-version":[{"id":15461,"href":"https:\/\/pararepublique.com\/index.php\/wp-json\/wp\/v2\/product\/15458\/revisions\/15461"}],"wp:featuredmedia":[{"embeddable":true,"href":"https:\/\/pararepublique.com\/index.php\/wp-json\/wp\/v2\/media\/15459"}],"wp:attachment":[{"href":"https:\/\/pararepublique.com\/index.php\/wp-json\/wp\/v2\/media?parent=15458"}],"wp:term":[{"taxonomy":"product_cat","embeddable":true,"href":"https:\/\/pararepublique.com\/index.php\/wp-json\/wp\/v2\/product_cat?post=15458"},{"taxonomy":"product_tag","embeddable":true,"href":"https:\/\/pararepublique.com\/index.php\/wp-json\/wp\/v2\/product_tag?post=15458"}],"curies":[{"name":"wp","href":"https:\/\/api.w.org\/{rel}","templated":true}]}}