{"id":15462,"date":"2024-12-23T14:18:32","date_gmt":"2024-12-23T14:18:32","guid":{"rendered":"https:\/\/pararepublique.com\/?post_type=product&#038;p=15462"},"modified":"2024-12-23T14:18:32","modified_gmt":"2024-12-23T14:18:32","slug":"berdoues-dc-orange-fizz-125ml-spray","status":"publish","type":"product","link":"https:\/\/pararepublique.com\/index.php\/product\/berdoues-dc-orange-fizz-125ml-spray\/","title":{"rendered":"BERDOUES DC ORANGE FIZZ 125ML SPRAY"},"content":{"rendered":"<div class=\"woocommerce-product-details__short-description\">\n<p><strong>Orange Fizz, une Eau de Cologne\u00a0solaire\u00a0et p\u00e9tillante<\/strong><\/p>\n<p>Cette\u00a0eau de Cologne sublime les multiples facettes des agrumes. Les essences d\u2019orange et de mandarine alli\u00e9es aux notes de cl\u00e9mentine am\u00e8nent toute la fra\u00eecheur et la puissance de cette fragrance. Tandis que les notes de fleur d\u2019oranger sur fond bois\u00e9 et musqu\u00e9 apportent \u00e9l\u00e9gance et caract\u00e8re \u00e0 cette nouvelle eau de Cologne.<\/p>\n<\/div>\n","protected":false},"excerpt":{"rendered":"<p><b>1902 Orange Fizz<\/b> de <b>Parfums Berdoues<\/b> est un parfum Hesp\u00e9rid\u00e9 aromatique pour homme et femme. <b>1902 Orange Fizz<\/b> a \u00e9t\u00e9 lanc\u00e9 en 2020. Les notes de t\u00eate sont Orange, Cl\u00e9mentine et Mandarine; les notes de coeur sont Fleur d&rsquo;oranger et Freesia; les notes de fond sont Musc blanc et Ambre.<\/p>\n","protected":false},"featured_media":15463,"comment_status":"open","ping_status":"closed","template":"","meta":{"inline_featured_image":false,"_monsterinsights_skip_tracking":false,"_monsterinsights_sitenote_active":false,"_monsterinsights_sitenote_note":"","_monsterinsights_sitenote_category":0,"_joinchat":[]},"product_cat":[106],"product_tag":[],"class_list":{"0":"post-15462","1":"product","2":"type-product","3":"status-publish","4":"has-post-thumbnail","6":"product_cat-parfumerie","8":"first","9":"instock","10":"shipping-taxable","11":"purchasable","12":"product-type-simple","13":"add-to-wishlist-after_add_to_cart"},"aioseo_notices":[],"_links":{"self":[{"href":"https:\/\/pararepublique.com\/index.php\/wp-json\/wp\/v2\/product\/15462","targetHints":{"allow":["GET"]}}],"collection":[{"href":"https:\/\/pararepublique.com\/index.php\/wp-json\/wp\/v2\/product"}],"about":[{"href":"https:\/\/pararepublique.com\/index.php\/wp-json\/wp\/v2\/types\/product"}],"replies":[{"embeddable":true,"href":"https:\/\/pararepublique.com\/index.php\/wp-json\/wp\/v2\/comments?post=15462"}],"version-history":[{"count":1,"href":"https:\/\/pararepublique.com\/index.php\/wp-json\/wp\/v2\/product\/15462\/revisions"}],"predecessor-version":[{"id":15464,"href":"https:\/\/pararepublique.com\/index.php\/wp-json\/wp\/v2\/product\/15462\/revisions\/15464"}],"wp:featuredmedia":[{"embeddable":true,"href":"https:\/\/pararepublique.com\/index.php\/wp-json\/wp\/v2\/media\/15463"}],"wp:attachment":[{"href":"https:\/\/pararepublique.com\/index.php\/wp-json\/wp\/v2\/media?parent=15462"}],"wp:term":[{"taxonomy":"product_cat","embeddable":true,"href":"https:\/\/pararepublique.com\/index.php\/wp-json\/wp\/v2\/product_cat?post=15462"},{"taxonomy":"product_tag","embeddable":true,"href":"https:\/\/pararepublique.com\/index.php\/wp-json\/wp\/v2\/product_tag?post=15462"}],"curies":[{"name":"wp","href":"https:\/\/api.w.org\/{rel}","templated":true}]}}