{"id":15465,"date":"2024-12-23T14:21:36","date_gmt":"2024-12-23T14:21:36","guid":{"rendered":"https:\/\/pararepublique.com\/?post_type=product&#038;p=15465"},"modified":"2024-12-23T14:21:37","modified_gmt":"2024-12-23T14:21:37","slug":"berdoues-dc-tonique-125ml-spray","status":"publish","type":"product","link":"https:\/\/pararepublique.com\/index.php\/product\/berdoues-dc-tonique-125ml-spray\/","title":{"rendered":"BERDOUES DC TONIQUE 125ML SPRAY"},"content":{"rendered":"<p><strong>Tonique, une Eau de Cologne fra\u00eeche et intense<\/strong><\/p>\n<p>Des notes hesp\u00e9rid\u00e9es, p\u00e9tillantes sur un lit de lavande et d\u2019estragon qui vont r\u00e9veiller vos sens.<\/p>\n<p>Eau de Cologne fabriqu\u00e9e en France.<\/p>\n<p>Existe en 125ml (vaporisateur), 245ml et 480ml (flacons splash).<\/p>\n","protected":false},"excerpt":{"rendered":"<p><strong>Une Eau de Cologne fra\u00eeche et intense \u00e0 98% d&rsquo;ingr\u00e9dients d&rsquo;origine naturelle.<\/strong><\/p>\n<p>Des notes hesp\u00e9rid\u00e9es, p\u00e9tillantes sur un lit de lavande et d\u2019estragon qui vont r\u00e9veiller vos sens.<\/p>\n<p><strong>Eau de Cologne fabriqu\u00e9e en France.<\/strong><\/p>\n","protected":false},"featured_media":15466,"comment_status":"open","ping_status":"closed","template":"","meta":{"inline_featured_image":false,"_monsterinsights_skip_tracking":false,"_monsterinsights_sitenote_active":false,"_monsterinsights_sitenote_note":"","_monsterinsights_sitenote_category":0,"_joinchat":[]},"product_cat":[106],"product_tag":[],"class_list":{"0":"post-15465","1":"product","2":"type-product","3":"status-publish","4":"has-post-thumbnail","6":"product_cat-parfumerie","8":"first","9":"instock","10":"shipping-taxable","11":"purchasable","12":"product-type-simple","13":"add-to-wishlist-after_add_to_cart"},"aioseo_notices":[],"_links":{"self":[{"href":"https:\/\/pararepublique.com\/index.php\/wp-json\/wp\/v2\/product\/15465","targetHints":{"allow":["GET"]}}],"collection":[{"href":"https:\/\/pararepublique.com\/index.php\/wp-json\/wp\/v2\/product"}],"about":[{"href":"https:\/\/pararepublique.com\/index.php\/wp-json\/wp\/v2\/types\/product"}],"replies":[{"embeddable":true,"href":"https:\/\/pararepublique.com\/index.php\/wp-json\/wp\/v2\/comments?post=15465"}],"version-history":[{"count":2,"href":"https:\/\/pararepublique.com\/index.php\/wp-json\/wp\/v2\/product\/15465\/revisions"}],"predecessor-version":[{"id":15468,"href":"https:\/\/pararepublique.com\/index.php\/wp-json\/wp\/v2\/product\/15465\/revisions\/15468"}],"wp:featuredmedia":[{"embeddable":true,"href":"https:\/\/pararepublique.com\/index.php\/wp-json\/wp\/v2\/media\/15466"}],"wp:attachment":[{"href":"https:\/\/pararepublique.com\/index.php\/wp-json\/wp\/v2\/media?parent=15465"}],"wp:term":[{"taxonomy":"product_cat","embeddable":true,"href":"https:\/\/pararepublique.com\/index.php\/wp-json\/wp\/v2\/product_cat?post=15465"},{"taxonomy":"product_tag","embeddable":true,"href":"https:\/\/pararepublique.com\/index.php\/wp-json\/wp\/v2\/product_tag?post=15465"}],"curies":[{"name":"wp","href":"https:\/\/api.w.org\/{rel}","templated":true}]}}