{"id":15476,"date":"2024-12-23T14:28:20","date_gmt":"2024-12-23T14:28:20","guid":{"rendered":"https:\/\/pararepublique.com\/?post_type=product&#038;p=15476"},"modified":"2024-12-23T14:28:20","modified_gmt":"2024-12-23T14:28:20","slug":"berdoues-dc-rose-125ml","status":"publish","type":"product","link":"https:\/\/pararepublique.com\/index.php\/product\/berdoues-dc-rose-125ml\/","title":{"rendered":"BERDOUES DC ROSE 125ML"},"content":{"rendered":"<p>Telle une caresse, les d\u00e9licats p\u00e9tales de rose se m\u00ealent \u00e0 ceux d&rsquo;un magnolia aux accents frais et lumineux. Spontan\u00e9es, les feuilles de cassis apportent un effet v\u00e9g\u00e9tal, vert et croquant, rehauss\u00e9 par une bergamote p\u00e9tillante. Enfin, bois de Cachemire et muscs compl\u00e8tent ce doux sillage intens\u00e9ment f\u00e9minin.<\/p>\n","protected":false},"excerpt":{"rendered":"<p><strong>Rose, une Eau de Cologne\u00a0classique travaill\u00e9e avec modernit\u00e9<\/strong><\/p>\n<p><strong>Eau de Cologne fabriqu\u00e9e en France.<\/strong><\/p>\n<p><strong>Existe en 125ml (vaporisateur), et 245ml (recharge).<\/strong><\/p>\n<p>Notes\u00a0:\u00a0Feuilles de cassis &#8211; Rose &#8211; Bois de Cachemire<\/p>\n","protected":false},"featured_media":15477,"comment_status":"open","ping_status":"closed","template":"","meta":{"inline_featured_image":false,"_monsterinsights_skip_tracking":false,"_monsterinsights_sitenote_active":false,"_monsterinsights_sitenote_note":"","_monsterinsights_sitenote_category":0,"_joinchat":[]},"product_cat":[106],"product_tag":[],"class_list":{"0":"post-15476","1":"product","2":"type-product","3":"status-publish","4":"has-post-thumbnail","6":"product_cat-parfumerie","8":"first","9":"instock","10":"shipping-taxable","11":"purchasable","12":"product-type-simple","13":"add-to-wishlist-after_add_to_cart"},"aioseo_notices":[],"_links":{"self":[{"href":"https:\/\/pararepublique.com\/index.php\/wp-json\/wp\/v2\/product\/15476","targetHints":{"allow":["GET"]}}],"collection":[{"href":"https:\/\/pararepublique.com\/index.php\/wp-json\/wp\/v2\/product"}],"about":[{"href":"https:\/\/pararepublique.com\/index.php\/wp-json\/wp\/v2\/types\/product"}],"replies":[{"embeddable":true,"href":"https:\/\/pararepublique.com\/index.php\/wp-json\/wp\/v2\/comments?post=15476"}],"version-history":[{"count":2,"href":"https:\/\/pararepublique.com\/index.php\/wp-json\/wp\/v2\/product\/15476\/revisions"}],"predecessor-version":[{"id":15479,"href":"https:\/\/pararepublique.com\/index.php\/wp-json\/wp\/v2\/product\/15476\/revisions\/15479"}],"wp:featuredmedia":[{"embeddable":true,"href":"https:\/\/pararepublique.com\/index.php\/wp-json\/wp\/v2\/media\/15477"}],"wp:attachment":[{"href":"https:\/\/pararepublique.com\/index.php\/wp-json\/wp\/v2\/media?parent=15476"}],"wp:term":[{"taxonomy":"product_cat","embeddable":true,"href":"https:\/\/pararepublique.com\/index.php\/wp-json\/wp\/v2\/product_cat?post=15476"},{"taxonomy":"product_tag","embeddable":true,"href":"https:\/\/pararepublique.com\/index.php\/wp-json\/wp\/v2\/product_tag?post=15476"}],"curies":[{"name":"wp","href":"https:\/\/api.w.org\/{rel}","templated":true}]}}