{"id":15480,"date":"2024-12-23T14:30:53","date_gmt":"2024-12-23T14:30:53","guid":{"rendered":"https:\/\/pararepublique.com\/?post_type=product&#038;p=15480"},"modified":"2024-12-23T14:30:54","modified_gmt":"2024-12-23T14:30:54","slug":"coffret-azzaro-homme-edt-50mldeo","status":"publish","type":"product","link":"https:\/\/pararepublique.com\/index.php\/product\/coffret-azzaro-homme-edt-50mldeo\/","title":{"rendered":"COFFRET AZZARO HOMME EDT 50ML+DEO"},"content":{"rendered":"<p>Pour la F\u00eate des P\u00e8res, Azzaro pour Homme propose un coffret cadeau intemporel et \u00e9l\u00e9gant, compos\u00e9 d&rsquo;Azzaro pour Homme 50ml et en cadeau un gel douche corps et cheveux assorti de 50ml.<\/p>\n<p>D\u00e9couvrez cette arme de s\u00e9duction ultime aux ar\u00f4mes irr\u00e9sistibles d&rsquo;une intensit\u00e9 chaleureuse. La s\u00e9duction masculine, l&rsquo;\u00e9l\u00e9gance et le raffinement s&rsquo;incarnent dans une signature \u00e9pic\u00e9e et sensuelle. Craquez pour Azzoro pour Homme et profitez d&rsquo;une s\u00e9duction et d&rsquo;une sensualit\u00e9 \u00e9ternelles.<\/p>\n<p>Azzaro pour Homme est un parfum distingu\u00e9 et puissant, fa\u00e7onn\u00e9 par la gr\u00e2ce et le raffinement que d\u00e9gage la marque Azzaro. L&rsquo;\u00e9l\u00e9gance instinctive et la sensualit\u00e9 sophistiqu\u00e9e du sillage du parfum apportent fra\u00eecheur, force et raffinement. Derri\u00e8re sa signature iconique \u00ab\u00a0foug\u00e8re aromatique woody\u00a0\u00bb, Azzaro pour Homme s&rsquo;inscrit dans la grande tradition de la \u00ab\u00a0haute parfumerie\u00a0\u00bb avec sa composition raffin\u00e9e de plus de 320 mati\u00e8res premi\u00e8res.<\/p>\n<p>Le flacon octogonal en verre rechargeable confirme sa masculinit\u00e9 jusqu&rsquo;\u00e0 sa signature imprim\u00e9e parfaitement visible. Habill\u00e9 d&rsquo;un ambre sensuel, il \u00e9voque d\u00e8s le premier regard l&rsquo;intensit\u00e9 chaleureuse de l&rsquo;Eau de Toilette. Harmonie, \u00e9l\u00e9gance et sobri\u00e9t\u00e9 incarnent ce parfum masculin.<\/p>\n<p>Une signature embl\u00e9matique qui offre aux hommes une virilit\u00e9 charismatique intemporelle.<\/p>\n","protected":false},"excerpt":{"rendered":"<p>D\u00e9couvrez cette arme de s\u00e9duction ultime aux ar\u00f4mes irr\u00e9sistibles d&rsquo;une intensit\u00e9 chaleureuse. La s\u00e9duction masculine, l&rsquo;\u00e9l\u00e9gance et le raffinement s&rsquo;incarnent dans une signature \u00e9pic\u00e9e et sensuelle. Craquez pour Azzoro pour Homme et profitez d&rsquo;une s\u00e9duction et d&rsquo;une sensualit\u00e9 \u00e9ternelles.<\/p>\n","protected":false},"featured_media":15481,"comment_status":"open","ping_status":"closed","template":"","meta":{"inline_featured_image":false,"_monsterinsights_skip_tracking":false,"_monsterinsights_sitenote_active":false,"_monsterinsights_sitenote_note":"","_monsterinsights_sitenote_category":0,"_joinchat":[]},"product_cat":[106],"product_tag":[],"class_list":{"0":"post-15480","1":"product","2":"type-product","3":"status-publish","4":"has-post-thumbnail","6":"product_cat-parfumerie","8":"first","9":"instock","10":"shipping-taxable","11":"purchasable","12":"product-type-simple","13":"add-to-wishlist-after_add_to_cart"},"aioseo_notices":[],"_links":{"self":[{"href":"https:\/\/pararepublique.com\/index.php\/wp-json\/wp\/v2\/product\/15480","targetHints":{"allow":["GET"]}}],"collection":[{"href":"https:\/\/pararepublique.com\/index.php\/wp-json\/wp\/v2\/product"}],"about":[{"href":"https:\/\/pararepublique.com\/index.php\/wp-json\/wp\/v2\/types\/product"}],"replies":[{"embeddable":true,"href":"https:\/\/pararepublique.com\/index.php\/wp-json\/wp\/v2\/comments?post=15480"}],"version-history":[{"count":1,"href":"https:\/\/pararepublique.com\/index.php\/wp-json\/wp\/v2\/product\/15480\/revisions"}],"predecessor-version":[{"id":15482,"href":"https:\/\/pararepublique.com\/index.php\/wp-json\/wp\/v2\/product\/15480\/revisions\/15482"}],"wp:featuredmedia":[{"embeddable":true,"href":"https:\/\/pararepublique.com\/index.php\/wp-json\/wp\/v2\/media\/15481"}],"wp:attachment":[{"href":"https:\/\/pararepublique.com\/index.php\/wp-json\/wp\/v2\/media?parent=15480"}],"wp:term":[{"taxonomy":"product_cat","embeddable":true,"href":"https:\/\/pararepublique.com\/index.php\/wp-json\/wp\/v2\/product_cat?post=15480"},{"taxonomy":"product_tag","embeddable":true,"href":"https:\/\/pararepublique.com\/index.php\/wp-json\/wp\/v2\/product_tag?post=15480"}],"curies":[{"name":"wp","href":"https:\/\/api.w.org\/{rel}","templated":true}]}}