{"id":15494,"date":"2024-12-23T14:58:11","date_gmt":"2024-12-23T14:58:11","guid":{"rendered":"https:\/\/pararepublique.com\/?post_type=product&#038;p=15494"},"modified":"2024-12-23T14:58:11","modified_gmt":"2024-12-23T14:58:11","slug":"edp-heart-lr-soul-50ml","status":"publish","type":"product","link":"https:\/\/pararepublique.com\/index.php\/product\/edp-heart-lr-soul-50ml\/","title":{"rendered":"EDP HEART LR SOUL 50ML"},"content":{"rendered":"<p><em>Heart &amp; Soul<\/em> est un parfum p\u00e9tillant, f\u00e9minin et insolent, qui \u00e9voque de belles \u00e9motions \u00e0 travers un cocktail fruit\u00e9 et sensuel. Avec ses notes de cassis, de prune rouge, de rose et de vanille, ce parfum offre une exp\u00e9rience olfactive exceptionnelle et inoubliable.<\/p>\n<p>Les notes de t\u00eate de fleur d\u2019oranger, d\u2019ananas et de freesia ouvrent cette composition avec une fra\u00eecheur \u00e9clatante et lumineuse. Le c\u0153ur d\u00e9voile un m\u00e9lange s\u00e9duisant de cassis, de pivoine, de poire et de prune, apportant une touche fruit\u00e9e et florale irr\u00e9sistible. La base enveloppe le tout avec des nuances de musc, de bois de santal, de bois de c\u00e8dre blanc et un accord d\u00e9licat de vanille culinaire, cr\u00e9ant un sillage chaleureux et r\u00e9confortant.<\/p>\n<p><em>Heart &amp; Soul<\/em> incarne la f\u00e9minit\u00e9 assum\u00e9e, inspirante et passionn\u00e9e. Ce parfum extraordinairement fruit\u00e9 et sensuel apporte un rayonnement exceptionnel \u00e0 celles qui le portent, ajoutant une touche de magie \u00e0 chaque instant.<\/p>\n","protected":false},"excerpt":{"rendered":"<p><strong>Heart &amp; Soul Eau de Parfum \u2013 Pour Elle<\/strong><\/p>\n<p><strong>C\u2019est Magique\u2026<\/strong><\/p>\n<p><em>Notes de t\u00eate : Fleur d\u2019oranger, Ananas, Freesia<\/em><br \/>\n<em>Notes de c\u0153ur : Cassis, Pivoine, Poire, Prune<\/em><br \/>\n<em>Notes de base : Musc, Bois de santal, Bois de c\u00e8dre blanc, Accord d\u00e9licat de vanille culinaire<\/em><\/p>\n<p>&nbsp;<\/p>\n","protected":false},"featured_media":15495,"comment_status":"open","ping_status":"closed","template":"","meta":{"inline_featured_image":false,"_monsterinsights_skip_tracking":false,"_monsterinsights_sitenote_active":false,"_monsterinsights_sitenote_note":"","_monsterinsights_sitenote_category":0,"_joinchat":[]},"product_cat":[106],"product_tag":[],"class_list":{"0":"post-15494","1":"product","2":"type-product","3":"status-publish","4":"has-post-thumbnail","6":"product_cat-parfumerie","8":"first","9":"instock","10":"shipping-taxable","11":"purchasable","12":"product-type-simple","13":"add-to-wishlist-after_add_to_cart"},"aioseo_notices":[],"_links":{"self":[{"href":"https:\/\/pararepublique.com\/index.php\/wp-json\/wp\/v2\/product\/15494","targetHints":{"allow":["GET"]}}],"collection":[{"href":"https:\/\/pararepublique.com\/index.php\/wp-json\/wp\/v2\/product"}],"about":[{"href":"https:\/\/pararepublique.com\/index.php\/wp-json\/wp\/v2\/types\/product"}],"replies":[{"embeddable":true,"href":"https:\/\/pararepublique.com\/index.php\/wp-json\/wp\/v2\/comments?post=15494"}],"version-history":[{"count":2,"href":"https:\/\/pararepublique.com\/index.php\/wp-json\/wp\/v2\/product\/15494\/revisions"}],"predecessor-version":[{"id":15497,"href":"https:\/\/pararepublique.com\/index.php\/wp-json\/wp\/v2\/product\/15494\/revisions\/15497"}],"wp:featuredmedia":[{"embeddable":true,"href":"https:\/\/pararepublique.com\/index.php\/wp-json\/wp\/v2\/media\/15495"}],"wp:attachment":[{"href":"https:\/\/pararepublique.com\/index.php\/wp-json\/wp\/v2\/media?parent=15494"}],"wp:term":[{"taxonomy":"product_cat","embeddable":true,"href":"https:\/\/pararepublique.com\/index.php\/wp-json\/wp\/v2\/product_cat?post=15494"},{"taxonomy":"product_tag","embeddable":true,"href":"https:\/\/pararepublique.com\/index.php\/wp-json\/wp\/v2\/product_tag?post=15494"}],"curies":[{"name":"wp","href":"https:\/\/api.w.org\/{rel}","templated":true}]}}