{"id":15498,"date":"2024-12-23T15:02:28","date_gmt":"2024-12-23T15:02:28","guid":{"rendered":"https:\/\/pararepublique.com\/?post_type=product&#038;p=15498"},"modified":"2024-12-23T15:02:28","modified_gmt":"2024-12-23T15:02:28","slug":"edp-lightning-50ml","status":"publish","type":"product","link":"https:\/\/pararepublique.com\/index.php\/product\/edp-lightning-50ml\/","title":{"rendered":"EDP LIGHTNING 50ML"},"content":{"rendered":"<p><strong>Lightning Collection &#8211; Essence of Marine.<\/strong> L&rsquo;harmonieuse sensation de paix m\u00e9ditative. Lorsque l&rsquo;\u00e9nergie douce se transforme en lignes \u00e9pur\u00e9es et que les sens sont en harmonie. Pur, inspirant, pur. La <strong>Lightning Collection<\/strong>, pr\u00e9sent\u00e9e par <strong>Emma Heming-Willis<\/strong>, comprend trois fragrances magiques. <strong>Essence of Marine<\/strong> est la plus directe. La bergamote rafra\u00eechissante, le citron et les tons aquatiques rafra\u00eechissent les sens d\u00e8s la note de t\u00eate. Le poivre, le muguet et l&rsquo;ylang-ylang apportent aux notes de c\u0153ur une magie douce et profonde. Les notes bois\u00e9es, telles que le bois de santal, le c\u00e8dre et le musc, forment la base du parfum. Les cristaux Swarovski bleus dans le flacon symbolisent la pierre pr\u00e9cieuse <strong>aigue-marine<\/strong>. Con\u00e7u pour renforcer la confiance en soi et l&rsquo;intuition, il repr\u00e9sente la croissance mentale et la vision. Les cristaux originaux de Swarovski brillent dans chaque fragrance de la Lightning Collection. Le sceau exclusif \u00ab\u00a0<strong>Crystals from Swarovski<\/strong>\u00a0\u00bb garantit l&rsquo;authenticit\u00e9 des cristaux de haute qualit\u00e9.<\/p>\n<p>Les fragrances sont pr\u00e9sent\u00e9es par <strong>Emma Heming-Willis<\/strong>, l&rsquo;envo\u00fbtante compagne de l&rsquo;acteur Bruce Willis.<\/p>\n<p><strong>Ingr\u00e9dients<\/strong> : Alcool d\u00e9natur\u00e9, parfum (fragrance), eau, benzyl salicylates, limon\u00e8ne, alpha-isom\u00e9thyl ionone, citronellol, citral, linalool, g\u00e9raniol, benzyl benzoate, farnesol.<\/p>\n","protected":false},"excerpt":{"rendered":"<p><strong>Parfum inspirant et frais &#8211; ancienne s\u00e9rie avant la mise \u00e0 jour du produit<\/strong><br \/>\nL&rsquo;essence claire de notes aquatiques, de muguet et de bois de c\u00e8dre.<br \/>\n<strong>Famille olfactive<\/strong> : aquatique, florale, inspirante<br \/>\n<strong>Caract\u00e8re du parfum<\/strong> : doux, rafra\u00eechissant, \u00e9quilibr\u00e9<br \/>\nPour des moments illuminants et inspirants de clart\u00e9 magique.<br \/>\nInspir\u00e9 et pr\u00e9sent\u00e9 par la magnifique <strong>Emma Heming-Willis<\/strong>, avec des cristaux Swarovski scintillants dans le flacon.<\/p>\n","protected":false},"featured_media":15499,"comment_status":"open","ping_status":"closed","template":"","meta":{"inline_featured_image":false,"_monsterinsights_skip_tracking":false,"_monsterinsights_sitenote_active":false,"_monsterinsights_sitenote_note":"","_monsterinsights_sitenote_category":0,"_joinchat":[]},"product_cat":[106],"product_tag":[],"class_list":{"0":"post-15498","1":"product","2":"type-product","3":"status-publish","4":"has-post-thumbnail","6":"product_cat-parfumerie","8":"first","9":"instock","10":"shipping-taxable","11":"purchasable","12":"product-type-simple","13":"add-to-wishlist-after_add_to_cart"},"aioseo_notices":[],"_links":{"self":[{"href":"https:\/\/pararepublique.com\/index.php\/wp-json\/wp\/v2\/product\/15498","targetHints":{"allow":["GET"]}}],"collection":[{"href":"https:\/\/pararepublique.com\/index.php\/wp-json\/wp\/v2\/product"}],"about":[{"href":"https:\/\/pararepublique.com\/index.php\/wp-json\/wp\/v2\/types\/product"}],"replies":[{"embeddable":true,"href":"https:\/\/pararepublique.com\/index.php\/wp-json\/wp\/v2\/comments?post=15498"}],"version-history":[{"count":2,"href":"https:\/\/pararepublique.com\/index.php\/wp-json\/wp\/v2\/product\/15498\/revisions"}],"predecessor-version":[{"id":15501,"href":"https:\/\/pararepublique.com\/index.php\/wp-json\/wp\/v2\/product\/15498\/revisions\/15501"}],"wp:featuredmedia":[{"embeddable":true,"href":"https:\/\/pararepublique.com\/index.php\/wp-json\/wp\/v2\/media\/15499"}],"wp:attachment":[{"href":"https:\/\/pararepublique.com\/index.php\/wp-json\/wp\/v2\/media?parent=15498"}],"wp:term":[{"taxonomy":"product_cat","embeddable":true,"href":"https:\/\/pararepublique.com\/index.php\/wp-json\/wp\/v2\/product_cat?post=15498"},{"taxonomy":"product_tag","embeddable":true,"href":"https:\/\/pararepublique.com\/index.php\/wp-json\/wp\/v2\/product_tag?post=15498"}],"curies":[{"name":"wp","href":"https:\/\/api.w.org\/{rel}","templated":true}]}}