{"id":15509,"date":"2024-12-23T15:13:37","date_gmt":"2024-12-23T15:13:37","guid":{"rendered":"https:\/\/pararepublique.com\/?post_type=product&#038;p=15509"},"modified":"2024-12-23T15:13:37","modified_gmt":"2024-12-23T15:13:37","slug":"fantasy-britney-spears-edp","status":"publish","type":"product","link":"https:\/\/pararepublique.com\/index.php\/product\/fantasy-britney-spears-edp\/","title":{"rendered":"FANTASY BRITNEY SPEARS EDP"},"content":{"rendered":"<p>Cette fragrance est une portion magique de l&rsquo;amour, une douce tentation qui laisse un sillage de sensualit\u00e9 envo\u00fbtante. <strong>Fantasy<\/strong> est pour la femme s\u00e9duisante, captivante et r\u00eaveuse. L\u2019histoire commence par un m\u00e9lange divin de d\u00e9licieuses lyches rouges, de coings dor\u00e9s et de kiwis exotiques. Un jeu provocant s\u2019installe avec un d\u00e9licieux accord caram\u00e9lis\u00e9, des p\u00e9tales de jasmin et l&rsquo;orchid\u00e9e sexy, le tout m\u00eal\u00e9 \u00e0 du chocolat blanc. Enfin, un sort est jet\u00e9 avec une surprenante touche finale de musc cr\u00e9meux, des racines envo\u00fbtantes d&rsquo;iris et des notes sensuelles bois\u00e9es. Le design amusant de la bo\u00eete est un emballage parfait pour le magnifique flacon fuchsia. D\u00e9cor\u00e9 de cristaux Swarovski, le flacon poss\u00e8de un anneau orn\u00e9 de pierres repr\u00e9sentant la qu\u00eate de l\u2019amour \u00e9ternel.<\/p>\n<p><strong>Concentration<\/strong> : Eau de Parfum &#8211; EDP<br \/>\n<strong>Famille olfactive<\/strong> : Florale, Fruit\u00e9, Gourmande<br \/>\n<strong>Notes de t\u00eate<\/strong> : Kiwi, Lychee rouge, Coing<br \/>\n<strong>Notes de c\u0153ur<\/strong> : Chocolat blanc, Jasmin, Orchid\u00e9e, Cupcake<br \/>\n<strong>Notes de fond<\/strong> : Musc, Racine d&rsquo;iris (ou lys florentin), Notes bois\u00e9es<\/p>\n","protected":false},"excerpt":{"rendered":"<p>Cette fragrance est une portion magique de l&rsquo;amour, une douce tentation qui laisse un sillage de sensualit\u00e9 envo\u00fbtante.<\/p>\n<p><strong>Concentration<\/strong> : Eau de Parfum &#8211; EDP<br \/>\n<strong>Famille olfactive<\/strong> : Florale, Fruit\u00e9, Gourmande<br \/>\n<strong>Notes de t\u00eate<\/strong> : Kiwi, Lychee rouge, Coing<br \/>\n<strong>Notes de c\u0153ur<\/strong> : Chocolat blanc, Jasmin, Orchid\u00e9e, Cupcake<br \/>\n<strong>Notes de fond<\/strong> : Musc, Racine d&rsquo;iris (ou lys florentin), Notes bois\u00e9es<\/p>\n","protected":false},"featured_media":15510,"comment_status":"open","ping_status":"closed","template":"","meta":{"inline_featured_image":false,"_monsterinsights_skip_tracking":false,"_monsterinsights_sitenote_active":false,"_monsterinsights_sitenote_note":"","_monsterinsights_sitenote_category":0,"_joinchat":[]},"product_cat":[106],"product_tag":[],"class_list":{"0":"post-15509","1":"product","2":"type-product","3":"status-publish","4":"has-post-thumbnail","6":"product_cat-parfumerie","8":"first","9":"instock","10":"shipping-taxable","11":"purchasable","12":"product-type-simple","13":"add-to-wishlist-after_add_to_cart"},"aioseo_notices":[],"_links":{"self":[{"href":"https:\/\/pararepublique.com\/index.php\/wp-json\/wp\/v2\/product\/15509","targetHints":{"allow":["GET"]}}],"collection":[{"href":"https:\/\/pararepublique.com\/index.php\/wp-json\/wp\/v2\/product"}],"about":[{"href":"https:\/\/pararepublique.com\/index.php\/wp-json\/wp\/v2\/types\/product"}],"replies":[{"embeddable":true,"href":"https:\/\/pararepublique.com\/index.php\/wp-json\/wp\/v2\/comments?post=15509"}],"version-history":[{"count":1,"href":"https:\/\/pararepublique.com\/index.php\/wp-json\/wp\/v2\/product\/15509\/revisions"}],"predecessor-version":[{"id":15511,"href":"https:\/\/pararepublique.com\/index.php\/wp-json\/wp\/v2\/product\/15509\/revisions\/15511"}],"wp:featuredmedia":[{"embeddable":true,"href":"https:\/\/pararepublique.com\/index.php\/wp-json\/wp\/v2\/media\/15510"}],"wp:attachment":[{"href":"https:\/\/pararepublique.com\/index.php\/wp-json\/wp\/v2\/media?parent=15509"}],"wp:term":[{"taxonomy":"product_cat","embeddable":true,"href":"https:\/\/pararepublique.com\/index.php\/wp-json\/wp\/v2\/product_cat?post=15509"},{"taxonomy":"product_tag","embeddable":true,"href":"https:\/\/pararepublique.com\/index.php\/wp-json\/wp\/v2\/product_tag?post=15509"}],"curies":[{"name":"wp","href":"https:\/\/api.w.org\/{rel}","templated":true}]}}