{"id":15512,"date":"2024-12-23T15:16:30","date_gmt":"2024-12-23T15:16:30","guid":{"rendered":"https:\/\/pararepublique.com\/?post_type=product&#038;p=15512"},"modified":"2024-12-23T15:16:30","modified_gmt":"2024-12-23T15:16:30","slug":"hugo-boss-vert-125ml","status":"publish","type":"product","link":"https:\/\/pararepublique.com\/index.php\/product\/hugo-boss-vert-125ml\/","title":{"rendered":"HUGO BOSS VERT 125ML"},"content":{"rendered":"<p>Hugo Now, la nouvelle Eau de Toilette de Hugo Boss, est un parfum intemporel, interpr\u00e9t\u00e9 de fa\u00e7on moderne, qui convient \u00e0 toutes les occasions. Le parfum frais et masculin vous donne une forte pr\u00e9sence et un sentiment d&rsquo;ind\u00e9pendance. L&rsquo;Eau de Toilette s&rsquo;ouvre sur une note de t\u00eate fra\u00eeche de pamplemousse et d&rsquo;estragon, suivie d&rsquo;une note de c\u0153ur de romarin et de lavande. La note de fond, compos\u00e9e de patchouli, de f\u00e8ve tonka et de musc, assure un effet durable et une pr\u00e9sence plus intense. L&rsquo;\u00e9l\u00e9gant flacon de l&rsquo;Eau de Toilette Hugo Now pour homme incarne un design s\u00fbr de lui et un luxe moderne. L&#8217;emballage noir et argent\u00e9 souligne la note sombre et masculine du parfum. L&rsquo;Eau de Toilette Hugo Now est un parfum multifonctionnel qui convient \u00e0 tous les jours. Que ce soit pour le bureau ou pour une soir\u00e9e entre amis, vous serez toujours bien habill\u00e9 avec ce parfum.<\/p>\n","protected":false},"excerpt":{"rendered":"<p>Hugo Now, la nouvelle Eau de Toilette de Hugo Boss, est un parfum intemporel, interpr\u00e9t\u00e9 de fa\u00e7on moderne, qui convient \u00e0 toutes les occasions.<\/p>\n","protected":false},"featured_media":15513,"comment_status":"open","ping_status":"closed","template":"","meta":{"inline_featured_image":false,"_monsterinsights_skip_tracking":false,"_monsterinsights_sitenote_active":false,"_monsterinsights_sitenote_note":"","_monsterinsights_sitenote_category":0,"_joinchat":[]},"product_cat":[106],"product_tag":[],"class_list":{"0":"post-15512","1":"product","2":"type-product","3":"status-publish","4":"has-post-thumbnail","6":"product_cat-parfumerie","8":"first","9":"instock","10":"shipping-taxable","11":"purchasable","12":"product-type-simple","13":"add-to-wishlist-after_add_to_cart"},"aioseo_notices":[],"_links":{"self":[{"href":"https:\/\/pararepublique.com\/index.php\/wp-json\/wp\/v2\/product\/15512","targetHints":{"allow":["GET"]}}],"collection":[{"href":"https:\/\/pararepublique.com\/index.php\/wp-json\/wp\/v2\/product"}],"about":[{"href":"https:\/\/pararepublique.com\/index.php\/wp-json\/wp\/v2\/types\/product"}],"replies":[{"embeddable":true,"href":"https:\/\/pararepublique.com\/index.php\/wp-json\/wp\/v2\/comments?post=15512"}],"version-history":[{"count":1,"href":"https:\/\/pararepublique.com\/index.php\/wp-json\/wp\/v2\/product\/15512\/revisions"}],"predecessor-version":[{"id":15514,"href":"https:\/\/pararepublique.com\/index.php\/wp-json\/wp\/v2\/product\/15512\/revisions\/15514"}],"wp:featuredmedia":[{"embeddable":true,"href":"https:\/\/pararepublique.com\/index.php\/wp-json\/wp\/v2\/media\/15513"}],"wp:attachment":[{"href":"https:\/\/pararepublique.com\/index.php\/wp-json\/wp\/v2\/media?parent=15512"}],"wp:term":[{"taxonomy":"product_cat","embeddable":true,"href":"https:\/\/pararepublique.com\/index.php\/wp-json\/wp\/v2\/product_cat?post=15512"},{"taxonomy":"product_tag","embeddable":true,"href":"https:\/\/pararepublique.com\/index.php\/wp-json\/wp\/v2\/product_tag?post=15512"}],"curies":[{"name":"wp","href":"https:\/\/api.w.org\/{rel}","templated":true}]}}