{"id":15515,"date":"2024-12-23T15:19:25","date_gmt":"2024-12-23T15:19:25","guid":{"rendered":"https:\/\/pararepublique.com\/?post_type=product&#038;p=15515"},"modified":"2024-12-23T15:19:26","modified_gmt":"2024-12-23T15:19:26","slug":"hugo-bottled-100ml","status":"publish","type":"product","link":"https:\/\/pararepublique.com\/index.php\/product\/hugo-bottled-100ml\/","title":{"rendered":"HUGO BOTTLED 100ML"},"content":{"rendered":"<p style=\"font-family: ABeeZee, sans-serif; font-size: 0.875rem; line-height: 1.625rem; margin-top: 0px; margin-bottom: 1.875rem;\">Hugo Boss, c\u2019est avant toute chose l\u2019incarnation de la classe, de la virilit\u00e9 et de l\u2019esprit masculin. Avec Boss Bottled, cet homme est dynamique. Il a une \u00e9l\u00e9gance intemporelle qui semble lui ouvrir la voie du succ\u00e8s. Sa confiance en lui est communicative et l\u2019odeur qu\u2019il v\u00e9hicule se doit d\u2019\u00eatre \u00e0 la hauteur de son temp\u00e9rament.<\/p>\n<p style=\"font-family: ABeeZee, sans-serif; font-size: 0.875rem; line-height: 1.625rem; margin-top: 0px; margin-bottom: 1.875rem;\">En effet, l\u2019homme d\u2019aujourd\u2019hui a de multiples facettes et Boss Bottled est \u00e0 son image en affichant une structure complexe mais non moins efficace. Ses notes de fond bois\u00e9es et sensuelles en font un classique ind\u00e9modable, et cela fait d\u00e9j\u00e0 15 ans qu\u2019il est un indispensable de la parfumerie en ligne. On voit souvent la publicit\u00e9 qui pr\u00e9sente ce parfum vaporisateur.<\/p>\n","protected":false},"excerpt":{"rendered":"<p>BOSS BOTTLED. Le parfum de l\u2019Homme d\u2019Aujourd\u2019hui, aux notes raffin\u00e9es et envo\u00fbtantes. Un homme engag\u00e9, accompli \u00e0 la fois dans sa vie personnelle et professionnelle. Ce nouvel homme Boss avance avec assurance et sait rester fid\u00e8le \u00e0 lui-m\u00eame en toutes circonstances.<\/p>\n","protected":false},"featured_media":15516,"comment_status":"open","ping_status":"closed","template":"","meta":{"inline_featured_image":false,"_monsterinsights_skip_tracking":false,"_monsterinsights_sitenote_active":false,"_monsterinsights_sitenote_note":"","_monsterinsights_sitenote_category":0,"_joinchat":[]},"product_cat":[106],"product_tag":[],"class_list":{"0":"post-15515","1":"product","2":"type-product","3":"status-publish","4":"has-post-thumbnail","6":"product_cat-parfumerie","8":"first","9":"instock","10":"shipping-taxable","11":"purchasable","12":"product-type-simple","13":"add-to-wishlist-after_add_to_cart"},"aioseo_notices":[],"_links":{"self":[{"href":"https:\/\/pararepublique.com\/index.php\/wp-json\/wp\/v2\/product\/15515","targetHints":{"allow":["GET"]}}],"collection":[{"href":"https:\/\/pararepublique.com\/index.php\/wp-json\/wp\/v2\/product"}],"about":[{"href":"https:\/\/pararepublique.com\/index.php\/wp-json\/wp\/v2\/types\/product"}],"replies":[{"embeddable":true,"href":"https:\/\/pararepublique.com\/index.php\/wp-json\/wp\/v2\/comments?post=15515"}],"version-history":[{"count":2,"href":"https:\/\/pararepublique.com\/index.php\/wp-json\/wp\/v2\/product\/15515\/revisions"}],"predecessor-version":[{"id":15518,"href":"https:\/\/pararepublique.com\/index.php\/wp-json\/wp\/v2\/product\/15515\/revisions\/15518"}],"wp:featuredmedia":[{"embeddable":true,"href":"https:\/\/pararepublique.com\/index.php\/wp-json\/wp\/v2\/media\/15516"}],"wp:attachment":[{"href":"https:\/\/pararepublique.com\/index.php\/wp-json\/wp\/v2\/media?parent=15515"}],"wp:term":[{"taxonomy":"product_cat","embeddable":true,"href":"https:\/\/pararepublique.com\/index.php\/wp-json\/wp\/v2\/product_cat?post=15515"},{"taxonomy":"product_tag","embeddable":true,"href":"https:\/\/pararepublique.com\/index.php\/wp-json\/wp\/v2\/product_tag?post=15515"}],"curies":[{"name":"wp","href":"https:\/\/api.w.org\/{rel}","templated":true}]}}