{"id":15519,"date":"2024-12-23T15:23:39","date_gmt":"2024-12-23T15:23:39","guid":{"rendered":"https:\/\/pararepublique.com\/?post_type=product&#038;p=15519"},"modified":"2024-12-23T15:23:40","modified_gmt":"2024-12-23T15:23:40","slug":"kiehls-serum-acide-hyalu-15-ultra","status":"publish","type":"product","link":"https:\/\/pararepublique.com\/index.php\/product\/kiehls-serum-acide-hyalu-15-ultra\/","title":{"rendered":"KIEHLS SERUM ACIDE HYALU 1,5% ULTRA"},"content":{"rendered":"<header class=\"cs-product-details__headline\" tabindex=\"0\" role=\"tab\" data-role=\"title\" aria-selected=\"false\" aria-expanded=\"true\">Le s\u00e9rum ultra pur est un s\u00e9rum \u00e0 l&rsquo;acide hyaluronique concentr\u00e9 \u00e0 1,5 % pour tous les types de peau, fabriqu\u00e9 avec seulement 7 ingr\u00e9dients qui reconstituent et hydratent la peau. Il est reconnu par l&rsquo;Association canadienne des dermatologues (ACD) pour son faible potentiel d&rsquo;irritation. Le s\u00e9rum facial \u00e0 l&rsquo;acide hyaluronique \u00e0 absorption rapide de Kiehl&rsquo;s est formul\u00e9 de mani\u00e8re minimale avec seulement sept ingr\u00e9dients pour aider \u00e0 reconstituer visiblement la peau s\u00e8che et \u00e0 l&rsquo;hydrater intens\u00e9ment. Concentr\u00e9e avec 1,5 % d&rsquo;acide hyaluronique, sa formule pure et puissante laisse la peau plus rebondie, saine et hydrat\u00e9e. 28 g 30 ml Article fabriqu\u00e9 aux \u00c9tats-Unis.<\/p>\n<p class=\"cs-product-details__headline-title\">\n<\/header>\n","protected":false},"excerpt":{"rendered":"<p>Le <strong>s\u00e9rum anti-brillance Ultra Pure High-Potency Serum<\/strong> 5.0% Niacinamide de Kiehl&rsquo;s ne contient que <strong>dix ingr\u00e9dients<\/strong> pour r\u00e9duire l&rsquo;apparence des imperfections et l&rsquo;exc\u00e8s de s\u00e9bum.\u00a0La formule efficace avec <strong>5% de niacinamide<\/strong> aide \u00e0 r\u00e9duire visiblement la brillance et \u00e0 <strong>apaiser la peau<\/strong>.<\/p>\n","protected":false},"featured_media":15520,"comment_status":"open","ping_status":"closed","template":"","meta":{"inline_featured_image":false,"_monsterinsights_skip_tracking":false,"_monsterinsights_sitenote_active":false,"_monsterinsights_sitenote_note":"","_monsterinsights_sitenote_category":0,"_joinchat":[]},"product_cat":[106],"product_tag":[],"class_list":{"0":"post-15519","1":"product","2":"type-product","3":"status-publish","4":"has-post-thumbnail","6":"product_cat-parfumerie","8":"first","9":"instock","10":"shipping-taxable","11":"purchasable","12":"product-type-simple","13":"add-to-wishlist-after_add_to_cart"},"aioseo_notices":[],"_links":{"self":[{"href":"https:\/\/pararepublique.com\/index.php\/wp-json\/wp\/v2\/product\/15519","targetHints":{"allow":["GET"]}}],"collection":[{"href":"https:\/\/pararepublique.com\/index.php\/wp-json\/wp\/v2\/product"}],"about":[{"href":"https:\/\/pararepublique.com\/index.php\/wp-json\/wp\/v2\/types\/product"}],"replies":[{"embeddable":true,"href":"https:\/\/pararepublique.com\/index.php\/wp-json\/wp\/v2\/comments?post=15519"}],"version-history":[{"count":2,"href":"https:\/\/pararepublique.com\/index.php\/wp-json\/wp\/v2\/product\/15519\/revisions"}],"predecessor-version":[{"id":15522,"href":"https:\/\/pararepublique.com\/index.php\/wp-json\/wp\/v2\/product\/15519\/revisions\/15522"}],"wp:featuredmedia":[{"embeddable":true,"href":"https:\/\/pararepublique.com\/index.php\/wp-json\/wp\/v2\/media\/15520"}],"wp:attachment":[{"href":"https:\/\/pararepublique.com\/index.php\/wp-json\/wp\/v2\/media?parent=15519"}],"wp:term":[{"taxonomy":"product_cat","embeddable":true,"href":"https:\/\/pararepublique.com\/index.php\/wp-json\/wp\/v2\/product_cat?post=15519"},{"taxonomy":"product_tag","embeddable":true,"href":"https:\/\/pararepublique.com\/index.php\/wp-json\/wp\/v2\/product_tag?post=15519"}],"curies":[{"name":"wp","href":"https:\/\/api.w.org\/{rel}","templated":true}]}}