{"id":15523,"date":"2024-12-23T15:27:06","date_gmt":"2024-12-23T15:27:06","guid":{"rendered":"https:\/\/pararepublique.com\/?post_type=product&#038;p=15523"},"modified":"2024-12-23T15:27:06","modified_gmt":"2024-12-23T15:27:06","slug":"lacoste-homme-edt-100ml","status":"publish","type":"product","link":"https:\/\/pararepublique.com\/index.php\/product\/lacoste-homme-edt-100ml\/","title":{"rendered":"LACOSTE HOMME EDT 100ML"},"content":{"rendered":"<div id=\"descriptionPFCPropio\" class=\"description col-12 col-md-12\">\n<p>LACOSTE L&rsquo;HOMME edt vapo par LACOSTE<\/p>\n<p>L&rsquo;Eau de Toilette L&rsquo;Homme Lacoste attire les hommes qui veulent r\u00e9ussir avec \u00e9l\u00e9gance.<\/p>\n<p>Ce parfum bois\u00e9 \u00e9pic\u00e9 s&rsquo;ouvre sur une combinaison audacieuse de mandarine juteuse, d&rsquo;essence d&rsquo;orange douce et de rhubarbe. Le c\u0153ur vibrant et \u00e9pic\u00e9 de poivre noir et de gingembre laisse place \u00e0 un accord masculin et sensuel de bois de c\u00e8dre, d&rsquo;ambre sec et de vanille qui donne une \u00e9l\u00e9gance intemporelle \u00e0 ce parfum .<\/p>\n<\/div>\n","protected":false},"excerpt":{"rendered":"<p>L\u2019Homme Lacoste est un parfum au style dynamique et \u00e9l\u00e9gant, tr\u00e8s inspir\u00e9 par la t\u00e9nacit\u00e9 des sportifs et la force du crocodile. Cette cr\u00e9ation reste ainsi \u00e9troitement li\u00e9e \u00e0 la l\u00e9gende fondatrice de la marque de mode de Ren\u00e9 Lacoste.<\/p>\n","protected":false},"featured_media":15524,"comment_status":"open","ping_status":"closed","template":"","meta":{"inline_featured_image":false,"_monsterinsights_skip_tracking":false,"_monsterinsights_sitenote_active":false,"_monsterinsights_sitenote_note":"","_monsterinsights_sitenote_category":0,"_joinchat":[]},"product_cat":[106],"product_tag":[],"class_list":{"0":"post-15523","1":"product","2":"type-product","3":"status-publish","4":"has-post-thumbnail","6":"product_cat-parfumerie","8":"first","9":"instock","10":"shipping-taxable","11":"purchasable","12":"product-type-simple","13":"add-to-wishlist-after_add_to_cart"},"aioseo_notices":[],"_links":{"self":[{"href":"https:\/\/pararepublique.com\/index.php\/wp-json\/wp\/v2\/product\/15523","targetHints":{"allow":["GET"]}}],"collection":[{"href":"https:\/\/pararepublique.com\/index.php\/wp-json\/wp\/v2\/product"}],"about":[{"href":"https:\/\/pararepublique.com\/index.php\/wp-json\/wp\/v2\/types\/product"}],"replies":[{"embeddable":true,"href":"https:\/\/pararepublique.com\/index.php\/wp-json\/wp\/v2\/comments?post=15523"}],"version-history":[{"count":1,"href":"https:\/\/pararepublique.com\/index.php\/wp-json\/wp\/v2\/product\/15523\/revisions"}],"predecessor-version":[{"id":15525,"href":"https:\/\/pararepublique.com\/index.php\/wp-json\/wp\/v2\/product\/15523\/revisions\/15525"}],"wp:featuredmedia":[{"embeddable":true,"href":"https:\/\/pararepublique.com\/index.php\/wp-json\/wp\/v2\/media\/15524"}],"wp:attachment":[{"href":"https:\/\/pararepublique.com\/index.php\/wp-json\/wp\/v2\/media?parent=15523"}],"wp:term":[{"taxonomy":"product_cat","embeddable":true,"href":"https:\/\/pararepublique.com\/index.php\/wp-json\/wp\/v2\/product_cat?post=15523"},{"taxonomy":"product_tag","embeddable":true,"href":"https:\/\/pararepublique.com\/index.php\/wp-json\/wp\/v2\/product_tag?post=15523"}],"curies":[{"name":"wp","href":"https:\/\/api.w.org\/{rel}","templated":true}]}}