{"id":15526,"date":"2024-12-23T15:29:48","date_gmt":"2024-12-23T15:29:48","guid":{"rendered":"https:\/\/pararepublique.com\/?post_type=product&#038;p=15526"},"modified":"2024-12-23T15:29:48","modified_gmt":"2024-12-23T15:29:48","slug":"lancome-renergie-multi-lift-ultra","status":"publish","type":"product","link":"https:\/\/pararepublique.com\/index.php\/product\/lancome-renergie-multi-lift-ultra\/","title":{"rendered":"LANCOME RENERGIE MULTI LIFT ULTRA"},"content":{"rendered":"<p>R\u00e9nergie Multi-Lift Ultra d\u00e9sormais avec SPF 20 et correcteur de t\u00e2ches de pigmentation.<\/p>\n<p>R\u00e9nergie Multi-Lift Ultra est une cr\u00e8me anti-\u00e2ge nouvelle g\u00e9n\u00e9ration. Enrichie en graines de lin aux propri\u00e9t\u00e9es liftantes, elle offre une triple efficacit\u00e9 anti-\u00e2ge. La cr\u00e8me R\u00e9nergie Multi-Lift Ultra r\u00e9active les trois param\u00e8tres cl\u00e9s de la peau pour cibler simultan\u00e9ment tous les signes visibles du vieillissement cutan\u00e9 :<br \/>\n1. Les rides sont liss\u00e9es,<br \/>\n2. La peau est plus ferme,<br \/>\n3. Le teint est unifi\u00e9.<\/p>\n<p>Une cr\u00e8me avec une triple efficacit\u00e9, cliniquement prouv\u00e9e. Une texture fondante innovante avec SPF 20 pour tous les types de peau.<\/p>\n","protected":false},"excerpt":{"rendered":"<p>La Cr\u00e8me aux peptides R\u00e9nergie Multi-Lift Ultra agit comme un concentr\u00e9 anti-\u00e2ge \u00e0 la triple efficacit\u00e9 : une action anti-rides, un teint plus uniforme et une peau plus ferme<\/p>\n","protected":false},"featured_media":15527,"comment_status":"open","ping_status":"closed","template":"","meta":{"inline_featured_image":false,"_monsterinsights_skip_tracking":false,"_monsterinsights_sitenote_active":false,"_monsterinsights_sitenote_note":"","_monsterinsights_sitenote_category":0,"_joinchat":[]},"product_cat":[106],"product_tag":[],"class_list":{"0":"post-15526","1":"product","2":"type-product","3":"status-publish","4":"has-post-thumbnail","6":"product_cat-parfumerie","8":"first","9":"instock","10":"shipping-taxable","11":"purchasable","12":"product-type-simple","13":"add-to-wishlist-after_add_to_cart"},"aioseo_notices":[],"_links":{"self":[{"href":"https:\/\/pararepublique.com\/index.php\/wp-json\/wp\/v2\/product\/15526","targetHints":{"allow":["GET"]}}],"collection":[{"href":"https:\/\/pararepublique.com\/index.php\/wp-json\/wp\/v2\/product"}],"about":[{"href":"https:\/\/pararepublique.com\/index.php\/wp-json\/wp\/v2\/types\/product"}],"replies":[{"embeddable":true,"href":"https:\/\/pararepublique.com\/index.php\/wp-json\/wp\/v2\/comments?post=15526"}],"version-history":[{"count":1,"href":"https:\/\/pararepublique.com\/index.php\/wp-json\/wp\/v2\/product\/15526\/revisions"}],"predecessor-version":[{"id":15528,"href":"https:\/\/pararepublique.com\/index.php\/wp-json\/wp\/v2\/product\/15526\/revisions\/15528"}],"wp:featuredmedia":[{"embeddable":true,"href":"https:\/\/pararepublique.com\/index.php\/wp-json\/wp\/v2\/media\/15527"}],"wp:attachment":[{"href":"https:\/\/pararepublique.com\/index.php\/wp-json\/wp\/v2\/media?parent=15526"}],"wp:term":[{"taxonomy":"product_cat","embeddable":true,"href":"https:\/\/pararepublique.com\/index.php\/wp-json\/wp\/v2\/product_cat?post=15526"},{"taxonomy":"product_tag","embeddable":true,"href":"https:\/\/pararepublique.com\/index.php\/wp-json\/wp\/v2\/product_tag?post=15526"}],"curies":[{"name":"wp","href":"https:\/\/api.w.org\/{rel}","templated":true}]}}