{"id":15532,"date":"2024-12-23T15:34:26","date_gmt":"2024-12-23T15:34:26","guid":{"rendered":"https:\/\/pararepublique.com\/?post_type=product&#038;p=15532"},"modified":"2024-12-23T15:34:26","modified_gmt":"2024-12-23T15:34:26","slug":"lanvin-oxygene-homme-edt-100ml","status":"publish","type":"product","link":"https:\/\/pararepublique.com\/index.php\/product\/lanvin-oxygene-homme-edt-100ml\/","title":{"rendered":"LANVIN OXYGENE HOMME EDT 100ML"},"content":{"rendered":"<p>L&rsquo;eau de toilette de Lanvin Oxygene Homme est id\u00e9ale pour un usage quotidien. Avec 6 % \u00e0 12 % d&rsquo;huile parfum\u00e9e, elle est plus subtile qu&rsquo;une eau de parfum, ce qui la rend parfaite pour \u00eatre port\u00e9e, par exemple, au travail. Pour prolonger l&rsquo;exp\u00e9rience olfactive, vous pouvez combiner l&rsquo;eau de toilette avec vos produits de soin pr\u00e9f\u00e9r\u00e9s ou remplir un vaporisateur de sac pour rafra\u00eechir la fragrance tout au long de la journ\u00e9e.<\/p>\n","protected":false},"excerpt":{"rendered":"<p><b>Oxygene Homme<\/b> de <b>Lanvin<\/b> est un parfum Bois\u00e9 Aromatique pour homme. <b>Oxygene Homme<\/b> a \u00e9t\u00e9 lanc\u00e9 en 2001. Le nez derri\u00e8re ce parfum est Alberto Morillas. Les notes de t\u00eate sont Cypr\u00e8s, R\u00e9sine de sapin, Coriandre et Armoise; les notes de coeur sont Gen\u00e9vrier et Myrte; les notes de fond sont C\u00e8dre et Musc blanc.<\/p>\n","protected":false},"featured_media":15533,"comment_status":"open","ping_status":"closed","template":"","meta":{"inline_featured_image":false,"_monsterinsights_skip_tracking":false,"_monsterinsights_sitenote_active":false,"_monsterinsights_sitenote_note":"","_monsterinsights_sitenote_category":0,"_joinchat":[]},"product_cat":[106],"product_tag":[],"class_list":{"0":"post-15532","1":"product","2":"type-product","3":"status-publish","4":"has-post-thumbnail","6":"product_cat-parfumerie","8":"first","9":"instock","10":"shipping-taxable","11":"purchasable","12":"product-type-simple","13":"add-to-wishlist-after_add_to_cart"},"aioseo_notices":[],"_links":{"self":[{"href":"https:\/\/pararepublique.com\/index.php\/wp-json\/wp\/v2\/product\/15532","targetHints":{"allow":["GET"]}}],"collection":[{"href":"https:\/\/pararepublique.com\/index.php\/wp-json\/wp\/v2\/product"}],"about":[{"href":"https:\/\/pararepublique.com\/index.php\/wp-json\/wp\/v2\/types\/product"}],"replies":[{"embeddable":true,"href":"https:\/\/pararepublique.com\/index.php\/wp-json\/wp\/v2\/comments?post=15532"}],"version-history":[{"count":1,"href":"https:\/\/pararepublique.com\/index.php\/wp-json\/wp\/v2\/product\/15532\/revisions"}],"predecessor-version":[{"id":15534,"href":"https:\/\/pararepublique.com\/index.php\/wp-json\/wp\/v2\/product\/15532\/revisions\/15534"}],"wp:featuredmedia":[{"embeddable":true,"href":"https:\/\/pararepublique.com\/index.php\/wp-json\/wp\/v2\/media\/15533"}],"wp:attachment":[{"href":"https:\/\/pararepublique.com\/index.php\/wp-json\/wp\/v2\/media?parent=15532"}],"wp:term":[{"taxonomy":"product_cat","embeddable":true,"href":"https:\/\/pararepublique.com\/index.php\/wp-json\/wp\/v2\/product_cat?post=15532"},{"taxonomy":"product_tag","embeddable":true,"href":"https:\/\/pararepublique.com\/index.php\/wp-json\/wp\/v2\/product_tag?post=15532"}],"curies":[{"name":"wp","href":"https:\/\/api.w.org\/{rel}","templated":true}]}}