{"id":15542,"date":"2024-12-23T15:43:49","date_gmt":"2024-12-23T15:43:49","guid":{"rendered":"https:\/\/pararepublique.com\/?post_type=product&#038;p=15542"},"modified":"2024-12-23T15:43:49","modified_gmt":"2024-12-23T15:43:49","slug":"mac-fon-de-teint-melange","status":"publish","type":"product","link":"https:\/\/pararepublique.com\/index.php\/product\/mac-fon-de-teint-melange\/","title":{"rendered":"MAC FON DE TEINT MELANGE"},"content":{"rendered":"<p>D\u00e9couvrez la nouvelle formule du fond de teint fluide Studio Fix SPF 15, maintenant disponible en 71 teintes et dans 25 teintes MINI.<\/p>\n<p>Ce fond de teint mat offre une tenue 24H tout en laissant la peau respirer.<\/p>\n<p>La nouvelle formule est infus\u00e9e de 87% de soin\u202f: l&rsquo;extrait d&rsquo;algues brunes contr\u00f4le l&rsquo;exc\u00e8s de s\u00e9bum\u202f; l&rsquo;extrait d&rsquo;algues rouges et l&rsquo;acide hyaluronique hydratent la peau.<\/p>\n<p>Le fond de teint fluide Studio Fix SPF 15 offre une couvrance modulable pour un look naturel sur tous les types de peaux. Le fini est confortable et l\u00e9ger sur la peau.<\/p>\n","protected":false},"excerpt":{"rendered":"<p>La nouvelle formule est infus\u00e9e de 87% de soin\u202f: l&rsquo;extrait d&rsquo;algues brunes contr\u00f4le l&rsquo;exc\u00e8s de s\u00e9bum\u202f; l&rsquo;extrait d&rsquo;algues rouges et l&rsquo;acide hyaluronique hydratent la peau.<\/p>\n","protected":false},"featured_media":15543,"comment_status":"open","ping_status":"closed","template":"","meta":{"inline_featured_image":false,"_monsterinsights_skip_tracking":false,"_monsterinsights_sitenote_active":false,"_monsterinsights_sitenote_note":"","_monsterinsights_sitenote_category":0,"_joinchat":[]},"product_cat":[106],"product_tag":[],"class_list":{"0":"post-15542","1":"product","2":"type-product","3":"status-publish","4":"has-post-thumbnail","6":"product_cat-parfumerie","8":"first","9":"instock","10":"shipping-taxable","11":"purchasable","12":"product-type-simple","13":"add-to-wishlist-after_add_to_cart"},"aioseo_notices":[],"_links":{"self":[{"href":"https:\/\/pararepublique.com\/index.php\/wp-json\/wp\/v2\/product\/15542","targetHints":{"allow":["GET"]}}],"collection":[{"href":"https:\/\/pararepublique.com\/index.php\/wp-json\/wp\/v2\/product"}],"about":[{"href":"https:\/\/pararepublique.com\/index.php\/wp-json\/wp\/v2\/types\/product"}],"replies":[{"embeddable":true,"href":"https:\/\/pararepublique.com\/index.php\/wp-json\/wp\/v2\/comments?post=15542"}],"version-history":[{"count":2,"href":"https:\/\/pararepublique.com\/index.php\/wp-json\/wp\/v2\/product\/15542\/revisions"}],"predecessor-version":[{"id":15545,"href":"https:\/\/pararepublique.com\/index.php\/wp-json\/wp\/v2\/product\/15542\/revisions\/15545"}],"wp:featuredmedia":[{"embeddable":true,"href":"https:\/\/pararepublique.com\/index.php\/wp-json\/wp\/v2\/media\/15543"}],"wp:attachment":[{"href":"https:\/\/pararepublique.com\/index.php\/wp-json\/wp\/v2\/media?parent=15542"}],"wp:term":[{"taxonomy":"product_cat","embeddable":true,"href":"https:\/\/pararepublique.com\/index.php\/wp-json\/wp\/v2\/product_cat?post=15542"},{"taxonomy":"product_tag","embeddable":true,"href":"https:\/\/pararepublique.com\/index.php\/wp-json\/wp\/v2\/product_tag?post=15542"}],"curies":[{"name":"wp","href":"https:\/\/api.w.org\/{rel}","templated":true}]}}