{"id":15546,"date":"2024-12-23T15:47:00","date_gmt":"2024-12-23T15:47:00","guid":{"rendered":"https:\/\/pararepublique.com\/?post_type=product&#038;p=15546"},"modified":"2024-12-23T15:47:01","modified_gmt":"2024-12-23T15:47:01","slug":"lovely-fantasme-edt-100ml","status":"publish","type":"product","link":"https:\/\/pararepublique.com\/index.php\/product\/lovely-fantasme-edt-100ml\/","title":{"rendered":"LOVELY FANTASME EDT 100ML"},"content":{"rendered":"<p>Le parfum Lovely Fantasme e de deau de toilette offre la fra\u00eecheur parfaite pour les journ\u00e9es chaudes. En \u00e9tant caract\u00e9ris\u00e9 par ses ar\u00f4mes l\u00e9gers, vous pouvez utiliser la quantit\u00e9 que vous voulez sans crainte d&rsquo;exag\u00e9rer.<\/p>\n","protected":false},"excerpt":{"rendered":"<p><b>Lovely Fantasme<\/b> de <b>Ted Lapidus<\/b> est un parfum Floral pour femme. <b>Lovely Fantasme<\/b> a \u00e9t\u00e9 lanc\u00e9 en 2009. Les notes de t\u00eate sont Pivoine, Pomme rouge et Mandarine; les notes de coeur sont Violette, Muguet, Rose et Fleur de p\u00e9cher; les notes de fond sont Musc et Ambre.<\/p>\n","protected":false},"featured_media":15547,"comment_status":"open","ping_status":"closed","template":"","meta":{"inline_featured_image":false,"_monsterinsights_skip_tracking":false,"_monsterinsights_sitenote_active":false,"_monsterinsights_sitenote_note":"","_monsterinsights_sitenote_category":0,"_joinchat":[]},"product_cat":[106],"product_tag":[],"class_list":{"0":"post-15546","1":"product","2":"type-product","3":"status-publish","4":"has-post-thumbnail","6":"product_cat-parfumerie","8":"first","9":"instock","10":"shipping-taxable","11":"purchasable","12":"product-type-simple","13":"add-to-wishlist-after_add_to_cart"},"aioseo_notices":[],"_links":{"self":[{"href":"https:\/\/pararepublique.com\/index.php\/wp-json\/wp\/v2\/product\/15546","targetHints":{"allow":["GET"]}}],"collection":[{"href":"https:\/\/pararepublique.com\/index.php\/wp-json\/wp\/v2\/product"}],"about":[{"href":"https:\/\/pararepublique.com\/index.php\/wp-json\/wp\/v2\/types\/product"}],"replies":[{"embeddable":true,"href":"https:\/\/pararepublique.com\/index.php\/wp-json\/wp\/v2\/comments?post=15546"}],"version-history":[{"count":1,"href":"https:\/\/pararepublique.com\/index.php\/wp-json\/wp\/v2\/product\/15546\/revisions"}],"predecessor-version":[{"id":15548,"href":"https:\/\/pararepublique.com\/index.php\/wp-json\/wp\/v2\/product\/15546\/revisions\/15548"}],"wp:featuredmedia":[{"embeddable":true,"href":"https:\/\/pararepublique.com\/index.php\/wp-json\/wp\/v2\/media\/15547"}],"wp:attachment":[{"href":"https:\/\/pararepublique.com\/index.php\/wp-json\/wp\/v2\/media?parent=15546"}],"wp:term":[{"taxonomy":"product_cat","embeddable":true,"href":"https:\/\/pararepublique.com\/index.php\/wp-json\/wp\/v2\/product_cat?post=15546"},{"taxonomy":"product_tag","embeddable":true,"href":"https:\/\/pararepublique.com\/index.php\/wp-json\/wp\/v2\/product_tag?post=15546"}],"curies":[{"name":"wp","href":"https:\/\/api.w.org\/{rel}","templated":true}]}}