{"id":15560,"date":"2024-12-23T16:02:19","date_gmt":"2024-12-23T16:02:19","guid":{"rendered":"https:\/\/pararepublique.com\/?post_type=product&#038;p=15560"},"modified":"2024-12-23T16:02:19","modified_gmt":"2024-12-23T16:02:19","slug":"kenzo-jungle-edp-100ml","status":"publish","type":"product","link":"https:\/\/pararepublique.com\/index.php\/product\/kenzo-jungle-edp-100ml\/","title":{"rendered":"KENZO JUNGLE EDP 100ML"},"content":{"rendered":"<p>KENZO vous invite \u00e0 un voyage m\u00e9tiss\u00e9 au c\u0153ur d\u2019une nature luxuriante. Pour KENZO le roi de la jungle n\u2019est pas le lion, mais bien l\u2019\u00e9l\u00e9phant, qui parade joyeusement sur le flacon. KENZO JUNGLE est un oriental \u00e9pic\u00e9 qui ne manque pas de caract\u00e8re !<\/p>\n<p>La Cardamome pimente un c\u0153ur gourmand d\u2019Ylang-Ylang, R\u00e9glisse et Gard\u00e9nia sur un fond g\u00e9n\u00e9reux de Patchouli. Un sillage sensuel, tr\u00e8s sign\u00e9.<\/p>\n","protected":false},"excerpt":{"rendered":"<p>La Cardamome pimente un c\u0153ur gourmand d\u2019Ylang-Ylang, R\u00e9glisse et Gard\u00e9nia sur un fond g\u00e9n\u00e9reux de Patchouli. Un sillage sensuel, tr\u00e8s sign\u00e9.<\/p>\n","protected":false},"featured_media":15561,"comment_status":"open","ping_status":"closed","template":"","meta":{"inline_featured_image":false,"_monsterinsights_skip_tracking":false,"_monsterinsights_sitenote_active":false,"_monsterinsights_sitenote_note":"","_monsterinsights_sitenote_category":0,"_joinchat":[]},"product_cat":[106],"product_tag":[],"class_list":{"0":"post-15560","1":"product","2":"type-product","3":"status-publish","4":"has-post-thumbnail","6":"product_cat-parfumerie","8":"first","9":"instock","10":"shipping-taxable","11":"purchasable","12":"product-type-simple","13":"add-to-wishlist-after_add_to_cart"},"aioseo_notices":[],"_links":{"self":[{"href":"https:\/\/pararepublique.com\/index.php\/wp-json\/wp\/v2\/product\/15560","targetHints":{"allow":["GET"]}}],"collection":[{"href":"https:\/\/pararepublique.com\/index.php\/wp-json\/wp\/v2\/product"}],"about":[{"href":"https:\/\/pararepublique.com\/index.php\/wp-json\/wp\/v2\/types\/product"}],"replies":[{"embeddable":true,"href":"https:\/\/pararepublique.com\/index.php\/wp-json\/wp\/v2\/comments?post=15560"}],"version-history":[{"count":2,"href":"https:\/\/pararepublique.com\/index.php\/wp-json\/wp\/v2\/product\/15560\/revisions"}],"predecessor-version":[{"id":15563,"href":"https:\/\/pararepublique.com\/index.php\/wp-json\/wp\/v2\/product\/15560\/revisions\/15563"}],"wp:featuredmedia":[{"embeddable":true,"href":"https:\/\/pararepublique.com\/index.php\/wp-json\/wp\/v2\/media\/15561"}],"wp:attachment":[{"href":"https:\/\/pararepublique.com\/index.php\/wp-json\/wp\/v2\/media?parent=15560"}],"wp:term":[{"taxonomy":"product_cat","embeddable":true,"href":"https:\/\/pararepublique.com\/index.php\/wp-json\/wp\/v2\/product_cat?post=15560"},{"taxonomy":"product_tag","embeddable":true,"href":"https:\/\/pararepublique.com\/index.php\/wp-json\/wp\/v2\/product_tag?post=15560"}],"curies":[{"name":"wp","href":"https:\/\/api.w.org\/{rel}","templated":true}]}}