{"id":15575,"date":"2024-12-23T16:16:00","date_gmt":"2024-12-23T16:16:00","guid":{"rendered":"https:\/\/pararepublique.com\/?post_type=product&#038;p=15575"},"modified":"2024-12-23T16:16:00","modified_gmt":"2024-12-23T16:16:00","slug":"dina-parfum-posh-femme-100ml","status":"publish","type":"product","link":"https:\/\/pararepublique.com\/index.php\/product\/dina-parfum-posh-femme-100ml\/","title":{"rendered":"DINA PARFUM POSH FEMME 100ML"},"content":{"rendered":"<p>Posh pour Femme de Dina Cosmetics est un parfum floral fruit\u00e9 pour les femmes.<\/p>\n<p>La note la plus \u00e9lev\u00e9e est les agrumes;<\/p>\n<p>Les notes de c\u0153ur sont des notes florales et fruit\u00e9es;<\/p>\n<p>Les notes d&rsquo;information sont la vanille et le musc.<\/p>\n","protected":false},"excerpt":{"rendered":"<p><b>Posh Femme<\/b> de <b>Dina Cosmetics<\/b> est un parfum Floral fruit\u00e9 pour femme. La note de t\u00eate est Agrumes; les notes de coeur sont Notes fleuries et Notes fruit\u00e9es; les notes de fond sont Vanille et Musc.<\/p>\n","protected":false},"featured_media":15576,"comment_status":"open","ping_status":"closed","template":"","meta":{"inline_featured_image":false,"_monsterinsights_skip_tracking":false,"_monsterinsights_sitenote_active":false,"_monsterinsights_sitenote_note":"","_monsterinsights_sitenote_category":0,"_joinchat":[]},"product_cat":[106],"product_tag":[],"class_list":{"0":"post-15575","1":"product","2":"type-product","3":"status-publish","4":"has-post-thumbnail","6":"product_cat-parfumerie","8":"first","9":"instock","10":"shipping-taxable","11":"purchasable","12":"product-type-simple","13":"add-to-wishlist-after_add_to_cart"},"aioseo_notices":[],"_links":{"self":[{"href":"https:\/\/pararepublique.com\/index.php\/wp-json\/wp\/v2\/product\/15575","targetHints":{"allow":["GET"]}}],"collection":[{"href":"https:\/\/pararepublique.com\/index.php\/wp-json\/wp\/v2\/product"}],"about":[{"href":"https:\/\/pararepublique.com\/index.php\/wp-json\/wp\/v2\/types\/product"}],"replies":[{"embeddable":true,"href":"https:\/\/pararepublique.com\/index.php\/wp-json\/wp\/v2\/comments?post=15575"}],"version-history":[{"count":1,"href":"https:\/\/pararepublique.com\/index.php\/wp-json\/wp\/v2\/product\/15575\/revisions"}],"predecessor-version":[{"id":15577,"href":"https:\/\/pararepublique.com\/index.php\/wp-json\/wp\/v2\/product\/15575\/revisions\/15577"}],"wp:featuredmedia":[{"embeddable":true,"href":"https:\/\/pararepublique.com\/index.php\/wp-json\/wp\/v2\/media\/15576"}],"wp:attachment":[{"href":"https:\/\/pararepublique.com\/index.php\/wp-json\/wp\/v2\/media?parent=15575"}],"wp:term":[{"taxonomy":"product_cat","embeddable":true,"href":"https:\/\/pararepublique.com\/index.php\/wp-json\/wp\/v2\/product_cat?post=15575"},{"taxonomy":"product_tag","embeddable":true,"href":"https:\/\/pararepublique.com\/index.php\/wp-json\/wp\/v2\/product_tag?post=15575"}],"curies":[{"name":"wp","href":"https:\/\/api.w.org\/{rel}","templated":true}]}}