{"id":15588,"date":"2024-12-23T16:28:37","date_gmt":"2024-12-23T16:28:37","guid":{"rendered":"https:\/\/pararepublique.com\/?post_type=product&#038;p=15588"},"modified":"2024-12-23T16:28:37","modified_gmt":"2024-12-23T16:28:37","slug":"dina-parf-coffret-lovely-me-femme-150ml","status":"publish","type":"product","link":"https:\/\/pararepublique.com\/index.php\/product\/dina-parf-coffret-lovely-me-femme-150ml\/","title":{"rendered":"DINA PARF COFFRET LOVELY ME FEMME 150ML"},"content":{"rendered":"<p>Un parfum sensuel, fantasque et captivant ! C&rsquo;est le contraste entre un cocktail de fruits juteux et un sublime c\u0153ur floral compos\u00e9 de rose, de lotus, de champaca, surmont\u00e9 d&rsquo;une orchid\u00e9e noire. En fond, la violette s&rsquo;enveloppe d&rsquo;un voile d&rsquo;ambre et de musc, pour une signature voluptueuse et sensuelle.<\/p>\n<p>Contenance :<\/p>\n<p>Eau de parfum <strong>100 ml<\/strong><br \/>\nLait corporel <strong>100 ml<\/strong><\/p>\n","protected":false},"excerpt":{"rendered":"<p>Un parfum sensuel, fantasque et captivant ! C&rsquo;est le contraste entre un cocktail de fruits juteux et un sublime c\u0153ur floral compos\u00e9 de rose, de lotus, de champaca, surmont\u00e9 d&rsquo;une orchid\u00e9e noire.<\/p>\n","protected":false},"featured_media":15589,"comment_status":"open","ping_status":"closed","template":"","meta":{"inline_featured_image":false,"_monsterinsights_skip_tracking":false,"_monsterinsights_sitenote_active":false,"_monsterinsights_sitenote_note":"","_monsterinsights_sitenote_category":0,"_joinchat":[]},"product_cat":[106],"product_tag":[],"class_list":{"0":"post-15588","1":"product","2":"type-product","3":"status-publish","4":"has-post-thumbnail","6":"product_cat-parfumerie","8":"first","9":"instock","10":"shipping-taxable","11":"purchasable","12":"product-type-simple","13":"add-to-wishlist-after_add_to_cart"},"aioseo_notices":[],"_links":{"self":[{"href":"https:\/\/pararepublique.com\/index.php\/wp-json\/wp\/v2\/product\/15588","targetHints":{"allow":["GET"]}}],"collection":[{"href":"https:\/\/pararepublique.com\/index.php\/wp-json\/wp\/v2\/product"}],"about":[{"href":"https:\/\/pararepublique.com\/index.php\/wp-json\/wp\/v2\/types\/product"}],"replies":[{"embeddable":true,"href":"https:\/\/pararepublique.com\/index.php\/wp-json\/wp\/v2\/comments?post=15588"}],"version-history":[{"count":1,"href":"https:\/\/pararepublique.com\/index.php\/wp-json\/wp\/v2\/product\/15588\/revisions"}],"predecessor-version":[{"id":15590,"href":"https:\/\/pararepublique.com\/index.php\/wp-json\/wp\/v2\/product\/15588\/revisions\/15590"}],"wp:featuredmedia":[{"embeddable":true,"href":"https:\/\/pararepublique.com\/index.php\/wp-json\/wp\/v2\/media\/15589"}],"wp:attachment":[{"href":"https:\/\/pararepublique.com\/index.php\/wp-json\/wp\/v2\/media?parent=15588"}],"wp:term":[{"taxonomy":"product_cat","embeddable":true,"href":"https:\/\/pararepublique.com\/index.php\/wp-json\/wp\/v2\/product_cat?post=15588"},{"taxonomy":"product_tag","embeddable":true,"href":"https:\/\/pararepublique.com\/index.php\/wp-json\/wp\/v2\/product_tag?post=15588"}],"curies":[{"name":"wp","href":"https:\/\/api.w.org\/{rel}","templated":true}]}}