{"id":15596,"date":"2024-12-26T12:30:04","date_gmt":"2024-12-26T12:30:04","guid":{"rendered":"https:\/\/pararepublique.com\/?post_type=product&#038;p=15596"},"modified":"2024-12-26T12:30:05","modified_gmt":"2024-12-26T12:30:05","slug":"coffret-fete-des-meres","status":"publish","type":"product","link":"https:\/\/pararepublique.com\/index.php\/product\/coffret-fete-des-meres\/","title":{"rendered":"COFFRET FETE DES MERES"},"content":{"rendered":"<p>Laissez-vous surprendre par le parfum de marque\u00a0<strong>Parfum Homme Boucheron EDP Pour Homme 100 ml<\/strong>\u00a0et laissez un souvenir imp\u00e9rissable de votre passage en portant ce\u00a0<strong>parfum homme<\/strong><strong>\u00a0<\/strong><strong>100 % authentique<\/strong>. Sa composition unique exalte un parfum \u00e0 votre image. D\u00e9couvrez sans plus tarder nos produits\u00a0<strong>Boucheron 100 % authentiques<\/strong>\u00a0!<\/p>\n<ul>\n<li>Genre: Homme<\/li>\n<li>Capacit\u00e9: 100 ml<\/li>\n<li>Nom du parfum: Pour Homme<\/li>\n<li>Type: EDP (Eau de Parfum)<\/li>\n<\/ul>\n","protected":false},"excerpt":{"rendered":"<p>Parfum Homme Boucheron EDP Pour Homme 100 ml. D\u00e9sormais disponible \u00e0 Dakar \u2013 S\u00e9n\u00e9gal \u00e0 un prix extraordinaire qui d\u00e9fie toute attente. \u00c9levez votre style de vie, red\u00e9finissez vos normes et plongez dans un monde de qualit\u00e9 sup\u00e9rieure<\/p>\n","protected":false},"featured_media":15597,"comment_status":"open","ping_status":"closed","template":"","meta":{"inline_featured_image":false,"_monsterinsights_skip_tracking":false,"_monsterinsights_sitenote_active":false,"_monsterinsights_sitenote_note":"","_monsterinsights_sitenote_category":0,"_joinchat":[]},"product_cat":[106],"product_tag":[],"class_list":{"0":"post-15596","1":"product","2":"type-product","3":"status-publish","4":"has-post-thumbnail","6":"product_cat-parfumerie","8":"first","9":"instock","10":"shipping-taxable","11":"purchasable","12":"product-type-simple","13":"add-to-wishlist-after_add_to_cart"},"aioseo_notices":[],"_links":{"self":[{"href":"https:\/\/pararepublique.com\/index.php\/wp-json\/wp\/v2\/product\/15596","targetHints":{"allow":["GET"]}}],"collection":[{"href":"https:\/\/pararepublique.com\/index.php\/wp-json\/wp\/v2\/product"}],"about":[{"href":"https:\/\/pararepublique.com\/index.php\/wp-json\/wp\/v2\/types\/product"}],"replies":[{"embeddable":true,"href":"https:\/\/pararepublique.com\/index.php\/wp-json\/wp\/v2\/comments?post=15596"}],"version-history":[{"count":1,"href":"https:\/\/pararepublique.com\/index.php\/wp-json\/wp\/v2\/product\/15596\/revisions"}],"predecessor-version":[{"id":15598,"href":"https:\/\/pararepublique.com\/index.php\/wp-json\/wp\/v2\/product\/15596\/revisions\/15598"}],"wp:featuredmedia":[{"embeddable":true,"href":"https:\/\/pararepublique.com\/index.php\/wp-json\/wp\/v2\/media\/15597"}],"wp:attachment":[{"href":"https:\/\/pararepublique.com\/index.php\/wp-json\/wp\/v2\/media?parent=15596"}],"wp:term":[{"taxonomy":"product_cat","embeddable":true,"href":"https:\/\/pararepublique.com\/index.php\/wp-json\/wp\/v2\/product_cat?post=15596"},{"taxonomy":"product_tag","embeddable":true,"href":"https:\/\/pararepublique.com\/index.php\/wp-json\/wp\/v2\/product_tag?post=15596"}],"curies":[{"name":"wp","href":"https:\/\/api.w.org\/{rel}","templated":true}]}}