{"id":15599,"date":"2024-12-26T12:50:43","date_gmt":"2024-12-26T12:50:43","guid":{"rendered":"https:\/\/pararepublique.com\/?post_type=product&#038;p=15599"},"modified":"2024-12-26T12:50:43","modified_gmt":"2024-12-26T12:50:43","slug":"boucheron-quatre-edt-homme-fl-100ml","status":"publish","type":"product","link":"https:\/\/pararepublique.com\/index.php\/product\/boucheron-quatre-edt-homme-fl-100ml\/","title":{"rendered":"BOUCHERON QUATRE EDT HOMME FL 100ML"},"content":{"rendered":"<div class=\"WAZqE7 QfrfFD cell\">\n<section class=\"Va_ZoC\" data-hook=\"description-wrapper\">\n<div class=\"LvOu6J\">\n<div class=\"vaI0UH\" data-hook=\"content-wrapper\">\n<p>Quatre pour Homme, une interpr\u00e9tation olfactive moderne et audacieuse de la bague iconique de la Maison Boucheron. Dans cette Eau de Toilette s&rsquo;exprime la force de la modernit\u00e9 et la douceur de la maturit\u00e9.<\/p>\n<p>Affirm\u00e9e et contemporaine, elle r\u00e9v\u00e8le l&rsquo;\u00e9l\u00e9gance de caract\u00e8re et le charisme de ceux qui la portent. Elle est l&rsquo;expression parfum d&rsquo;un subtil \u00e9quilibre entre modernit\u00e9 et h\u00e9ritage, innovation et tradition, rock\/choc et chic. La fragrance est sublim\u00e9e par le Citron Vert, la Lavande Seillans et le Patchouli<\/p>\n<\/div>\n<\/div>\n<\/section>\n<\/div>\n","protected":false},"excerpt":{"rendered":"<p>Eau de toilette BOUCHERON QUATRE POUR HOMME 100ml<\/p>\n","protected":false},"featured_media":15600,"comment_status":"open","ping_status":"closed","template":"","meta":{"inline_featured_image":false,"_monsterinsights_skip_tracking":false,"_monsterinsights_sitenote_active":false,"_monsterinsights_sitenote_note":"","_monsterinsights_sitenote_category":0,"_joinchat":[]},"product_cat":[106],"product_tag":[],"class_list":{"0":"post-15599","1":"product","2":"type-product","3":"status-publish","4":"has-post-thumbnail","6":"product_cat-parfumerie","8":"first","9":"instock","10":"shipping-taxable","11":"purchasable","12":"product-type-simple","13":"add-to-wishlist-after_add_to_cart"},"aioseo_notices":[],"_links":{"self":[{"href":"https:\/\/pararepublique.com\/index.php\/wp-json\/wp\/v2\/product\/15599","targetHints":{"allow":["GET"]}}],"collection":[{"href":"https:\/\/pararepublique.com\/index.php\/wp-json\/wp\/v2\/product"}],"about":[{"href":"https:\/\/pararepublique.com\/index.php\/wp-json\/wp\/v2\/types\/product"}],"replies":[{"embeddable":true,"href":"https:\/\/pararepublique.com\/index.php\/wp-json\/wp\/v2\/comments?post=15599"}],"version-history":[{"count":2,"href":"https:\/\/pararepublique.com\/index.php\/wp-json\/wp\/v2\/product\/15599\/revisions"}],"predecessor-version":[{"id":15602,"href":"https:\/\/pararepublique.com\/index.php\/wp-json\/wp\/v2\/product\/15599\/revisions\/15602"}],"wp:featuredmedia":[{"embeddable":true,"href":"https:\/\/pararepublique.com\/index.php\/wp-json\/wp\/v2\/media\/15600"}],"wp:attachment":[{"href":"https:\/\/pararepublique.com\/index.php\/wp-json\/wp\/v2\/media?parent=15599"}],"wp:term":[{"taxonomy":"product_cat","embeddable":true,"href":"https:\/\/pararepublique.com\/index.php\/wp-json\/wp\/v2\/product_cat?post=15599"},{"taxonomy":"product_tag","embeddable":true,"href":"https:\/\/pararepublique.com\/index.php\/wp-json\/wp\/v2\/product_tag?post=15599"}],"curies":[{"name":"wp","href":"https:\/\/api.w.org\/{rel}","templated":true}]}}