{"id":15607,"date":"2024-12-26T12:57:39","date_gmt":"2024-12-26T12:57:39","guid":{"rendered":"https:\/\/pararepublique.com\/?post_type=product&#038;p=15607"},"modified":"2024-12-26T12:57:39","modified_gmt":"2024-12-26T12:57:39","slug":"parf-boucheron-ambre-dalexandrie","status":"publish","type":"product","link":"https:\/\/pararepublique.com\/index.php\/product\/parf-boucheron-ambre-dalexandrie\/","title":{"rendered":"PARF BOUCHERON AMBRE D\u2019ALEXANDRIE"},"content":{"rendered":"<div class=\"WAZqE7 QfrfFD cell\">\n<section class=\"Va_ZoC\" data-hook=\"description-wrapper\">\n<div class=\"LvOu6J\">\n<div class=\"vaI0UH\" data-hook=\"content-wrapper\">\n<p>Le plus intemporel des ambres de parfumeur, harmonie voluptueuse de vanille lact\u00e9e, de Benjoin aux facettes pralin\u00e9es, et de volutes enivrantes de r\u00e9sine de ciste. Ces Notes ont \u00e9t\u00e9 enrob\u00e9es d\u2019un Esprit de Narguil\u00e9, dans un surprenant m\u00e9lange mystique et hypnotisant.<\/p>\n<\/div>\n<\/div>\n<\/section>\n<\/div>\n","protected":false},"excerpt":{"rendered":"<p>Eau de parfum BOUCHERON AMBRE D&rsquo;ALEXANDRIE 125ml<\/p>\n","protected":false},"featured_media":15608,"comment_status":"open","ping_status":"closed","template":"","meta":{"inline_featured_image":false,"_monsterinsights_skip_tracking":false,"_monsterinsights_sitenote_active":false,"_monsterinsights_sitenote_note":"","_monsterinsights_sitenote_category":0,"_joinchat":[]},"product_cat":[106],"product_tag":[],"class_list":{"0":"post-15607","1":"product","2":"type-product","3":"status-publish","4":"has-post-thumbnail","6":"product_cat-parfumerie","8":"first","9":"instock","10":"shipping-taxable","11":"purchasable","12":"product-type-simple","13":"add-to-wishlist-after_add_to_cart"},"aioseo_notices":[],"_links":{"self":[{"href":"https:\/\/pararepublique.com\/index.php\/wp-json\/wp\/v2\/product\/15607","targetHints":{"allow":["GET"]}}],"collection":[{"href":"https:\/\/pararepublique.com\/index.php\/wp-json\/wp\/v2\/product"}],"about":[{"href":"https:\/\/pararepublique.com\/index.php\/wp-json\/wp\/v2\/types\/product"}],"replies":[{"embeddable":true,"href":"https:\/\/pararepublique.com\/index.php\/wp-json\/wp\/v2\/comments?post=15607"}],"version-history":[{"count":2,"href":"https:\/\/pararepublique.com\/index.php\/wp-json\/wp\/v2\/product\/15607\/revisions"}],"predecessor-version":[{"id":15610,"href":"https:\/\/pararepublique.com\/index.php\/wp-json\/wp\/v2\/product\/15607\/revisions\/15610"}],"wp:featuredmedia":[{"embeddable":true,"href":"https:\/\/pararepublique.com\/index.php\/wp-json\/wp\/v2\/media\/15608"}],"wp:attachment":[{"href":"https:\/\/pararepublique.com\/index.php\/wp-json\/wp\/v2\/media?parent=15607"}],"wp:term":[{"taxonomy":"product_cat","embeddable":true,"href":"https:\/\/pararepublique.com\/index.php\/wp-json\/wp\/v2\/product_cat?post=15607"},{"taxonomy":"product_tag","embeddable":true,"href":"https:\/\/pararepublique.com\/index.php\/wp-json\/wp\/v2\/product_tag?post=15607"}],"curies":[{"name":"wp","href":"https:\/\/api.w.org\/{rel}","templated":true}]}}