{"id":15611,"date":"2024-12-26T13:02:25","date_gmt":"2024-12-26T13:02:25","guid":{"rendered":"https:\/\/pararepublique.com\/?post_type=product&#038;p=15611"},"modified":"2024-12-26T13:02:26","modified_gmt":"2024-12-26T13:02:26","slug":"parf-boucheron-femme","status":"publish","type":"product","link":"https:\/\/pararepublique.com\/index.php\/product\/parf-boucheron-femme\/","title":{"rendered":"PARF BOUCHERON FEMME"},"content":{"rendered":"<div class=\"dx-fragrance-notes\">\n<p>Notes de t\u00eate : Mandarine, Gingembre, Poivre rose<\/p>\n<p>Notes de coeur : M\u00fbre, Tub\u00e9reuse (Jacinthe de nuit), Baume du P\u00e9rou<\/p>\n<p>Notes de fond : V\u00e9tiver, Ambre<\/p>\n<\/div>\n","protected":false},"excerpt":{"rendered":"<p>L&rsquo;eau de parfum de Boucheron Quatre Iconic offre une exp\u00e9rience olfactive longue dur\u00e9e. Avec 10 % \u00e0 20 % d&rsquo;huile de parfum, c&rsquo;est l&rsquo;une des formules les plus concentr\u00e9es. Pour une tenue encore plus longue, vous pouvez combiner l&rsquo;eau de parfum avec vos produits de soin pr\u00e9f\u00e9r\u00e9s.<\/p>\n","protected":false},"featured_media":15612,"comment_status":"open","ping_status":"closed","template":"","meta":{"inline_featured_image":false,"_monsterinsights_skip_tracking":false,"_monsterinsights_sitenote_active":false,"_monsterinsights_sitenote_note":"","_monsterinsights_sitenote_category":0,"_joinchat":[]},"product_cat":[106],"product_tag":[],"class_list":{"0":"post-15611","1":"product","2":"type-product","3":"status-publish","4":"has-post-thumbnail","6":"product_cat-parfumerie","8":"first","9":"instock","10":"shipping-taxable","11":"purchasable","12":"product-type-simple","13":"add-to-wishlist-after_add_to_cart"},"aioseo_notices":[],"_links":{"self":[{"href":"https:\/\/pararepublique.com\/index.php\/wp-json\/wp\/v2\/product\/15611","targetHints":{"allow":["GET"]}}],"collection":[{"href":"https:\/\/pararepublique.com\/index.php\/wp-json\/wp\/v2\/product"}],"about":[{"href":"https:\/\/pararepublique.com\/index.php\/wp-json\/wp\/v2\/types\/product"}],"replies":[{"embeddable":true,"href":"https:\/\/pararepublique.com\/index.php\/wp-json\/wp\/v2\/comments?post=15611"}],"version-history":[{"count":2,"href":"https:\/\/pararepublique.com\/index.php\/wp-json\/wp\/v2\/product\/15611\/revisions"}],"predecessor-version":[{"id":15614,"href":"https:\/\/pararepublique.com\/index.php\/wp-json\/wp\/v2\/product\/15611\/revisions\/15614"}],"wp:featuredmedia":[{"embeddable":true,"href":"https:\/\/pararepublique.com\/index.php\/wp-json\/wp\/v2\/media\/15612"}],"wp:attachment":[{"href":"https:\/\/pararepublique.com\/index.php\/wp-json\/wp\/v2\/media?parent=15611"}],"wp:term":[{"taxonomy":"product_cat","embeddable":true,"href":"https:\/\/pararepublique.com\/index.php\/wp-json\/wp\/v2\/product_cat?post=15611"},{"taxonomy":"product_tag","embeddable":true,"href":"https:\/\/pararepublique.com\/index.php\/wp-json\/wp\/v2\/product_tag?post=15611"}],"curies":[{"name":"wp","href":"https:\/\/api.w.org\/{rel}","templated":true}]}}