{"id":15615,"date":"2024-12-26T13:08:07","date_gmt":"2024-12-26T13:08:07","guid":{"rendered":"https:\/\/pararepublique.com\/?post_type=product&#038;p=15615"},"modified":"2024-12-26T13:08:07","modified_gmt":"2024-12-26T13:08:07","slug":"parf-boucheron-femme-100ml","status":"publish","type":"product","link":"https:\/\/pararepublique.com\/index.php\/product\/parf-boucheron-femme-100ml\/","title":{"rendered":"PARF  BOUCHERON FEMME 100ML"},"content":{"rendered":"<div class=\"row rowDescription\">\n<div class=\"col-lg-4 caracts\"><strong>Pyramide olfactive<\/strong>Note de coeur : Racine d&rsquo;iris, Ylang-ylang, G\u00e9ranium, Narcisse, Tub\u00e9reuse, Fleur d&rsquo;oranger, C\u00e8dre, Muguet, Jasmin<\/p>\n<p>Note de fond : Vanille, Mousse, Musc, Bois, Ambre, Civette, F\u00e8ves de tonka, Benzo\u00efne<\/p>\n<p>Note de t\u00eate : Basilic, \u00e9pices, Bergamote, Abricot, Citron, Mandarine, Orange, Cassis<\/p>\n<p>Type : Oriental, Bois\u00e9<\/p>\n<\/div>\n<div class=\"col-lg-6 last\">\n<p>Boucheron, un grand floral oriental au d\u00e9part p\u00e9tillant et fruit\u00e9. Une signature douce et enveloppante qui souligne un accord floral voluptueux.<\/p>\n<\/div>\n<\/div>\n<div class=\"row rowSeparator\">\n<div class=\"col-lg-12\"><\/div>\n<\/div>\n","protected":false},"excerpt":{"rendered":"<p>Boucheron, un grand floral oriental au d\u00e9part p\u00e9tillant et fruit\u00e9. Une signature douce et enveloppante qui souligne un accord floral voluptueux.<\/p>\n","protected":false},"featured_media":15616,"comment_status":"open","ping_status":"closed","template":"","meta":{"inline_featured_image":false,"_monsterinsights_skip_tracking":false,"_monsterinsights_sitenote_active":false,"_monsterinsights_sitenote_note":"","_monsterinsights_sitenote_category":0,"_joinchat":[]},"product_cat":[106],"product_tag":[],"class_list":{"0":"post-15615","1":"product","2":"type-product","3":"status-publish","4":"has-post-thumbnail","6":"product_cat-parfumerie","8":"first","9":"instock","10":"shipping-taxable","11":"purchasable","12":"product-type-simple","13":"add-to-wishlist-after_add_to_cart"},"aioseo_notices":[],"_links":{"self":[{"href":"https:\/\/pararepublique.com\/index.php\/wp-json\/wp\/v2\/product\/15615","targetHints":{"allow":["GET"]}}],"collection":[{"href":"https:\/\/pararepublique.com\/index.php\/wp-json\/wp\/v2\/product"}],"about":[{"href":"https:\/\/pararepublique.com\/index.php\/wp-json\/wp\/v2\/types\/product"}],"replies":[{"embeddable":true,"href":"https:\/\/pararepublique.com\/index.php\/wp-json\/wp\/v2\/comments?post=15615"}],"version-history":[{"count":2,"href":"https:\/\/pararepublique.com\/index.php\/wp-json\/wp\/v2\/product\/15615\/revisions"}],"predecessor-version":[{"id":15618,"href":"https:\/\/pararepublique.com\/index.php\/wp-json\/wp\/v2\/product\/15615\/revisions\/15618"}],"wp:featuredmedia":[{"embeddable":true,"href":"https:\/\/pararepublique.com\/index.php\/wp-json\/wp\/v2\/media\/15616"}],"wp:attachment":[{"href":"https:\/\/pararepublique.com\/index.php\/wp-json\/wp\/v2\/media?parent=15615"}],"wp:term":[{"taxonomy":"product_cat","embeddable":true,"href":"https:\/\/pararepublique.com\/index.php\/wp-json\/wp\/v2\/product_cat?post=15615"},{"taxonomy":"product_tag","embeddable":true,"href":"https:\/\/pararepublique.com\/index.php\/wp-json\/wp\/v2\/product_tag?post=15615"}],"curies":[{"name":"wp","href":"https:\/\/api.w.org\/{rel}","templated":true}]}}