{"id":15623,"date":"2024-12-26T13:16:37","date_gmt":"2024-12-26T13:16:37","guid":{"rendered":"https:\/\/pararepublique.com\/?post_type=product&#038;p=15623"},"modified":"2024-12-26T13:16:37","modified_gmt":"2024-12-26T13:16:37","slug":"parf-boucheron-homme-edp","status":"publish","type":"product","link":"https:\/\/pararepublique.com\/index.php\/product\/parf-boucheron-homme-edp\/","title":{"rendered":"PARF BOUCHERON HOMME EDP"},"content":{"rendered":"<div class=\"WAZqE7 QfrfFD cell\">\n<section class=\"Va_ZoC\" data-hook=\"description-wrapper\">\n<div class=\"LvOu6J\">\n<div class=\"vaI0UH\" data-hook=\"content-wrapper\">\n<p>Un hesp\u00e9rid\u00e9 bois\u00e9 aromatique, \u00e9l\u00e9gant et subtil.<\/p>\n<p>En \u00e9cho aux collections horlog\u00e8res de la maison Boucheron, le premier parfum masculin sign\u00e9 Boucheron s\u2019adresse \u00e0 un homme classique et raffin\u00e9, intens\u00e9ment masculin.<\/p>\n<p>La simplicit\u00e9 et la sophistication du flacon font r\u00e9f\u00e9rence \u00e0 la l\u00e9gendaire montre \u00ab\u00a0Reflet\u00a0\u00bb, embl\u00e9matique des cr\u00e9ations masculines Boucheron.<\/p>\n<p>Les premi\u00e8res notes, hesp\u00e9rid\u00e9es et aromatiques, laissent ensuite place \u00e0 un accord foug\u00e8re fusant, subtilement bois\u00e9.<\/p>\n<\/div>\n<\/div>\n<\/section>\n<\/div>\n","protected":false},"excerpt":{"rendered":"<p>Eau de parfum BOUCHERON POUR HOMME 100ml<\/p>\n","protected":false},"featured_media":15624,"comment_status":"open","ping_status":"closed","template":"","meta":{"inline_featured_image":false,"_monsterinsights_skip_tracking":false,"_monsterinsights_sitenote_active":false,"_monsterinsights_sitenote_note":"","_monsterinsights_sitenote_category":0,"_joinchat":[]},"product_cat":[106],"product_tag":[],"class_list":{"0":"post-15623","1":"product","2":"type-product","3":"status-publish","4":"has-post-thumbnail","6":"product_cat-parfumerie","8":"first","9":"instock","10":"shipping-taxable","11":"purchasable","12":"product-type-simple","13":"add-to-wishlist-after_add_to_cart"},"aioseo_notices":[],"_links":{"self":[{"href":"https:\/\/pararepublique.com\/index.php\/wp-json\/wp\/v2\/product\/15623","targetHints":{"allow":["GET"]}}],"collection":[{"href":"https:\/\/pararepublique.com\/index.php\/wp-json\/wp\/v2\/product"}],"about":[{"href":"https:\/\/pararepublique.com\/index.php\/wp-json\/wp\/v2\/types\/product"}],"replies":[{"embeddable":true,"href":"https:\/\/pararepublique.com\/index.php\/wp-json\/wp\/v2\/comments?post=15623"}],"version-history":[{"count":1,"href":"https:\/\/pararepublique.com\/index.php\/wp-json\/wp\/v2\/product\/15623\/revisions"}],"predecessor-version":[{"id":15625,"href":"https:\/\/pararepublique.com\/index.php\/wp-json\/wp\/v2\/product\/15623\/revisions\/15625"}],"wp:featuredmedia":[{"embeddable":true,"href":"https:\/\/pararepublique.com\/index.php\/wp-json\/wp\/v2\/media\/15624"}],"wp:attachment":[{"href":"https:\/\/pararepublique.com\/index.php\/wp-json\/wp\/v2\/media?parent=15623"}],"wp:term":[{"taxonomy":"product_cat","embeddable":true,"href":"https:\/\/pararepublique.com\/index.php\/wp-json\/wp\/v2\/product_cat?post=15623"},{"taxonomy":"product_tag","embeddable":true,"href":"https:\/\/pararepublique.com\/index.php\/wp-json\/wp\/v2\/product_tag?post=15623"}],"curies":[{"name":"wp","href":"https:\/\/api.w.org\/{rel}","templated":true}]}}