{"id":15629,"date":"2024-12-26T13:22:16","date_gmt":"2024-12-26T13:22:16","guid":{"rendered":"https:\/\/pararepublique.com\/?post_type=product&#038;p=15629"},"modified":"2024-12-26T13:22:16","modified_gmt":"2024-12-26T13:22:16","slug":"parf-boucheron-jaipur","status":"publish","type":"product","link":"https:\/\/pararepublique.com\/index.php\/product\/parf-boucheron-jaipur\/","title":{"rendered":"PARF BOUCHERON JAIPUR"},"content":{"rendered":"<p>La f\u00e9minit\u00e9 de Ja\u00efpur Bracelet s\u2019affiche alors d\u00e8s son flacon. En effet, celui-ci se teinte d\u2019une couleur rose tr\u00e8s tendre. Si celle-ci est pour nous un synonyme de f\u00e9minit\u00e9, elle est \u00e9galement la couleur traditionnelle de bienvenue en Inde. D\u2019ailleurs, le Maharadjah de Ja\u00efpur avait m\u00eame fait repeindre sa ville enti\u00e8rement en rose \u00e0 la fin du XIXe si\u00e8cle \u00e0 l\u2019occasion de la venue du prince-de-galles. C\u2019est dire l\u2019importance de ce coloris dans la tradition indienne ! L\u2019\u00e9crin de verre de Ja\u00efpur Bracelet rend \u00e9galement hommage aux bracelets typiquement indiens. De plus, il est surmont\u00e9 d\u2019un cabochon couleur am\u00e9thyste et d\u2019un col dor\u00e9, synonymes de tout le luxe que l\u2019on conna\u00eet des ateliers Boucheron. C\u00f4t\u00e9 senteurs, Ja\u00efpur Bracelet s\u2019ouvre sur une sensation fra\u00eeche et hesp\u00e9rid\u00e9e de petitgrain. Celui-ci est agr\u00e9ment\u00e9 de feuilles de violette, de verveine et de basilic. Puis, son c\u0153ur est domin\u00e9 par les fleurs. Il regorge notamment de muguet, de tagette et de jacinthe. Enfin, Ja\u00efpur Bracelet se cl\u00f4t sur des tonalit\u00e9s plus bois\u00e9es et aromatiques de cypr\u00e8s et de cashmeran. N\u00e9anmoins, l\u2019iris est \u00e9galement pr\u00e9sent pour sublimer le tout d\u2019un trait d\u2019\u00e9l\u00e9gance.<\/p>\n","protected":false},"excerpt":{"rendered":"<p>Parfum Boucheron JAIPUR Bracelet pour femme 100 ml La f\u00e9minit\u00e9 de Ja\u00efpur Bracelet s\u2019affiche alors d\u00e8s son flacon. En effet, celui-ci se teinte d\u2019une couleur rose tr\u00e8s tendre. Si celle-ci est pour nous un synonyme de f\u00e9minit\u00e9, elle est \u00e9galement la couleur traditionnelle de bienvenue en Inde.<\/p>\n","protected":false},"featured_media":15630,"comment_status":"open","ping_status":"closed","template":"","meta":{"inline_featured_image":false,"_monsterinsights_skip_tracking":false,"_monsterinsights_sitenote_active":false,"_monsterinsights_sitenote_note":"","_monsterinsights_sitenote_category":0,"_joinchat":[]},"product_cat":[106],"product_tag":[],"class_list":{"0":"post-15629","1":"product","2":"type-product","3":"status-publish","4":"has-post-thumbnail","6":"product_cat-parfumerie","8":"first","9":"instock","10":"shipping-taxable","11":"purchasable","12":"product-type-simple","13":"add-to-wishlist-after_add_to_cart"},"aioseo_notices":[],"_links":{"self":[{"href":"https:\/\/pararepublique.com\/index.php\/wp-json\/wp\/v2\/product\/15629","targetHints":{"allow":["GET"]}}],"collection":[{"href":"https:\/\/pararepublique.com\/index.php\/wp-json\/wp\/v2\/product"}],"about":[{"href":"https:\/\/pararepublique.com\/index.php\/wp-json\/wp\/v2\/types\/product"}],"replies":[{"embeddable":true,"href":"https:\/\/pararepublique.com\/index.php\/wp-json\/wp\/v2\/comments?post=15629"}],"version-history":[{"count":1,"href":"https:\/\/pararepublique.com\/index.php\/wp-json\/wp\/v2\/product\/15629\/revisions"}],"predecessor-version":[{"id":15631,"href":"https:\/\/pararepublique.com\/index.php\/wp-json\/wp\/v2\/product\/15629\/revisions\/15631"}],"wp:featuredmedia":[{"embeddable":true,"href":"https:\/\/pararepublique.com\/index.php\/wp-json\/wp\/v2\/media\/15630"}],"wp:attachment":[{"href":"https:\/\/pararepublique.com\/index.php\/wp-json\/wp\/v2\/media?parent=15629"}],"wp:term":[{"taxonomy":"product_cat","embeddable":true,"href":"https:\/\/pararepublique.com\/index.php\/wp-json\/wp\/v2\/product_cat?post=15629"},{"taxonomy":"product_tag","embeddable":true,"href":"https:\/\/pararepublique.com\/index.php\/wp-json\/wp\/v2\/product_tag?post=15629"}],"curies":[{"name":"wp","href":"https:\/\/api.w.org\/{rel}","templated":true}]}}