{"id":15640,"date":"2024-12-26T13:29:05","date_gmt":"2024-12-26T13:29:05","guid":{"rendered":"https:\/\/pararepublique.com\/?post_type=product&#038;p=15640"},"modified":"2024-12-26T13:29:06","modified_gmt":"2024-12-26T13:29:06","slug":"parf-boucheron-oud-de-carthage","status":"publish","type":"product","link":"https:\/\/pararepublique.com\/index.php\/product\/parf-boucheron-oud-de-carthage\/","title":{"rendered":"PARF  BOUCHERON OUD DE CARTHAGE"},"content":{"rendered":"<p>Laissez le charme de\u00a0<strong>Parfum Unisexe Boucheron EDP Oud de Carthage 125 ml<\/strong>\u00a0agir ! Ce <strong>parfum unisexe<\/strong> <strong>100 % authentique\u00a0<\/strong>diffuse des notes qui plairont aussi bien aux hommes qu\u2019aux femmes. D\u00e9couvrez d\u00e8s maintenant les <strong>produits<\/strong> <strong>Boucheron 100 % authentiques<\/strong> !<\/p>\n<ul>\n<li>Capacit\u00e9: 125 ml<\/li>\n<li>Genre: Unisexe<\/li>\n<li>Type: EDP (Eau de Parfum)<\/li>\n<li>Nom du parfum: Oud de Carthage<\/li>\n<\/ul>\n","protected":false},"excerpt":{"rendered":"<p>Parfum Unisexe Boucheron EDP Oud de Carthage 125 ml. D\u00e9sormais disponible \u00e0 Dakar \u2013 S\u00e9n\u00e9gal \u00e0 un prix extraordinaire qui d\u00e9fie toute attente. \u00c9levez votre style de vie, red\u00e9finissez vos normes et plongez dans un monde de qualit\u00e9 sup\u00e9rieure<\/p>\n","protected":false},"featured_media":15641,"comment_status":"open","ping_status":"closed","template":"","meta":{"inline_featured_image":false,"_monsterinsights_skip_tracking":false,"_monsterinsights_sitenote_active":false,"_monsterinsights_sitenote_note":"","_monsterinsights_sitenote_category":0,"_joinchat":[]},"product_cat":[106],"product_tag":[],"class_list":{"0":"post-15640","1":"product","2":"type-product","3":"status-publish","4":"has-post-thumbnail","6":"product_cat-parfumerie","8":"first","9":"instock","10":"shipping-taxable","11":"purchasable","12":"product-type-simple","13":"add-to-wishlist-after_add_to_cart"},"aioseo_notices":[],"_links":{"self":[{"href":"https:\/\/pararepublique.com\/index.php\/wp-json\/wp\/v2\/product\/15640","targetHints":{"allow":["GET"]}}],"collection":[{"href":"https:\/\/pararepublique.com\/index.php\/wp-json\/wp\/v2\/product"}],"about":[{"href":"https:\/\/pararepublique.com\/index.php\/wp-json\/wp\/v2\/types\/product"}],"replies":[{"embeddable":true,"href":"https:\/\/pararepublique.com\/index.php\/wp-json\/wp\/v2\/comments?post=15640"}],"version-history":[{"count":2,"href":"https:\/\/pararepublique.com\/index.php\/wp-json\/wp\/v2\/product\/15640\/revisions"}],"predecessor-version":[{"id":15643,"href":"https:\/\/pararepublique.com\/index.php\/wp-json\/wp\/v2\/product\/15640\/revisions\/15643"}],"wp:featuredmedia":[{"embeddable":true,"href":"https:\/\/pararepublique.com\/index.php\/wp-json\/wp\/v2\/media\/15641"}],"wp:attachment":[{"href":"https:\/\/pararepublique.com\/index.php\/wp-json\/wp\/v2\/media?parent=15640"}],"wp:term":[{"taxonomy":"product_cat","embeddable":true,"href":"https:\/\/pararepublique.com\/index.php\/wp-json\/wp\/v2\/product_cat?post=15640"},{"taxonomy":"product_tag","embeddable":true,"href":"https:\/\/pararepublique.com\/index.php\/wp-json\/wp\/v2\/product_tag?post=15640"}],"curies":[{"name":"wp","href":"https:\/\/api.w.org\/{rel}","templated":true}]}}