{"id":15644,"date":"2024-12-26T13:32:34","date_gmt":"2024-12-26T13:32:34","guid":{"rendered":"https:\/\/pararepublique.com\/?post_type=product&#038;p=15644"},"modified":"2024-12-26T13:32:34","modified_gmt":"2024-12-26T13:32:34","slug":"parf-boucheron-place-vendome","status":"publish","type":"product","link":"https:\/\/pararepublique.com\/index.php\/product\/parf-boucheron-place-vendome\/","title":{"rendered":"PARF BOUCHERON PLACE VENDOME"},"content":{"rendered":"<p>Laissez-vous surprendre par le <strong>Parfum Femme 100% original Place Vendome Boucheron (30 ml) EDP<\/strong> et boostez votre fe\u0301minite\u0301 gra\u0302ce a\u0300 ce <strong>parfum fe\u0301minin<\/strong> exclusif avec une senteur unique et personnelle. De\u0301couvrez les <strong>produits Boucheron 100% originaux<\/strong> !<\/p>\n","protected":false},"excerpt":{"rendered":"<p>Parfum Femme Place Vendome Boucheron (30 ml) EDP. D\u00e9sormais disponible \u00e0 Dakar \u2013 S\u00e9n\u00e9gal \u00e0 un prix extraordinaire qui d\u00e9fie toute attente. \u00c9levez votre style de vie, red\u00e9finissez vos normes et plongez dans un monde de qualit\u00e9 sup\u00e9rieure<\/p>\n","protected":false},"featured_media":15645,"comment_status":"open","ping_status":"closed","template":"","meta":{"inline_featured_image":false,"_monsterinsights_skip_tracking":false,"_monsterinsights_sitenote_active":false,"_monsterinsights_sitenote_note":"","_monsterinsights_sitenote_category":0,"_joinchat":[]},"product_cat":[106],"product_tag":[],"class_list":{"0":"post-15644","1":"product","2":"type-product","3":"status-publish","4":"has-post-thumbnail","6":"product_cat-parfumerie","8":"first","9":"instock","10":"shipping-taxable","11":"purchasable","12":"product-type-simple","13":"add-to-wishlist-after_add_to_cart"},"aioseo_notices":[],"_links":{"self":[{"href":"https:\/\/pararepublique.com\/index.php\/wp-json\/wp\/v2\/product\/15644","targetHints":{"allow":["GET"]}}],"collection":[{"href":"https:\/\/pararepublique.com\/index.php\/wp-json\/wp\/v2\/product"}],"about":[{"href":"https:\/\/pararepublique.com\/index.php\/wp-json\/wp\/v2\/types\/product"}],"replies":[{"embeddable":true,"href":"https:\/\/pararepublique.com\/index.php\/wp-json\/wp\/v2\/comments?post=15644"}],"version-history":[{"count":1,"href":"https:\/\/pararepublique.com\/index.php\/wp-json\/wp\/v2\/product\/15644\/revisions"}],"predecessor-version":[{"id":15646,"href":"https:\/\/pararepublique.com\/index.php\/wp-json\/wp\/v2\/product\/15644\/revisions\/15646"}],"wp:featuredmedia":[{"embeddable":true,"href":"https:\/\/pararepublique.com\/index.php\/wp-json\/wp\/v2\/media\/15645"}],"wp:attachment":[{"href":"https:\/\/pararepublique.com\/index.php\/wp-json\/wp\/v2\/media?parent=15644"}],"wp:term":[{"taxonomy":"product_cat","embeddable":true,"href":"https:\/\/pararepublique.com\/index.php\/wp-json\/wp\/v2\/product_cat?post=15644"},{"taxonomy":"product_tag","embeddable":true,"href":"https:\/\/pararepublique.com\/index.php\/wp-json\/wp\/v2\/product_tag?post=15644"}],"curies":[{"name":"wp","href":"https:\/\/api.w.org\/{rel}","templated":true}]}}