{"id":15647,"date":"2024-12-26T13:34:56","date_gmt":"2024-12-26T13:34:56","guid":{"rendered":"https:\/\/pararepublique.com\/?post_type=product&#038;p=15647"},"modified":"2024-12-26T13:51:34","modified_gmt":"2024-12-26T13:51:34","slug":"parf-boucheron-pour-homme","status":"publish","type":"product","link":"https:\/\/pararepublique.com\/index.php\/product\/parf-boucheron-pour-homme\/","title":{"rendered":"PARF BOUCHERON POUR HOMME"},"content":{"rendered":"<div id=\"extra-0\" class=\"tab-pane in iqitadditionaltab iqitadditionaltab-24215 active show\">\n<div class=\"rte-content\">\n<p>Notes de t\u00eate : essence de bergamote, essence de baie de geni\u00e8vre, essence de pamplemousse<\/p>\n<p>Notes de c\u0153ur : essence de lavande, essence de g\u00e9ranium, essence de sauge sclar\u00e9e<\/p>\n<p>Notes de fond : bois de c\u00e8dre, essence de v\u00e9tiver, essence de patchouli<\/p>\n<\/div>\n<\/div>\n","protected":false},"excerpt":{"rendered":"<p>Ne perdez pas le rythme, m\u00eame \u00e0 la fin d\u2019une journ\u00e9e difficile. L\u2019eau de parfum pour homme Boucheron Singulier est une riche combinaison d\u2019ingr\u00e9dients olfactifs qui ne cessera de vous mettre de bonne humeur tout en vous incitant \u00e0 tenir la cadence.<\/p>\n","protected":false},"featured_media":15680,"comment_status":"open","ping_status":"closed","template":"","meta":{"inline_featured_image":false,"_monsterinsights_skip_tracking":false,"_monsterinsights_sitenote_active":false,"_monsterinsights_sitenote_note":"","_monsterinsights_sitenote_category":0,"_joinchat":[]},"product_cat":[106],"product_tag":[],"class_list":{"0":"post-15647","1":"product","2":"type-product","3":"status-publish","4":"has-post-thumbnail","6":"product_cat-parfumerie","8":"first","9":"instock","10":"shipping-taxable","11":"purchasable","12":"product-type-simple","13":"add-to-wishlist-after_add_to_cart"},"aioseo_notices":[],"_links":{"self":[{"href":"https:\/\/pararepublique.com\/index.php\/wp-json\/wp\/v2\/product\/15647","targetHints":{"allow":["GET"]}}],"collection":[{"href":"https:\/\/pararepublique.com\/index.php\/wp-json\/wp\/v2\/product"}],"about":[{"href":"https:\/\/pararepublique.com\/index.php\/wp-json\/wp\/v2\/types\/product"}],"replies":[{"embeddable":true,"href":"https:\/\/pararepublique.com\/index.php\/wp-json\/wp\/v2\/comments?post=15647"}],"version-history":[{"count":1,"href":"https:\/\/pararepublique.com\/index.php\/wp-json\/wp\/v2\/product\/15647\/revisions"}],"predecessor-version":[{"id":15649,"href":"https:\/\/pararepublique.com\/index.php\/wp-json\/wp\/v2\/product\/15647\/revisions\/15649"}],"wp:featuredmedia":[{"embeddable":true,"href":"https:\/\/pararepublique.com\/index.php\/wp-json\/wp\/v2\/media\/15680"}],"wp:attachment":[{"href":"https:\/\/pararepublique.com\/index.php\/wp-json\/wp\/v2\/media?parent=15647"}],"wp:term":[{"taxonomy":"product_cat","embeddable":true,"href":"https:\/\/pararepublique.com\/index.php\/wp-json\/wp\/v2\/product_cat?post=15647"},{"taxonomy":"product_tag","embeddable":true,"href":"https:\/\/pararepublique.com\/index.php\/wp-json\/wp\/v2\/product_tag?post=15647"}],"curies":[{"name":"wp","href":"https:\/\/api.w.org\/{rel}","templated":true}]}}