{"id":15665,"date":"2024-12-26T13:43:48","date_gmt":"2024-12-26T13:43:48","guid":{"rendered":"https:\/\/pararepublique.com\/?post_type=product&#038;p=15665"},"modified":"2024-12-26T13:43:48","modified_gmt":"2024-12-26T13:43:48","slug":"parf-gentlemen-only","status":"publish","type":"product","link":"https:\/\/pararepublique.com\/index.php\/product\/parf-gentlemen-only\/","title":{"rendered":"PARF GENTLEMEN ONLY"},"content":{"rendered":"<p>Givenchy Gentlemen Only est une cr\u00e9ation exceptionnelle, con\u00e7ue uniquement pour les vrais gentlemen. Inspir\u00e9 par l&rsquo;\u00e9l\u00e9gance et le style d&rsquo;un vrai gentleman, c&rsquo;est un parfum distinctif qui vous donne force et confiance en vous. C&rsquo;est un parfum \u00e9pic\u00e9 et bois\u00e9 qui commence par une note de t\u00eate stimulante de pamplemousse, de poivre rose, de lavande et d&rsquo;artemisia. Cette note de t\u00eate est compl\u00e9t\u00e9e par une note de c\u0153ur de c\u00e8dre, de v\u00e9tiver et de gen\u00e9vrier, qui donne un go\u00fbt chaud et \u00e9pic\u00e9. La note de fond est un m\u00e9lange de bois de santal, de patchouli, de musc et de f\u00e8ve tonka, pour un parfum oriental de longue dur\u00e9e. Ce parfum est id\u00e9al pour les hommes qui pr\u00e9f\u00e8rent un look classique, \u00e9l\u00e9gant et intemporel. Il est parfait pour toutes les occasions, qu&rsquo;elles soient formelles ou informelles. C&rsquo;est un parfum qui vous donne de l&rsquo;assurance et de la confiance en vous, et qui fait de votre look un style unique.<\/p>\n","protected":false},"excerpt":{"rendered":"<p>Givenchy Gentlemen Only est une cr\u00e9ation exceptionnelle, con\u00e7ue uniquement pour les vrais gentlemen.<\/p>\n","protected":false},"featured_media":15666,"comment_status":"open","ping_status":"closed","template":"","meta":{"inline_featured_image":false,"_monsterinsights_skip_tracking":false,"_monsterinsights_sitenote_active":false,"_monsterinsights_sitenote_note":"","_monsterinsights_sitenote_category":0,"_joinchat":[]},"product_cat":[106],"product_tag":[],"class_list":{"0":"post-15665","1":"product","2":"type-product","3":"status-publish","4":"has-post-thumbnail","6":"product_cat-parfumerie","8":"first","9":"instock","10":"shipping-taxable","11":"purchasable","12":"product-type-simple","13":"add-to-wishlist-after_add_to_cart"},"aioseo_notices":[],"_links":{"self":[{"href":"https:\/\/pararepublique.com\/index.php\/wp-json\/wp\/v2\/product\/15665","targetHints":{"allow":["GET"]}}],"collection":[{"href":"https:\/\/pararepublique.com\/index.php\/wp-json\/wp\/v2\/product"}],"about":[{"href":"https:\/\/pararepublique.com\/index.php\/wp-json\/wp\/v2\/types\/product"}],"replies":[{"embeddable":true,"href":"https:\/\/pararepublique.com\/index.php\/wp-json\/wp\/v2\/comments?post=15665"}],"version-history":[{"count":2,"href":"https:\/\/pararepublique.com\/index.php\/wp-json\/wp\/v2\/product\/15665\/revisions"}],"predecessor-version":[{"id":15668,"href":"https:\/\/pararepublique.com\/index.php\/wp-json\/wp\/v2\/product\/15665\/revisions\/15668"}],"wp:featuredmedia":[{"embeddable":true,"href":"https:\/\/pararepublique.com\/index.php\/wp-json\/wp\/v2\/media\/15666"}],"wp:attachment":[{"href":"https:\/\/pararepublique.com\/index.php\/wp-json\/wp\/v2\/media?parent=15665"}],"wp:term":[{"taxonomy":"product_cat","embeddable":true,"href":"https:\/\/pararepublique.com\/index.php\/wp-json\/wp\/v2\/product_cat?post=15665"},{"taxonomy":"product_tag","embeddable":true,"href":"https:\/\/pararepublique.com\/index.php\/wp-json\/wp\/v2\/product_tag?post=15665"}],"curies":[{"name":"wp","href":"https:\/\/api.w.org\/{rel}","templated":true}]}}