{"id":15669,"date":"2024-12-26T13:45:42","date_gmt":"2024-12-26T13:45:42","guid":{"rendered":"https:\/\/pararepublique.com\/?post_type=product&#038;p=15669"},"modified":"2024-12-26T13:45:42","modified_gmt":"2024-12-26T13:45:42","slug":"parf-invictus-platinium","status":"publish","type":"product","link":"https:\/\/pararepublique.com\/index.php\/product\/parf-invictus-platinium\/","title":{"rendered":"PARF INVICTUS PLATINIUM"},"content":{"rendered":"<p>Enveloppez-vous de cette eau de parfum domin\u00e9e par la lavande bois\u00e9e. Une note de t\u00eate puissante, enrob\u00e9e par la fra\u00eecheur \u00e9nerg\u00e9tique de senteurs menthol\u00e9es. L\u2019eau de parfum pour homme Invictus Platinum de Paco Rabanne surprend par son mariage unique de senteurs authentiques, combinant des notes de pamplemousse et d\u2019absinthe tonique au parfum bois\u00e9 de patchouli et de cypr\u00e8s.<\/p>\n<p>Invictus Platinum de Paco Rabanne est une fragrance aussi masculine qu\u2019\u00e9l\u00e9gante, aux accents riches et complexes. Cette fragrance incontournable est captur\u00e9e dans le flacon de parfum embl\u00e9matique de la collection. Un troph\u00e9e sophistiqu\u00e9 habill\u00e9 d\u2019un d\u00e9grad\u00e9 de gris et frapp\u00e9, pour la premi\u00e8re fois, d\u2019ailes mythiques argent\u00e9es qui se d\u00e9ploient pour atteindre les cieux.<\/p>\n<p>Famille olfactive : AROMATIQUE Bois\u00e9<\/p>\n<p>Note de t\u00eate : absinthe, pamplemousse<\/p>\n<p>Note de c\u0153ur : lavande, mousse de ch\u00eane<\/p>\n<p>Note de fond : menthe, patchouli<\/p>\n","protected":false},"excerpt":{"rendered":"<p>D\u00e9couvrez la nouvelle eau de parfum pour homme de Paco Rabanne : Invictus Platinum, une fragrance aromatique bois\u00e9e audacieuse, plus masculine que jamais. Un nouvel \u00e9lan vers le succ\u00e8s, adress\u00e9 aux hommes qui n\u2019ont pas peur de relever tous les d\u00e9fis du quotidien.<\/p>\n","protected":false},"featured_media":15670,"comment_status":"open","ping_status":"closed","template":"","meta":{"inline_featured_image":false,"_monsterinsights_skip_tracking":false,"_monsterinsights_sitenote_active":false,"_monsterinsights_sitenote_note":"","_monsterinsights_sitenote_category":0,"_joinchat":[]},"product_cat":[106],"product_tag":[],"class_list":{"0":"post-15669","1":"product","2":"type-product","3":"status-publish","4":"has-post-thumbnail","6":"product_cat-parfumerie","8":"first","9":"instock","10":"shipping-taxable","11":"purchasable","12":"product-type-simple","13":"add-to-wishlist-after_add_to_cart"},"aioseo_notices":[],"_links":{"self":[{"href":"https:\/\/pararepublique.com\/index.php\/wp-json\/wp\/v2\/product\/15669","targetHints":{"allow":["GET"]}}],"collection":[{"href":"https:\/\/pararepublique.com\/index.php\/wp-json\/wp\/v2\/product"}],"about":[{"href":"https:\/\/pararepublique.com\/index.php\/wp-json\/wp\/v2\/types\/product"}],"replies":[{"embeddable":true,"href":"https:\/\/pararepublique.com\/index.php\/wp-json\/wp\/v2\/comments?post=15669"}],"version-history":[{"count":2,"href":"https:\/\/pararepublique.com\/index.php\/wp-json\/wp\/v2\/product\/15669\/revisions"}],"predecessor-version":[{"id":15672,"href":"https:\/\/pararepublique.com\/index.php\/wp-json\/wp\/v2\/product\/15669\/revisions\/15672"}],"wp:featuredmedia":[{"embeddable":true,"href":"https:\/\/pararepublique.com\/index.php\/wp-json\/wp\/v2\/media\/15670"}],"wp:attachment":[{"href":"https:\/\/pararepublique.com\/index.php\/wp-json\/wp\/v2\/media?parent=15669"}],"wp:term":[{"taxonomy":"product_cat","embeddable":true,"href":"https:\/\/pararepublique.com\/index.php\/wp-json\/wp\/v2\/product_cat?post=15669"},{"taxonomy":"product_tag","embeddable":true,"href":"https:\/\/pararepublique.com\/index.php\/wp-json\/wp\/v2\/product_tag?post=15669"}],"curies":[{"name":"wp","href":"https:\/\/api.w.org\/{rel}","templated":true}]}}