{"id":15673,"date":"2024-12-26T13:48:00","date_gmt":"2024-12-26T13:48:00","guid":{"rendered":"https:\/\/pararepublique.com\/?post_type=product&#038;p=15673"},"modified":"2024-12-26T13:48:00","modified_gmt":"2024-12-26T13:48:00","slug":"parf-invictus-victory-extreme","status":"publish","type":"product","link":"https:\/\/pararepublique.com\/index.php\/product\/parf-invictus-victory-extreme\/","title":{"rendered":"PARF INVICTUS VICTORY EXTREME"},"content":{"rendered":"<div class=\"product__description rte quick-add-hidden\">\n<p>Incarnation absolue du triomphe, ce parfum ambr\u00e9 pour homme, aux notes bois\u00e9es, \u00e9pic\u00e9es et fra\u00eeches, remporte tous les d\u00e9fis.<\/p>\n<p>Ce parfum incontournable pour homme d\u00e9voile un c\u0153ur de patchouli d\u2019Indon\u00e9sie, rehauss\u00e9 d\u2019un encens myst\u00e9rieux, sur fond de duo de f\u00e8ve tonka d\u00e9licieuse et de vanille de Madagascar. Tandis que ses notes fra\u00eeches aromatiques de lavandin proven\u00e7al s\u2019enrobent d\u2019ar\u00f4mes vifs de cardamome verte et de poivre noir.<\/p>\n<p>Contenu dans son flacon de parfum embl\u00e9matique en forme de troph\u00e9e, Invictus Victory Elixir de Paco Rabanne s\u2019habille d\u2019une enveloppe laqu\u00e9e au d\u00e9grad\u00e9 noir et bleu intense, surmont\u00e9e d\u2019un capot noir brillant grav\u00e9 d\u2019un V dor\u00e9.<\/p>\n<p>Un parfum ambr\u00e9 pour homme, puissant et addictif, qui pousse la grandeur d\u2019Invictus vers des sommets.<\/p>\n<\/div>\n","protected":false},"excerpt":{"rendered":"<p>D\u00e9couvrez la puissance du nouveau parfum intense Invictus Victory Elixir de Paco Rabanne. Un sillage puissant qui pousse la victoire \u00e0 l\u2019extr\u00eame<\/p>\n","protected":false},"featured_media":15674,"comment_status":"open","ping_status":"closed","template":"","meta":{"inline_featured_image":false,"_monsterinsights_skip_tracking":false,"_monsterinsights_sitenote_active":false,"_monsterinsights_sitenote_note":"","_monsterinsights_sitenote_category":0,"_joinchat":[]},"product_cat":[106],"product_tag":[],"class_list":{"0":"post-15673","1":"product","2":"type-product","3":"status-publish","4":"has-post-thumbnail","6":"product_cat-parfumerie","8":"first","9":"instock","10":"shipping-taxable","11":"purchasable","12":"product-type-simple","13":"add-to-wishlist-after_add_to_cart"},"aioseo_notices":[],"_links":{"self":[{"href":"https:\/\/pararepublique.com\/index.php\/wp-json\/wp\/v2\/product\/15673","targetHints":{"allow":["GET"]}}],"collection":[{"href":"https:\/\/pararepublique.com\/index.php\/wp-json\/wp\/v2\/product"}],"about":[{"href":"https:\/\/pararepublique.com\/index.php\/wp-json\/wp\/v2\/types\/product"}],"replies":[{"embeddable":true,"href":"https:\/\/pararepublique.com\/index.php\/wp-json\/wp\/v2\/comments?post=15673"}],"version-history":[{"count":2,"href":"https:\/\/pararepublique.com\/index.php\/wp-json\/wp\/v2\/product\/15673\/revisions"}],"predecessor-version":[{"id":15676,"href":"https:\/\/pararepublique.com\/index.php\/wp-json\/wp\/v2\/product\/15673\/revisions\/15676"}],"wp:featuredmedia":[{"embeddable":true,"href":"https:\/\/pararepublique.com\/index.php\/wp-json\/wp\/v2\/media\/15674"}],"wp:attachment":[{"href":"https:\/\/pararepublique.com\/index.php\/wp-json\/wp\/v2\/media?parent=15673"}],"wp:term":[{"taxonomy":"product_cat","embeddable":true,"href":"https:\/\/pararepublique.com\/index.php\/wp-json\/wp\/v2\/product_cat?post=15673"},{"taxonomy":"product_tag","embeddable":true,"href":"https:\/\/pararepublique.com\/index.php\/wp-json\/wp\/v2\/product_tag?post=15673"}],"curies":[{"name":"wp","href":"https:\/\/api.w.org\/{rel}","templated":true}]}}