{"id":15677,"date":"2024-12-26T13:49:58","date_gmt":"2024-12-26T13:49:58","guid":{"rendered":"https:\/\/pararepublique.com\/?post_type=product&#038;p=15677"},"modified":"2024-12-26T13:49:58","modified_gmt":"2024-12-26T13:49:58","slug":"parf-jasmins-marzipane-eau-de-parfum","status":"publish","type":"product","link":"https:\/\/pararepublique.com\/index.php\/product\/parf-jasmins-marzipane-eau-de-parfum\/","title":{"rendered":"PARF JASMINS MARZIPANE EAU DE PARFUM"},"content":{"rendered":"<p>Assemblage<br \/>\nAbsolu De Jasmin Sambac<br \/>\nAbsolu De Jasmin Grandiflorum<br \/>\nSignature<br \/>\nBois D\u2019amande<\/p>\n","protected":false},"excerpt":{"rendered":"<p>Assemblage de deux types de Jasmins naturels cueillis \u00e0 la main, envelopp\u00e9s d\u2019une signature Bois d\u2019Amande. La luminosit\u00e9 rayonnante d\u2019un Absolu de Jasmin Sambac, cueilli \u00e0 l\u2019aurore d\u00e8s le d\u00e9but des r\u00e9coltes, s\u2019associe \u00e0 un Absolu de Jasmin Grandiflorum aux accents cuivr\u00e9s, issu des derni\u00e8res r\u00e9coltes de l\u2019\u00e9t\u00e9.<\/p>\n","protected":false},"featured_media":15678,"comment_status":"open","ping_status":"closed","template":"","meta":{"inline_featured_image":false,"_monsterinsights_skip_tracking":false,"_monsterinsights_sitenote_active":false,"_monsterinsights_sitenote_note":"","_monsterinsights_sitenote_category":0,"_joinchat":[]},"product_cat":[106],"product_tag":[],"class_list":{"0":"post-15677","1":"product","2":"type-product","3":"status-publish","4":"has-post-thumbnail","6":"product_cat-parfumerie","8":"first","9":"instock","10":"shipping-taxable","11":"purchasable","12":"product-type-simple","13":"add-to-wishlist-after_add_to_cart"},"aioseo_notices":[],"_links":{"self":[{"href":"https:\/\/pararepublique.com\/index.php\/wp-json\/wp\/v2\/product\/15677","targetHints":{"allow":["GET"]}}],"collection":[{"href":"https:\/\/pararepublique.com\/index.php\/wp-json\/wp\/v2\/product"}],"about":[{"href":"https:\/\/pararepublique.com\/index.php\/wp-json\/wp\/v2\/types\/product"}],"replies":[{"embeddable":true,"href":"https:\/\/pararepublique.com\/index.php\/wp-json\/wp\/v2\/comments?post=15677"}],"version-history":[{"count":1,"href":"https:\/\/pararepublique.com\/index.php\/wp-json\/wp\/v2\/product\/15677\/revisions"}],"predecessor-version":[{"id":15679,"href":"https:\/\/pararepublique.com\/index.php\/wp-json\/wp\/v2\/product\/15677\/revisions\/15679"}],"wp:featuredmedia":[{"embeddable":true,"href":"https:\/\/pararepublique.com\/index.php\/wp-json\/wp\/v2\/media\/15678"}],"wp:attachment":[{"href":"https:\/\/pararepublique.com\/index.php\/wp-json\/wp\/v2\/media?parent=15677"}],"wp:term":[{"taxonomy":"product_cat","embeddable":true,"href":"https:\/\/pararepublique.com\/index.php\/wp-json\/wp\/v2\/product_cat?post=15677"},{"taxonomy":"product_tag","embeddable":true,"href":"https:\/\/pararepublique.com\/index.php\/wp-json\/wp\/v2\/product_tag?post=15677"}],"curies":[{"name":"wp","href":"https:\/\/api.w.org\/{rel}","templated":true}]}}