{"id":8383,"date":"2024-08-07T13:28:14","date_gmt":"2024-08-07T13:28:14","guid":{"rendered":"https:\/\/pararepublique.com\/?post_type=product&#038;p=8383"},"modified":"2024-08-07T15:29:53","modified_gmt":"2024-08-07T15:29:53","slug":"effaclar-duo","status":"publish","type":"product","link":"https:\/\/pararepublique.com\/index.php\/product\/effaclar-duo\/","title":{"rendered":"EFFACLAR DUO(+)"},"content":{"rendered":"<p>Effaclar DUO+ de La Roche-Posay est un soin triple correction anti-imperfections, d\u00e9sormais enrichi par la science du microbiome, pour une efficacit\u00e9 cibl\u00e9e, m\u00eame sur les imperfections s\u00e9v\u00e8res : anti-boutons, anti-points noirs, anti-marques post-acn\u00e9 et anti-rechute. D\u00e9sormais efficacit\u00e9 visible d\u00e8s 8h*. Anti-boutons, anti-points noirs, anti-marques post-acn\u00e9. Anti-rechute**. Hypoallerg\u00e9nique. Non com\u00e9dog\u00e8ne. Test\u00e9 sous contr\u00f4le dermatologique.<\/p>\n<p>NOUVELLE D\u00c9COUVERTE SCIENTIFIQUE. Dans le microbiome de la peau, les bact\u00e9ries responsables des imperfections sont compos\u00e9es de plusieurs sous-types appel\u00e9s phylotypes. La recherche a montr\u00e9 qu&rsquo;un manque de diversit\u00e9 entre les phylotypes et une pr\u00e9dominance du phylotype IA1 sont associ\u00e9s \u00e0 la prolif\u00e9ration des imperfections et \u00e0 la s\u00e9v\u00e9rit\u00e9 de l&rsquo;acn\u00e9. Nouvelle formule enrichie par la science du microbiome gr\u00e2ce au nouvel actif Phylobioma qui agit sur le phylotype IA1 pour r\u00e9duire les imperfections et la surproduction de s\u00e9bum \u00e0 la source. Son efficacit\u00e9 a \u00e9t\u00e9 prouv\u00e9e sur les peaux grasses \u00e0 tendance acn\u00e9ique.<\/p>\n","protected":false},"excerpt":{"rendered":"<p>Effaclar DUO+ de La Roche-Posay est un soin triple correction anti-imperfections, d\u00e9sormais enrichi par la science du microbiome, pour une efficacit\u00e9 cibl\u00e9e, m\u00eame sur les imperfections s\u00e9v\u00e8res : anti-boutons, anti-points noirs, anti-marques post-acn\u00e9 et anti-rechute. D\u00e9sormais efficacit\u00e9 visible d\u00e8s 8h*. Anti-boutons, anti-points noirs, anti-marques post-acn\u00e9. Anti-rechute**. Hypoallerg\u00e9nique. Non com\u00e9dog\u00e8ne. Test\u00e9 sous contr\u00f4le dermatologique.<\/p>\n","protected":false},"featured_media":8393,"comment_status":"open","ping_status":"closed","template":"","meta":{"inline_featured_image":false,"_monsterinsights_skip_tracking":false,"_monsterinsights_sitenote_active":false,"_monsterinsights_sitenote_note":"","_monsterinsights_sitenote_category":0,"_joinchat":[]},"product_cat":[92],"product_tag":[93],"class_list":{"0":"post-8383","1":"product","2":"type-product","3":"status-publish","4":"has-post-thumbnail","6":"product_cat-la-roche-posay","7":"product_tag-imperfection","9":"first","10":"instock","11":"sale","12":"shipping-taxable","13":"purchasable","14":"product-type-simple","15":"add-to-wishlist-after_add_to_cart"},"aioseo_notices":[],"_links":{"self":[{"href":"https:\/\/pararepublique.com\/index.php\/wp-json\/wp\/v2\/product\/8383","targetHints":{"allow":["GET"]}}],"collection":[{"href":"https:\/\/pararepublique.com\/index.php\/wp-json\/wp\/v2\/product"}],"about":[{"href":"https:\/\/pararepublique.com\/index.php\/wp-json\/wp\/v2\/types\/product"}],"replies":[{"embeddable":true,"href":"https:\/\/pararepublique.com\/index.php\/wp-json\/wp\/v2\/comments?post=8383"}],"version-history":[{"count":0,"href":"https:\/\/pararepublique.com\/index.php\/wp-json\/wp\/v2\/product\/8383\/revisions"}],"wp:featuredmedia":[{"embeddable":true,"href":"https:\/\/pararepublique.com\/index.php\/wp-json\/wp\/v2\/media\/8393"}],"wp:attachment":[{"href":"https:\/\/pararepublique.com\/index.php\/wp-json\/wp\/v2\/media?parent=8383"}],"wp:term":[{"taxonomy":"product_cat","embeddable":true,"href":"https:\/\/pararepublique.com\/index.php\/wp-json\/wp\/v2\/product_cat?post=8383"},{"taxonomy":"product_tag","embeddable":true,"href":"https:\/\/pararepublique.com\/index.php\/wp-json\/wp\/v2\/product_tag?post=8383"}],"curies":[{"name":"wp","href":"https:\/\/api.w.org\/{rel}","templated":true}]}}