{"id":8405,"date":"2024-08-07T15:16:49","date_gmt":"2024-08-07T15:16:49","guid":{"rendered":"https:\/\/pararepublique.com\/?post_type=product&#038;p=8405"},"modified":"2024-08-07T15:20:20","modified_gmt":"2024-08-07T15:20:20","slug":"crealine-ds-creme","status":"publish","type":"product","link":"https:\/\/pararepublique.com\/index.php\/product\/crealine-ds-creme\/","title":{"rendered":"Cr\u00e9aline DS cr\u00e9me"},"content":{"rendered":"<p>Cr\u00e9aline DS+ Cr\u00e8me permet de lutter contre l\u2019origine des rougeurs et des \u00e9tats squameux : elle contribue \u00e0 limiter la prolif\u00e9ration de la levure Malassezia, agent irritant responsable de l&rsquo;aggravation de l&rsquo;\u00e9tat cutan\u00e9.<br \/>\nLes agents apaisants et \u00e9mollients de Cr\u00e9aline DS+ Cr\u00e8me (enoxolone et huile de coco) apaisent les peaux irrit\u00e9es et r\u00e9duisent visiblement les rougeurs et la formation de squames.<\/p>\n<p>Le complexe dermo-brevet\u00e9 D.A.F.TM* augmente le seuil de tol\u00e9rance de la peau.<\/p>\n","protected":false},"excerpt":{"rendered":"<p>Cr\u00e9aline DS+ Cr\u00e8me permet de lutter contre l\u2019origine des rougeurs et des \u00e9tats squameux : elle contribue \u00e0 limiter la prolif\u00e9ration de la levure Malassezia, agent irritant responsable de l&rsquo;aggravation de l&rsquo;\u00e9tat cutan\u00e9.<\/p>\n","protected":false},"featured_media":8407,"comment_status":"open","ping_status":"closed","template":"","meta":{"inline_featured_image":false,"_monsterinsights_skip_tracking":false,"_monsterinsights_sitenote_active":false,"_monsterinsights_sitenote_note":"","_monsterinsights_sitenote_category":0,"_joinchat":[]},"product_cat":[95],"product_tag":[96],"class_list":{"0":"post-8405","1":"product","2":"type-product","3":"status-publish","4":"has-post-thumbnail","6":"product_cat-bio","7":"product_tag-crealine","9":"first","10":"instock","11":"sale","12":"shipping-taxable","13":"purchasable","14":"product-type-simple","15":"add-to-wishlist-after_add_to_cart"},"aioseo_notices":[],"_links":{"self":[{"href":"https:\/\/pararepublique.com\/index.php\/wp-json\/wp\/v2\/product\/8405","targetHints":{"allow":["GET"]}}],"collection":[{"href":"https:\/\/pararepublique.com\/index.php\/wp-json\/wp\/v2\/product"}],"about":[{"href":"https:\/\/pararepublique.com\/index.php\/wp-json\/wp\/v2\/types\/product"}],"replies":[{"embeddable":true,"href":"https:\/\/pararepublique.com\/index.php\/wp-json\/wp\/v2\/comments?post=8405"}],"version-history":[{"count":0,"href":"https:\/\/pararepublique.com\/index.php\/wp-json\/wp\/v2\/product\/8405\/revisions"}],"wp:featuredmedia":[{"embeddable":true,"href":"https:\/\/pararepublique.com\/index.php\/wp-json\/wp\/v2\/media\/8407"}],"wp:attachment":[{"href":"https:\/\/pararepublique.com\/index.php\/wp-json\/wp\/v2\/media?parent=8405"}],"wp:term":[{"taxonomy":"product_cat","embeddable":true,"href":"https:\/\/pararepublique.com\/index.php\/wp-json\/wp\/v2\/product_cat?post=8405"},{"taxonomy":"product_tag","embeddable":true,"href":"https:\/\/pararepublique.com\/index.php\/wp-json\/wp\/v2\/product_tag?post=8405"}],"curies":[{"name":"wp","href":"https:\/\/api.w.org\/{rel}","templated":true}]}}