{"id":8413,"date":"2024-08-07T15:27:55","date_gmt":"2024-08-07T15:27:55","guid":{"rendered":"https:\/\/pararepublique.com\/?post_type=product&#038;p=8413"},"modified":"2024-08-07T15:27:55","modified_gmt":"2024-08-07T15:27:55","slug":"hydrabio","status":"publish","type":"product","link":"https:\/\/pararepublique.com\/index.php\/product\/hydrabio\/","title":{"rendered":"Hydrabio"},"content":{"rendered":"<p>Tous les types de peau (s\u00e8che, grasse, mixte) peuvent pr\u00e9senter un probl\u00e8me de d\u00e9shydratation. Avec ce manque d\u2019eau, la peau tiraille, le teint devient terne.<br \/>\nLa solution BIODERMA : Hydrabio, une gamme d\u00e9di\u00e9e aux peaux d\u00e9shydrat\u00e9es qui propose une routine compl\u00e8te de l\u2019hygi\u00e8ne jusqu\u2019au soin. Nettoyants sp\u00e9cifiques pour peau d\u00e9shydrat\u00e9e (eau micellaire et lait), s\u00e9rum g\u00e9n\u00e9rateur d\u2019hydratation, perfecteur de peau,  cr\u00e8me riche et brume apaisante\u2026 choisissez votre routine !<\/p>\n","protected":false},"excerpt":{"rendered":"<p>Tous les types de peau (s\u00e8che, grasse, mixte) peuvent pr\u00e9senter un probl\u00e8me de d\u00e9shydratation. Avec ce manque d\u2019eau, la peau tiraille, le teint devient terne. <\/p>\n","protected":false},"featured_media":8414,"comment_status":"open","ping_status":"closed","template":"","meta":{"inline_featured_image":false,"_monsterinsights_skip_tracking":false,"_monsterinsights_sitenote_active":false,"_monsterinsights_sitenote_note":"","_monsterinsights_sitenote_category":0,"_joinchat":[]},"product_cat":[95],"product_tag":[98],"class_list":{"0":"post-8413","1":"product","2":"type-product","3":"status-publish","4":"has-post-thumbnail","6":"product_cat-bio","7":"product_tag-hydrabio","9":"first","10":"instock","11":"sale","12":"shipping-taxable","13":"purchasable","14":"product-type-simple","15":"add-to-wishlist-after_add_to_cart"},"aioseo_notices":[],"_links":{"self":[{"href":"https:\/\/pararepublique.com\/index.php\/wp-json\/wp\/v2\/product\/8413","targetHints":{"allow":["GET"]}}],"collection":[{"href":"https:\/\/pararepublique.com\/index.php\/wp-json\/wp\/v2\/product"}],"about":[{"href":"https:\/\/pararepublique.com\/index.php\/wp-json\/wp\/v2\/types\/product"}],"replies":[{"embeddable":true,"href":"https:\/\/pararepublique.com\/index.php\/wp-json\/wp\/v2\/comments?post=8413"}],"version-history":[{"count":0,"href":"https:\/\/pararepublique.com\/index.php\/wp-json\/wp\/v2\/product\/8413\/revisions"}],"wp:featuredmedia":[{"embeddable":true,"href":"https:\/\/pararepublique.com\/index.php\/wp-json\/wp\/v2\/media\/8414"}],"wp:attachment":[{"href":"https:\/\/pararepublique.com\/index.php\/wp-json\/wp\/v2\/media?parent=8413"}],"wp:term":[{"taxonomy":"product_cat","embeddable":true,"href":"https:\/\/pararepublique.com\/index.php\/wp-json\/wp\/v2\/product_cat?post=8413"},{"taxonomy":"product_tag","embeddable":true,"href":"https:\/\/pararepublique.com\/index.php\/wp-json\/wp\/v2\/product_tag?post=8413"}],"curies":[{"name":"wp","href":"https:\/\/api.w.org\/{rel}","templated":true}]}}