{"id":8427,"date":"2024-08-07T15:54:06","date_gmt":"2024-08-07T15:54:06","guid":{"rendered":"https:\/\/pararepublique.com\/?post_type=product&#038;p=8427"},"modified":"2025-10-03T00:16:30","modified_gmt":"2025-10-03T00:16:30","slug":"ylang-ylang","status":"publish","type":"product","link":"https:\/\/pararepublique.com\/index.php\/product\/ylang-ylang\/","title":{"rendered":"Ylang Ylang"},"content":{"rendered":"<p>L&rsquo;huile essentielle d&rsquo;Ylang-ylang compl\u00e8te est reconnue pour agir contre le stress et l&rsquo;agitation. Son parfum puissant et voluptueux est r\u00e9put\u00e9 comme \u00e9tant un aphrodisiaque incontournable. L&rsquo;huile essentielle d&rsquo;Ylang-ylang est \u00e9galement l&rsquo;une des huiles essentielles les plus utilis\u00e9es dans les soins des cheveux, leur procurant force et brillance. En olfactoth\u00e9rapie psycho-\u00e9nerg\u00e9tique, elle contribue notamment \u00e0 calmer col\u00e8re, rage, irritabilit\u00e9, tout en facilitant la communication chez les intravertis.<\/p>\n","protected":false},"excerpt":{"rendered":"<p>L&rsquo;huile essentielle d&rsquo;Ylang-ylang compl\u00e8te est reconnue pour agir contre le stress et l&rsquo;agitation. Son parfum puissant et voluptueux est r\u00e9put\u00e9 comme \u00e9tant un aphrodisiaque incontournable. L&rsquo;huile essentielle d&rsquo;Ylang-ylang est \u00e9galement l&rsquo;une des huiles essentielles les plus utilis\u00e9es dans les soins des cheveux, leur procurant force et brillance. En olfactoth\u00e9rapie psycho-\u00e9nerg\u00e9tique, elle contribue notamment \u00e0 calmer col\u00e8re, rage, irritabilit\u00e9, tout en facilitant la communication chez les intravertis.<\/p>\n","protected":false},"featured_media":8428,"comment_status":"open","ping_status":"closed","template":"","meta":{"inline_featured_image":false,"_monsterinsights_skip_tracking":false,"_monsterinsights_sitenote_active":false,"_monsterinsights_sitenote_note":"","_monsterinsights_sitenote_category":0,"_joinchat":[]},"product_cat":[99],"product_tag":[101],"class_list":{"0":"post-8427","1":"product","2":"type-product","3":"status-publish","4":"has-post-thumbnail","6":"product_cat-puressentiel","7":"product_tag-ylang","9":"first","10":"instock","11":"sale","12":"shipping-taxable","13":"purchasable","14":"product-type-simple","15":"add-to-wishlist-after_add_to_cart"},"aioseo_notices":[],"_links":{"self":[{"href":"https:\/\/pararepublique.com\/index.php\/wp-json\/wp\/v2\/product\/8427","targetHints":{"allow":["GET"]}}],"collection":[{"href":"https:\/\/pararepublique.com\/index.php\/wp-json\/wp\/v2\/product"}],"about":[{"href":"https:\/\/pararepublique.com\/index.php\/wp-json\/wp\/v2\/types\/product"}],"replies":[{"embeddable":true,"href":"https:\/\/pararepublique.com\/index.php\/wp-json\/wp\/v2\/comments?post=8427"}],"version-history":[{"count":0,"href":"https:\/\/pararepublique.com\/index.php\/wp-json\/wp\/v2\/product\/8427\/revisions"}],"wp:featuredmedia":[{"embeddable":true,"href":"https:\/\/pararepublique.com\/index.php\/wp-json\/wp\/v2\/media\/8428"}],"wp:attachment":[{"href":"https:\/\/pararepublique.com\/index.php\/wp-json\/wp\/v2\/media?parent=8427"}],"wp:term":[{"taxonomy":"product_cat","embeddable":true,"href":"https:\/\/pararepublique.com\/index.php\/wp-json\/wp\/v2\/product_cat?post=8427"},{"taxonomy":"product_tag","embeddable":true,"href":"https:\/\/pararepublique.com\/index.php\/wp-json\/wp\/v2\/product_tag?post=8427"}],"curies":[{"name":"wp","href":"https:\/\/api.w.org\/{rel}","templated":true}]}}